{"id":1570,"date":"2017-02-16T15:42:17","date_gmt":"2017-02-16T15:42:17","guid":{"rendered":"https:\/\/villadianthe.com\/welkom-in-villa-dianthe\/"},"modified":"2026-04-18T21:53:18","modified_gmt":"2026-04-18T18:53:18","slug":"welkom-in-villa-dianthe","status":"publish","type":"page","link":"https:\/\/staging.villadianthe.com\/nl\/","title":{"rendered":"Welkom in Villa Dianthe"},"content":{"rendered":"<div class=\"et_pb_section_0 et_pb_section et_section_regular et_block_section\">\n<div class=\"et_pb_row_0 et_pb_row et_flex_row\">\n<div class=\"et_pb_column_0 et_pb_column et-last-child et_flex_column et_pb_css_mix_blend_mode_passthrough et_flex_column_24_24 et_flex_column_24_24_tablet et_flex_column_24_24_phone\">\n<div class=\"et_pb_post_title_0 et_pb_post_title et_pb_bg_layout_light et_pb_module et_flex_module preset--group--divi-post-title--divi-font--hm5q2bb--default preset--group--divi-post-title--divi-font--h3vve90--default\"><div class=\"et_pb_title_container\"><h1 class=\"entry-title\">Welkom in Villa Dianthe<\/h1><\/div><\/div>\n<\/div>\n<\/div>\n\n<div class=\"et_pb_row_1 et_pb_row et_block_row\">\n<div class=\"et_pb_column_1 et_pb_column et_pb_column_4_4 et-last-child et_block_column et_pb_css_mix_blend_mode_passthrough\">\n<div class=\"et_pb_text_0 et_pb_text et_pb_bg_layout_light et_pb_module et_block_module\"><div class=\"et_pb_text_inner\"><p><span style=\"font-size: 14pt;\">Luxe appartementen van uitzonderlijke kwaliteit in Mirtos, die het hele jaar door geopend zijn<\/span><\/p>\n<\/div><\/div>\n\n<div class=\"et_pb_video_0 et_pb_video et_pb_module et_flex_module\"><div class=\"et_pb_video_box\"><iframe loading=\"lazy\" title=\"Welkom in Villa Dianthe\" src=\"https:\/\/player.vimeo.com\/video\/504358491?dnt=1&amp;app_id=122963\" width=\"1080\" height=\"608\" frameborder=\"0\" allow=\"autoplay; fullscreen; picture-in-picture; clipboard-write; encrypted-media; web-share\" referrerpolicy=\"strict-origin-when-cross-origin\"><\/iframe><\/div><\/div>\n<\/div>\n<\/div>\n\n<div class=\"et_pb_row_2 et_pb_row et_pb_row_3-4_1-4 et_pb_equal_columns et_pb_gutters1 et_block_row et_block_row_3-4_1-4\">\n<div class=\"et_pb_column_2 et_pb_column et_pb_column_3_4 et_block_column et_pb_css_mix_blend_mode_passthrough boxsetshad\">\n<div class=\"et_pb_text_1 et_pb_text et_pb_bg_layout_light et_pb_module et_block_module preset--group--divi-text--divi-font-header--h1y3ko5--bfxtf3vf2b\"><div class=\"et_pb_text_inner\"><h2>Appartementen<\/h2>\n<p>Op een prachtige locatie aan de rand van het leuke, rustige dorp Mirtos in het zuidoosten van Kreta vindt u het in 2009 gebouwde Villa Dianthe met daarin vijf schitterende, zeer ruime appartementen; vier driekamerappartementen en 1 vierkamer appartement. Vanuit alle appartementen kunt u genieten van een prachtig uitzicht over de groene omgeving, de zee en het dorp. De ruime appartementen hebben ieder een eigen opgang en zijn van alle gemakken voorzien.<\/p>\n<h2>Luxe<\/h2>\n<p>Ieder appartement bestaat uit een grote woonkamer, twee (driekamerappartementen) of drie (vierkamerappartement) slaapkamers, een ruim balkon aan de zeezijde - of een terras met tuinzicht - en een keurige badkamer met douche, toilet en vaste wastafel. Het vierkamerappartement beschikt, naast een extra slaapkamer, over twee badkamers. Alle slaapkamers en de woonkamer zijn voorzien van airconditioning. Verder kunt u in alle appartementen gebruik maken van een kluisje en draadloos internet. De driekamerappartementen zijn voorzien van \u00e9\u00e9n slaapkamer met een tweepersoonsbed, en \u00e9\u00e9n slaapkamer met twee eenpersoonsbedden. Het vierkamerappartement beschikt over een extra slaapkamer met twee eenpersoonsbedden. Alle bedden zijn voorzien van goede, comfortabele pocketveringsmatrassen. In de grote woonkamer met slaapbank, eethoek, satelliettelevisie e.d. vindt u ook de uitstekend uitgeruste ruime keuken met o.a. keramische kookplaat, combimagnetron, vaatwasser, afzuigkap en alle denkbare keukenapparatuur. Ook een koffiezetapparaat en een Nespresso of Senseo machine, waterkoker e.d. ontbreken niet.<\/p>\n<div class=\"jurblokje\">Om het gebruik van plastic waterflessen te voorkomen, hebben we een waterfilterinstallatie ge\u00efnstalleerd. Zo kunt u gratis drinkwater tappen.<\/div>\n<h2>Uitzonderlijke kwaliteit<\/h2>\n<p>De driekamerappartementen zijn geschikt voor een bewoning door maximaal 5 \u00e0 6 personen, het vierkamerappartement voor 7 \u00e0 8 personen. Alle appartementen zijn van een uitzonderlijke kwaliteit. Villa Dianthe ligt op ongeveer 450 meter van de winkeltjes, taverna's, boulevard en het strand. De weg naar het dorp en strand kent bijna geen hoogteverschillen en is daardoor voor iedereen heel goed te bewandelen.<\/p>\n<h2>Overwinteren in Mirtos<\/h2>\n<p><strong>De appartementen zijn het hele jaar geopend.<\/strong> Door het zachte klimaat in zuid-oost Kreta en de grootte en kwaliteit van de appartementen <strong>zijn de appartementen van Villa Dianthe ook uitstekend geschikt voor overwinteren.<\/strong> Ook het dorp Mirtos is in de winter normaal bewoond en de bakker, de slager, de beide supermarkten en een paar restaurantjes zijn gewoon open! Voor onze overwinteraars hebben we ook de<a href=\"https:\/\/staging.villadianthe.com\/nl\/prijzen\/\"> prijzen per maand<\/a> vermeld, voor nog langere periodes: prijzen op aanvraag.<br \/>\nBij een verblijf in de winter geldt een speciale maandprijs of een prijs die we specifiek overeenkomen. Tevens gelden afwijkende voorwaarden. Deze zijn in te zien in de <a href=\"https:\/\/documents.staticdata.nl\/boekingsvoorwaarden-villa-dianthe-05-03-2024.pdf\" target=\"_blank\" rel=\"noopener\" title=\"PDF in een nieuwe tab\">boekingsvoorwaarden<\/a> onder \"Overwinteren\".<\/p>\n<\/div><\/div>\n\n<div class=\"et_pb_divider_0 et_pb_divider_hidden et_pb_space et_pb_divider_position_top et_pb_module\"><div class=\"et_pb_divider_internal\"><\/div><\/div>\n<\/div>\n\n<div class=\"et_pb_column_3 et_pb_column et_pb_column_1_4 et-last-child et_block_column et_pb_css_mix_blend_mode_passthrough boxsetshad\" id=\"stickscroll\">\n<div class=\"et_pb_gallery_0 et_pb_gallery et_pb_bg_layout_light et_pb_gallery_grid et_pb_module preset--group--divi-gallery--divi-font--hm5q2bb--default preset--group--divi-gallery--divi-font--h2ea9xh--default preset--group--divi-gallery--divi-font--hazxa49--default\" data-auto-rotate=\"off\" data-auto-rotate-speed=\"\"><div class=\"et_pb_gallery_items et_post_gallery clearfix et_grid_module\" data-per_page=\"4\"><div class=\"et_pb_gallery_item et_pb_grid_item et_pb_gallery_item_0_0\"><div class=\"et_pb_gallery_image landscape\" data-per_page=\"4\"><a href=\"https:\/\/staging.villadianthe.com\/wp-content\/uploads\/2024\/04\/villa-dianthe-front-20.webp\" title=\"villa-dianthe-front-20\"><img loading=\"lazy\" decoding=\"async\" width=\"1200\" height=\"900\" src=\"https:\/\/staging.villadianthe.com\/wp-content\/uploads\/2024\/04\/villa-dianthe-front-20.webp\" alt=\"\" class=\"wp-image-219083\" srcset=\"https:\/\/staging.villadianthe.com\/wp-content\/uploads\/2024\/04\/villa-dianthe-front-20.webp 479w, https:\/\/staging.villadianthe.com\/wp-content\/uploads\/2024\/04\/villa-dianthe-front-20.webp 480w\" sizes=\"(max-width:479px) 479px, 100vw\" \/><span class=\"et_overlay\" data-icon=\"\" data-icon-tablet=\"\" data-icon-phone=\"\"><\/span><\/a><\/div><\/div><div class=\"et_pb_gallery_item et_pb_grid_item et_pb_gallery_item_0_1\"><div class=\"et_pb_gallery_image landscape\" data-per_page=\"4\"><a href=\"https:\/\/staging.villadianthe.com\/wp-content\/uploads\/2024\/04\/villa-dianthe-front-29.webp\" title=\"villa-dianthe-front-29\"><img loading=\"lazy\" decoding=\"async\" width=\"1280\" height=\"1280\" src=\"https:\/\/staging.villadianthe.com\/wp-content\/uploads\/2024\/04\/villa-dianthe-front-29.webp\" alt=\"\" class=\"wp-image-219087\" srcset=\"https:\/\/staging.villadianthe.com\/wp-content\/uploads\/2024\/04\/villa-dianthe-front-29.webp 479w, https:\/\/staging.villadianthe.com\/wp-content\/uploads\/2024\/04\/villa-dianthe-front-29.webp 480w\" sizes=\"(max-width:479px) 479px, 100vw\" \/><span class=\"et_overlay\" data-icon=\"\" data-icon-tablet=\"\" data-icon-phone=\"\"><\/span><\/a><\/div><\/div><div class=\"et_pb_gallery_item et_pb_grid_item et_pb_gallery_item_0_2\"><div class=\"et_pb_gallery_image landscape\" data-per_page=\"4\"><a href=\"https:\/\/staging.villadianthe.com\/wp-content\/uploads\/2024\/04\/villa-dianthe-apartment-01-09.webp\" title=\"villa-dianthe-apartment-01-09\"><img loading=\"lazy\" decoding=\"async\" width=\"1200\" height=\"900\" src=\"https:\/\/staging.villadianthe.com\/wp-content\/uploads\/2024\/04\/villa-dianthe-apartment-01-09.webp\" alt=\"\" class=\"wp-image-219075\" srcset=\"https:\/\/staging.villadianthe.com\/wp-content\/uploads\/2024\/04\/villa-dianthe-apartment-01-09.webp 479w, https:\/\/staging.villadianthe.com\/wp-content\/uploads\/2024\/04\/villa-dianthe-apartment-01-09.webp 480w\" sizes=\"(max-width:479px) 479px, 100vw\" \/><span class=\"et_overlay\" data-icon=\"\" data-icon-tablet=\"\" data-icon-phone=\"\"><\/span><\/a><\/div><\/div><div class=\"et_pb_gallery_item et_pb_grid_item et_pb_gallery_item_0_3\"><div class=\"et_pb_gallery_image landscape\" data-per_page=\"4\"><a href=\"https:\/\/staging.villadianthe.com\/wp-content\/uploads\/2024\/04\/bicycles-villa-dianthe.webp\" title=\"bicycles-villa-dianthe\"><img loading=\"lazy\" decoding=\"async\" width=\"925\" height=\"800\" src=\"https:\/\/staging.villadianthe.com\/wp-content\/uploads\/2024\/04\/bicycles-villa-dianthe.webp\" alt=\"\" class=\"wp-image-219059\" srcset=\"https:\/\/staging.villadianthe.com\/wp-content\/uploads\/2024\/04\/bicycles-villa-dianthe.webp 479w, https:\/\/staging.villadianthe.com\/wp-content\/uploads\/2024\/04\/bicycles-villa-dianthe.webp 480w\" sizes=\"(max-width:479px) 479px, 100vw\" \/><span class=\"et_overlay\" data-icon=\"\" data-icon-tablet=\"\" data-icon-phone=\"\"><\/span><\/a><\/div><\/div><div class=\"et_pb_gallery_item et_pb_grid_item et_pb_gallery_item_0_4\"><div class=\"et_pb_gallery_image landscape\" data-per_page=\"4\"><a href=\"https:\/\/staging.villadianthe.com\/wp-content\/uploads\/2024\/04\/villa-dianthe-inside-28.webp\" title=\"villa-dianthe-inside-28\"><img loading=\"lazy\" decoding=\"async\" width=\"1200\" height=\"900\" src=\"https:\/\/staging.villadianthe.com\/wp-content\/uploads\/2024\/04\/villa-dianthe-inside-28.webp\" alt=\"\" class=\"wp-image-219107\" srcset=\"https:\/\/staging.villadianthe.com\/wp-content\/uploads\/2024\/04\/villa-dianthe-inside-28.webp 479w, https:\/\/staging.villadianthe.com\/wp-content\/uploads\/2024\/04\/villa-dianthe-inside-28.webp 480w\" sizes=\"(max-width:479px) 479px, 100vw\" \/><span class=\"et_overlay\" data-icon=\"\" data-icon-tablet=\"\" data-icon-phone=\"\"><\/span><\/a><\/div><\/div><div class=\"et_pb_gallery_item et_pb_grid_item et_pb_gallery_item_0_5\"><div class=\"et_pb_gallery_image landscape\" data-per_page=\"4\"><a href=\"https:\/\/staging.villadianthe.com\/wp-content\/uploads\/2024\/04\/boldercar.webp\" title=\"boldercar\"><img loading=\"lazy\" decoding=\"async\" width=\"482\" height=\"691\" src=\"https:\/\/staging.villadianthe.com\/wp-content\/uploads\/2024\/04\/boldercar.webp\" alt=\"\" class=\"wp-image-219063\" srcset=\"https:\/\/staging.villadianthe.com\/wp-content\/uploads\/2024\/04\/boldercar.webp 479w, https:\/\/staging.villadianthe.com\/wp-content\/uploads\/2024\/04\/boldercar.webp 480w\" sizes=\"(max-width:479px) 479px, 100vw\" \/><span class=\"et_overlay\" data-icon=\"\" data-icon-tablet=\"\" data-icon-phone=\"\"><\/span><\/a><\/div><\/div><div class=\"et_pb_gallery_item et_pb_grid_item et_pb_gallery_item_0_6\"><div class=\"et_pb_gallery_image landscape\" data-per_page=\"4\"><a href=\"https:\/\/staging.villadianthe.com\/wp-content\/uploads\/2024\/04\/villadianthe.com-apartment-4-03.webp\" title=\"villadianthe.com-apartment-4-03\"><img loading=\"lazy\" decoding=\"async\" width=\"1200\" height=\"800\" src=\"https:\/\/staging.villadianthe.com\/wp-content\/uploads\/2024\/04\/villadianthe.com-apartment-4-03.webp\" alt=\"\" class=\"wp-image-219071\" srcset=\"https:\/\/staging.villadianthe.com\/wp-content\/uploads\/2024\/04\/villadianthe.com-apartment-4-03.webp 479w, https:\/\/staging.villadianthe.com\/wp-content\/uploads\/2024\/04\/villadianthe.com-apartment-4-03.webp 480w\" sizes=\"(max-width:479px) 479px, 100vw\" \/><span class=\"et_overlay\" data-icon=\"\" data-icon-tablet=\"\" data-icon-phone=\"\"><\/span><\/a><\/div><\/div><div class=\"et_pb_gallery_item et_pb_grid_item et_pb_gallery_item_0_7\"><div class=\"et_pb_gallery_image landscape\" data-per_page=\"4\"><a href=\"https:\/\/staging.villadianthe.com\/wp-content\/uploads\/2024\/04\/villa-dianthe-inside-25.webp\" title=\"villa-dianthe-inside-25\"><img loading=\"lazy\" decoding=\"async\" width=\"1200\" height=\"900\" src=\"https:\/\/staging.villadianthe.com\/wp-content\/uploads\/2024\/04\/villa-dianthe-inside-25.webp\" alt=\"\" class=\"wp-image-219095\" srcset=\"https:\/\/staging.villadianthe.com\/wp-content\/uploads\/2024\/04\/villa-dianthe-inside-25.webp 479w, https:\/\/staging.villadianthe.com\/wp-content\/uploads\/2024\/04\/villa-dianthe-inside-25.webp 480w\" sizes=\"(max-width:479px) 479px, 100vw\" \/><span class=\"et_overlay\" data-icon=\"\" data-icon-tablet=\"\" data-icon-phone=\"\"><\/span><\/a><\/div><\/div><div class=\"et_pb_gallery_item et_pb_grid_item et_pb_gallery_item_0_8\"><div class=\"et_pb_gallery_image landscape\" data-per_page=\"4\"><a href=\"https:\/\/staging.villadianthe.com\/wp-content\/uploads\/2024\/04\/villa-dianthe-inside-26.webp\" title=\"villa-dianthe-inside-26\"><img loading=\"lazy\" decoding=\"async\" width=\"1200\" height=\"900\" src=\"https:\/\/staging.villadianthe.com\/wp-content\/uploads\/2024\/04\/villa-dianthe-inside-26.webp\" alt=\"\" class=\"wp-image-219099\" srcset=\"https:\/\/staging.villadianthe.com\/wp-content\/uploads\/2024\/04\/villa-dianthe-inside-26.webp 479w, https:\/\/staging.villadianthe.com\/wp-content\/uploads\/2024\/04\/villa-dianthe-inside-26.webp 480w\" sizes=\"(max-width:479px) 479px, 100vw\" \/><span class=\"et_overlay\" data-icon=\"\" data-icon-tablet=\"\" data-icon-phone=\"\"><\/span><\/a><\/div><\/div><div class=\"et_pb_gallery_item et_pb_grid_item et_pb_gallery_item_0_9\"><div class=\"et_pb_gallery_image landscape\" data-per_page=\"4\"><a href=\"https:\/\/staging.villadianthe.com\/wp-content\/uploads\/2024\/04\/villa-dianthe-bathroom.webp\" title=\"villa-dianthe-bathroom\"><img loading=\"lazy\" decoding=\"async\" width=\"900\" height=\"1350\" src=\"https:\/\/staging.villadianthe.com\/wp-content\/uploads\/2024\/04\/villa-dianthe-bathroom.webp\" alt=\"\" class=\"wp-image-219079\" srcset=\"https:\/\/staging.villadianthe.com\/wp-content\/uploads\/2024\/04\/villa-dianthe-bathroom.webp 479w, https:\/\/staging.villadianthe.com\/wp-content\/uploads\/2024\/04\/villa-dianthe-bathroom.webp 480w\" sizes=\"(max-width:479px) 479px, 100vw\" \/><span class=\"et_overlay\" data-icon=\"\" data-icon-tablet=\"\" data-icon-phone=\"\"><\/span><\/a><\/div><\/div><div class=\"et_pb_gallery_item et_pb_grid_item et_pb_gallery_item_0_10\"><div class=\"et_pb_gallery_image landscape\" data-per_page=\"4\"><a href=\"https:\/\/staging.villadianthe.com\/wp-content\/uploads\/2024\/04\/villa-dianthe-inside-27.webp\" title=\"villa-dianthe-inside-27\"><img loading=\"lazy\" decoding=\"async\" width=\"1200\" height=\"900\" src=\"https:\/\/staging.villadianthe.com\/wp-content\/uploads\/2024\/04\/villa-dianthe-inside-27.webp\" alt=\"\" class=\"wp-image-219103\" srcset=\"https:\/\/staging.villadianthe.com\/wp-content\/uploads\/2024\/04\/villa-dianthe-inside-27.webp 479w, https:\/\/staging.villadianthe.com\/wp-content\/uploads\/2024\/04\/villa-dianthe-inside-27.webp 480w\" sizes=\"(max-width:479px) 479px, 100vw\" \/><span class=\"et_overlay\" data-icon=\"\" data-icon-tablet=\"\" data-icon-phone=\"\"><\/span><\/a><\/div><\/div><div class=\"et_pb_gallery_item et_pb_grid_item et_pb_gallery_item_0_11\"><div class=\"et_pb_gallery_image landscape\" data-per_page=\"4\"><a href=\"https:\/\/staging.villadianthe.com\/wp-content\/uploads\/2024\/04\/villa-dianthe-inside-29.webp\" title=\"villa-dianthe-inside-29\"><img loading=\"lazy\" decoding=\"async\" width=\"1200\" height=\"900\" src=\"https:\/\/staging.villadianthe.com\/wp-content\/uploads\/2024\/04\/villa-dianthe-inside-29.webp\" alt=\"\" class=\"wp-image-219111\" srcset=\"https:\/\/staging.villadianthe.com\/wp-content\/uploads\/2024\/04\/villa-dianthe-inside-29.webp 479w, https:\/\/staging.villadianthe.com\/wp-content\/uploads\/2024\/04\/villa-dianthe-inside-29.webp 480w\" sizes=\"(max-width:479px) 479px, 100vw\" \/><span class=\"et_overlay\" data-icon=\"\" data-icon-tablet=\"\" data-icon-phone=\"\"><\/span><\/a><\/div><\/div><div class=\"et_pb_gallery_item et_pb_grid_item et_pb_gallery_item_0_12\"><div class=\"et_pb_gallery_image landscape\" data-per_page=\"4\"><a href=\"https:\/\/staging.villadianthe.com\/wp-content\/uploads\/2024\/04\/villa-dianthe-inside-30.webp\" title=\"villa-dianthe-inside-30\"><img loading=\"lazy\" decoding=\"async\" width=\"1200\" height=\"900\" src=\"https:\/\/staging.villadianthe.com\/wp-content\/uploads\/2024\/04\/villa-dianthe-inside-30.webp\" alt=\"\" class=\"wp-image-219115\" srcset=\"https:\/\/staging.villadianthe.com\/wp-content\/uploads\/2024\/04\/villa-dianthe-inside-30.webp 479w, https:\/\/staging.villadianthe.com\/wp-content\/uploads\/2024\/04\/villa-dianthe-inside-30.webp 480w\" sizes=\"(max-width:479px) 479px, 100vw\" \/><span class=\"et_overlay\" data-icon=\"\" data-icon-tablet=\"\" data-icon-phone=\"\"><\/span><\/a><\/div><\/div><div class=\"et_pb_gallery_item et_pb_grid_item et_pb_gallery_item_0_13\"><div class=\"et_pb_gallery_image landscape\" data-per_page=\"4\"><a href=\"https:\/\/staging.villadianthe.com\/wp-content\/uploads\/2024\/04\/villa-dianthe-inside-20.webp\" title=\"villa-dianthe-inside-20\"><img loading=\"lazy\" decoding=\"async\" width=\"1200\" height=\"900\" src=\"https:\/\/staging.villadianthe.com\/wp-content\/uploads\/2024\/04\/villa-dianthe-inside-20.webp\" alt=\"\" class=\"wp-image-219091\" srcset=\"https:\/\/staging.villadianthe.com\/wp-content\/uploads\/2024\/04\/villa-dianthe-inside-20.webp 479w, https:\/\/staging.villadianthe.com\/wp-content\/uploads\/2024\/04\/villa-dianthe-inside-20.webp 480w\" sizes=\"(max-width:479px) 479px, 100vw\" \/><span class=\"et_overlay\" data-icon=\"\" data-icon-tablet=\"\" data-icon-phone=\"\"><\/span><\/a><\/div><\/div><div class=\"et_pb_gallery_item et_pb_grid_item et_pb_gallery_item_0_14\"><div class=\"et_pb_gallery_image landscape\" data-per_page=\"4\"><a href=\"https:\/\/staging.villadianthe.com\/wp-content\/uploads\/2024\/04\/vila-dianthe-com-apartment-03-3.webp\" title=\"vila-dianthe-com-apartment-03-3\"><img loading=\"lazy\" decoding=\"async\" width=\"1200\" height=\"800\" src=\"https:\/\/staging.villadianthe.com\/wp-content\/uploads\/2024\/04\/vila-dianthe-com-apartment-03-3.webp\" alt=\"\" class=\"wp-image-219067\" srcset=\"https:\/\/staging.villadianthe.com\/wp-content\/uploads\/2024\/04\/vila-dianthe-com-apartment-03-3.webp 479w, https:\/\/staging.villadianthe.com\/wp-content\/uploads\/2024\/04\/vila-dianthe-com-apartment-03-3.webp 480w\" sizes=\"(max-width:479px) 479px, 100vw\" \/><span class=\"et_overlay\" data-icon=\"\" data-icon-tablet=\"\" data-icon-phone=\"\"><\/span><\/a><\/div><\/div><\/div><div class=\"et_pb_gallery_pagination\"><\/div><\/div>\n<\/div>\n<\/div>\n\n<div class=\"et_pb_row_3 et_pb_row et_pb_gutters1 et_block_row\">\n<div class=\"et_pb_column_4 et_pb_column et_pb_column_4_4 et-last-child et_block_column et_pb_css_mix_blend_mode_passthrough\">\n<div class=\"et_pb_text_2 et_pb_text et_pb_bg_layout_light et_pb_module et_block_module\"><div class=\"et_pb_text_inner\"><h3>Platte\u00adgronden<\/h3>\n<\/div><\/div>\n<\/div>\n<\/div>\n\n<div class=\"et_pb_row_4 et_pb_row et_pb_equal_columns et_pb_gutters1 et_block_row\">\n<div class=\"et_pb_column_5 et_pb_column et_pb_column_1_3 et_block_column et_pb_css_mix_blend_mode_passthrough\">\n<div class=\"et_pb_image_0 et_pb_image et_pb_has_overlay et_pb_module et_block_module\"><a href=\"https:\/\/staging.villadianthe.com\/wp-content\/uploads\/2024\/04\/villadianthe.com-apartment-1-floor-plan.jpg\" class=\"et_pb_lightbox_image\" alt=\"Floor plan of apt 1\"><span class=\"et_pb_image_wrap\"><img loading=\"lazy\" decoding=\"async\" src=\"https:\/\/staging.villadianthe.com\/wp-content\/uploads\/2024\/04\/villadianthe.com-apartment-1-floor-plan.jpg\" width=\"556\" height=\"465\" srcset=\"https:\/\/staging.villadianthe.com\/wp-content\/uploads\/2024\/04\/villadianthe.com-apartment-1-floor-plan.jpg 556w, https:\/\/staging.villadianthe.com\/wp-content\/uploads\/2024\/04\/villadianthe.com-apartment-1-floor-plan-480x401.jpg 480w\" sizes=\"(min-width: 0px) and (max-width: 480px) 480px, (min-width: 481px) 556px, 100vw\" class=\"wp-image-219126\" title=\"villadianthe.com-apartment-1-floor-plan\" alt=\"Floor plan of apt 1\" \/><span class=\"et_overlay et_pb_inline_icon\" data-icon=\"1\"><\/span><\/span><\/a><\/div>\n<\/div>\n\n<div class=\"et_pb_column_6 et_pb_column et_pb_column_1_3 et_block_column et_pb_css_mix_blend_mode_passthrough\">\n<div class=\"et_pb_image_1 et_pb_image et_pb_has_overlay et_pb_module et_block_module\"><a href=\"https:\/\/staging.villadianthe.com\/wp-content\/uploads\/2024\/04\/villadianthe.com-apartment-2-floor-plan.jpg\" class=\"et_pb_lightbox_image\" alt=\"Floor plan of apt 2 and 4\"><span class=\"et_pb_image_wrap\"><img loading=\"lazy\" decoding=\"async\" src=\"https:\/\/staging.villadianthe.com\/wp-content\/uploads\/2024\/04\/villadianthe.com-apartment-2-floor-plan.jpg\" width=\"556\" height=\"465\" srcset=\"https:\/\/staging.villadianthe.com\/wp-content\/uploads\/2024\/04\/villadianthe.com-apartment-2-floor-plan.jpg 556w, https:\/\/staging.villadianthe.com\/wp-content\/uploads\/2024\/04\/villadianthe.com-apartment-2-floor-plan-480x401.jpg 480w\" sizes=\"(min-width: 0px) and (max-width: 480px) 480px, (min-width: 481px) 556px, 100vw\" class=\"wp-image-219130\" title=\"villadianthe.com-apartment-2-floor-plan\" alt=\"Floor plan of apt 2 and 4\" \/><span class=\"et_overlay et_pb_inline_icon\" data-icon=\"1\"><\/span><\/span><\/a><\/div>\n<\/div>\n\n<div class=\"et_pb_column_7 et_pb_column et_pb_column_1_3 et-last-child et_block_column et_pb_css_mix_blend_mode_passthrough\">\n<div class=\"et_pb_image_2 et_pb_image et_pb_has_overlay et_pb_module et_block_module\"><a href=\"https:\/\/staging.villadianthe.com\/wp-content\/uploads\/2024\/04\/villadianthe.com-apartment-3-floor-plan.jpg\" class=\"et_pb_lightbox_image\" alt=\"Floor plan of apt 3 and 5\"><span class=\"et_pb_image_wrap\"><img loading=\"lazy\" decoding=\"async\" src=\"https:\/\/staging.villadianthe.com\/wp-content\/uploads\/2024\/04\/villadianthe.com-apartment-3-floor-plan.jpg\" width=\"556\" height=\"465\" srcset=\"https:\/\/staging.villadianthe.com\/wp-content\/uploads\/2024\/04\/villadianthe.com-apartment-3-floor-plan.jpg 556w, https:\/\/staging.villadianthe.com\/wp-content\/uploads\/2024\/04\/villadianthe.com-apartment-3-floor-plan-480x401.jpg 480w\" sizes=\"(min-width: 0px) and (max-width: 480px) 480px, (min-width: 481px) 556px, 100vw\" class=\"wp-image-219134\" title=\"villadianthe.com-apartment-3-floor-plan\" alt=\"Floor plan of apt 3 and 5\" \/><span class=\"et_overlay et_pb_inline_icon\" data-icon=\"1\"><\/span><\/span><\/a><\/div>\n<\/div>\n<\/div>\n\n<div class=\"et_pb_row_5 et_pb_row et_block_row popuprowpromo\">\n<div class=\"et_pb_column_8 et_pb_column et_pb_column_2_3 et_block_column et_pb_css_mix_blend_mode_passthrough\">\n<div class=\"et_pb_code_0 et_pb_code et_pb_module\"><div class=\"et_pb_code_inner\"><style>\n.poppie.et_pb_toggle_close .et_pb_toggle_title:before, .poppie.et_pb_toggle_close {\ndisplay: none;\n}\n<\/style><\/div><\/div>\n\n<div class=\"et_pb_toggle_0 et_pb_toggle et_pb_toggle_item et_pb_toggle_open et_animated et_pb_module et_block_module poppie preset--group--divi-toggle--divi-font--hm5q2bb--default preset--group--divi-toggle--divi-font--h1q6g4r--default preset--group--divi-toggle--divi-font--h1rap4w--default preset--group--divi-toggle--divi-font--hp5h6dj--default preset--group--divi-toggle--divi-font--h10j4yd--default\"><h5 class=\"et_pb_toggle_title\">Last Minute<\/h5><div class=\"et_pb_toggle_content clearfix\"><p>\n<table id=\"tablepress-1\" class=\"tablepress tablepress-id-1\">\n<tbody class=\"row-striping row-hover\">\n<tr class=\"row-1\">\n\t<td class=\"column-1\">27\/04<\/td><td class=\"column-2\">-<\/td><td class=\"column-3\">04\/05<\/td>\n<\/tr>\n<tr class=\"row-2\">\n\t<td class=\"column-1\">30\/04<\/td><td class=\"column-2\">-<\/td><td class=\"column-3\">10\/05<\/td>\n<\/tr>\n<tr class=\"row-3\">\n\t<td class=\"column-1\">04\/05<\/td><td class=\"column-2\">-<\/td><td class=\"column-3\">07\/05<\/td>\n<\/tr>\n<tr class=\"row-4\">\n\t<td class=\"column-1\">13\/05<\/td><td class=\"column-2\">-<\/td><td class=\"column-3\">17\/05<\/td>\n<\/tr>\n<tr class=\"row-5\">\n\t<td class=\"column-1\">27\/05<\/td><td class=\"column-2\">-<\/td><td class=\"column-3\">03\/06<\/td>\n<\/tr>\n<\/tbody>\n<\/table>\n<!-- #tablepress-1 from cache --><a href=\"tel:00306945897986\">Bel ons nu!<\/a><\/p>\n<\/div><\/div>\n<\/div>\n\n<div class=\"et_pb_column_9 et_pb_column et_pb_column_1_3 et-last-child et_block_column et_pb_column_empty et_pb_css_mix_blend_mode_passthrough\"><\/div>\n<\/div>\n<\/div>","protected":false},"excerpt":{"rendered":"<p>Luxe appartementen van uitzonderlijke kwaliteit in Mirtos, in het zuiden van Kreta, die het hele jaar door geopend zijn. Uitstekend geschikt voor overwinteren!<\/p>\n","protected":false},"author":6,"featured_media":0,"parent":0,"menu_order":0,"comment_status":"closed","ping_status":"closed","template":"","meta":{"footnotes":""},"class_list":["post-1570","page","type-page","status-publish","hentry"],"_links":{"self":[{"href":"https:\/\/staging.villadianthe.com\/nl\/wp-json\/wp\/v2\/pages\/1570","targetHints":{"allow":["GET"]}}],"collection":[{"href":"https:\/\/staging.villadianthe.com\/nl\/wp-json\/wp\/v2\/pages"}],"about":[{"href":"https:\/\/staging.villadianthe.com\/nl\/wp-json\/wp\/v2\/types\/page"}],"author":[{"embeddable":true,"href":"https:\/\/staging.villadianthe.com\/nl\/wp-json\/wp\/v2\/users\/6"}],"replies":[{"embeddable":true,"href":"https:\/\/staging.villadianthe.com\/nl\/wp-json\/wp\/v2\/comments?post=1570"}],"version-history":[{"count":0,"href":"https:\/\/staging.villadianthe.com\/nl\/wp-json\/wp\/v2\/pages\/1570\/revisions"}],"wp:attachment":[{"href":"https:\/\/staging.villadianthe.com\/nl\/wp-json\/wp\/v2\/media?parent=1570"}],"curies":[{"name":"wp","href":"https:\/\/api.w.org\/{rel}","templated":true}]}}