{"id":1650,"date":"2017-02-17T20:23:09","date_gmt":"2017-02-17T20:23:09","guid":{"rendered":"https:\/\/villadianthe.com\/tout-a-propos-de-mirtos\/"},"modified":"2026-04-19T14:24:54","modified_gmt":"2026-04-19T11:24:54","slug":"tout-a-propos-de-mirtos","status":"publish","type":"page","link":"https:\/\/staging.villadianthe.com\/fr\/tout-a-propos-de-mirtos\/","title":{"rendered":"Tout \u00e0 propos de Mirtos"},"content":{"rendered":"<div class=\"et_pb_section_0 et_pb_section et_section_regular et_block_section\">\n<div class=\"et_pb_row_0 et_pb_row et_flex_row\">\n<div class=\"et_pb_column_0 et_pb_column et-last-child et_flex_column et_pb_css_mix_blend_mode_passthrough et_flex_column_24_24 et_flex_column_24_24_tablet et_flex_column_24_24_phone\">\n<div class=\"et_pb_post_title_0 et_pb_post_title et_pb_bg_layout_light et_pb_module et_flex_module preset--group--divi-post-title--divi-font--hm5q2bb--default preset--group--divi-post-title--divi-font--h3vve90--default\"><div class=\"et_pb_title_container\"><h1 class=\"entry-title\">Tout \u00e0 propos de Mirtos<\/h1><\/div><\/div>\n<\/div>\n<\/div>\n\n<div class=\"et_pb_row_1 et_pb_row et_block_row\">\n<div class=\"et_pb_column_1 et_pb_column et_pb_column_4_4 et-last-child et_block_column et_pb_css_mix_blend_mode_passthrough\">\n<div class=\"et_pb_text_0 et_pb_text et_pb_bg_layout_light et_pb_module et_block_module\"><div class=\"et_pb_text_inner\"><p><span style=\"font-size: 14pt;\">&ldquo;Mirtos est comme une grande famille, et nous vous invitons &agrave; en faire partie.&rdquo; &ndash; Al&eacute;xandros Pantel&aacute;kis, Maire de Mirtoss<\/span><\/p>\n<\/div><\/div>\n\n<div class=\"et_pb_image_0 et_pb_image et_pb_module et_block_module\"><span class=\"et_pb_image_wrap\"><img loading=\"lazy\" decoding=\"async\" src=\"https:\/\/staging.villadianthe.com\/wp-content\/uploads\/2017\/02\/villa-dianthe-mirtospage-top-seaview.jpg\" width=\"1080\" height=\"224\" srcset=\"https:\/\/staging.villadianthe.com\/wp-content\/uploads\/2017\/02\/villa-dianthe-mirtospage-top-seaview.jpg 1080w, https:\/\/staging.villadianthe.com\/wp-content\/uploads\/2017\/02\/villa-dianthe-mirtospage-top-seaview-300x62.jpg 300w, https:\/\/staging.villadianthe.com\/wp-content\/uploads\/2017\/02\/villa-dianthe-mirtospage-top-seaview-768x159.jpg 768w, https:\/\/staging.villadianthe.com\/wp-content\/uploads\/2017\/02\/villa-dianthe-mirtospage-top-seaview-1024x212.jpg 1024w\" sizes=\"(max-width: 1080px) 100vw, 1080px\" class=\"wp-image-2225\" title=\"villa-dianthe-mirtospage-top-seaview\" \/><\/span><\/div>\n<\/div>\n<\/div>\n\n<div class=\"et_pb_row_2 et_pb_row et_pb_row_3-4_1-4 et_pb_equal_columns et_pb_gutters1 et_block_row et_block_row_3-4_1-4\">\n<div class=\"et_pb_column_2 et_pb_column et_pb_column_3_4 et_block_column et_pb_css_mix_blend_mode_passthrough boxsetshad\">\n<div class=\"et_pb_text_1 et_pb_text et_pb_bg_layout_light et_pb_module et_block_module\"><div class=\"et_pb_text_inner\"><h2>Mirtos : L\u2019\u00e2me authentique de la Cr\u00e8te<\/h2>\n<p><b>Loin du tumulte :<\/b> Oubliez les complexes h\u00f4teliers b\u00e9tonn\u00e9s et l\u2019agitation touristique du nord de l\u2019\u00eele. Bienvenue \u00e0 <b>Mirtos<\/b>, un petit havre de paix de moins de 500 habitants. Ici, pas de n\u00e9ons ni de foules, mais des ruelles blanchies \u00e0 la chaux et la douceur de vivre du sud de la Cr\u00e8te. Un village o\u00f9 l\u2019on prend enfin le temps de vivre.<\/p>\n<p><b>Une gastronomie du terroir :<\/b> \u00c0 Mirtos, le concept de \"circuit court\" est une \u00e9vidence. En vous installant \u00e0 la table d\u2019une taverne en bord de mer, vous go\u00fbtez \u00e0 l\u2019essence m\u00eame de l\u2019\u00eele :<\/p>\n<ul>\n<li><b>Produits du jardin :<\/b> L\u2019huile d\u2019olive provient souvent de l\u2019oliveraie du patron, le miel de ses propres ruches et le jus d\u2019orange des vergers voisins.<\/li>\n<li><b>Tout \u00e0 pied :<\/b> Le village a su pr\u00e9server ses commerces de proximit\u00e9. Boulangerie artisanale, boucher local, pharmacie et petites boutiques de souvenirs... vous trouverez tout le n\u00e9cessaire \u00e0 quelques pas de votre terrasse.<\/li>\n<\/ul>\n<p><b>L\u2019accueil cr\u00e9tois, tout simplement :<\/b> Les habitants de Mirtos vivent ici \u00e0 l'ann\u00e9e, ce qui conf\u00e8re au village son atmosph\u00e8re si chaleureuse. Le soir venu, joignez-vous \u00e0 la traditionnelle <i>volta<\/i> (la promenade) et partagez un moment de convivialit\u00e9 avec les locaux.<\/p>\n<blockquote title=\"D\u00e9couvrez la Cr\u00e8te dans sa forme la plus pure.\">\n<p><b>D\u00e9couvrez la Cr\u00e8te dans sa forme la plus pure.<\/b> Plus d'informations sur : <a href=\"http:\/\/www.mirtoscrete.gr\" target=\"_blank\" rel=\"noopener\">www.mirtoscrete.gr<\/a><\/p>\n<\/blockquote>\n<\/div><\/div>\n\n<div class=\"et_pb_image_1 et_pb_image et_pb_module et_flex_module\"><a href=\"https:\/\/www.mirtoscrete.gr\/fr\/\" target=\"_blank\"><span class=\"et_pb_image_wrap\"><img decoding=\"async\" src=\"https:\/\/www.staticdata.nl\/svg\/logo-mirtos-crete-dot.svg\" \/><\/span><\/a><\/div>\n<\/div>\n\n<div class=\"et_pb_column_3 et_pb_column et_pb_column_1_4 et-last-child et_block_column et_pb_css_mix_blend_mode_passthrough\">\n<div class=\"et_pb_gallery_0 et_pb_gallery et_pb_bg_layout_light et_pb_gallery_grid et_pb_module preset--group--divi-gallery--divi-font--hm5q2bb--default preset--group--divi-gallery--divi-font--h2ea9xh--default preset--group--divi-gallery--divi-font--hazxa49--default\" data-auto-rotate=\"off\" data-auto-rotate-speed=\"\"><div class=\"et_pb_gallery_items et_post_gallery clearfix et_grid_module\" data-per_page=\"3\"><div class=\"et_pb_gallery_item et_pb_grid_item et_pb_gallery_item_0_0\"><div class=\"et_pb_gallery_image landscape\" data-per_page=\"3\"><a href=\"https:\/\/staging.villadianthe.com\/wp-content\/uploads\/2017\/02\/galleries-marjo-9.jpg\" title=\"galleries-marjo-9\"><img loading=\"lazy\" decoding=\"async\" width=\"1080\" height=\"810\" src=\"https:\/\/staging.villadianthe.com\/wp-content\/uploads\/2017\/02\/galleries-marjo-9.jpg\" alt=\"\" class=\"wp-image-2906\" srcset=\"https:\/\/staging.villadianthe.com\/wp-content\/uploads\/2017\/02\/galleries-marjo-9.jpg 479w, https:\/\/staging.villadianthe.com\/wp-content\/uploads\/2017\/02\/galleries-marjo-9.jpg 480w\" sizes=\"(max-width:479px) 479px, 100vw\" \/><span class=\"et_overlay\" data-icon=\"\" data-icon-tablet=\"\" data-icon-phone=\"\"><\/span><\/a><\/div><\/div><div class=\"et_pb_gallery_item et_pb_grid_item et_pb_gallery_item_0_1\"><div class=\"et_pb_gallery_image landscape\" data-per_page=\"3\"><a href=\"https:\/\/staging.villadianthe.com\/wp-content\/uploads\/2017\/02\/beachcafe01.jpg\" title=\"beachcafe01\"><img loading=\"lazy\" decoding=\"async\" width=\"1020\" height=\"765\" src=\"https:\/\/staging.villadianthe.com\/wp-content\/uploads\/2017\/02\/beachcafe01.jpg\" alt=\"\" class=\"wp-image-2874\" srcset=\"https:\/\/staging.villadianthe.com\/wp-content\/uploads\/2017\/02\/beachcafe01.jpg 479w, https:\/\/staging.villadianthe.com\/wp-content\/uploads\/2017\/02\/beachcafe01.jpg 480w\" sizes=\"(max-width:479px) 479px, 100vw\" \/><span class=\"et_overlay\" data-icon=\"\" data-icon-tablet=\"\" data-icon-phone=\"\"><\/span><\/a><\/div><\/div><div class=\"et_pb_gallery_item et_pb_grid_item et_pb_gallery_item_0_2\"><div class=\"et_pb_gallery_image landscape\" data-per_page=\"3\"><a href=\"https:\/\/staging.villadianthe.com\/wp-content\/uploads\/2017\/02\/galleries-marjo-6.jpg\" title=\"galleries-marjo-6\"><img loading=\"lazy\" decoding=\"async\" width=\"1200\" height=\"900\" src=\"https:\/\/staging.villadianthe.com\/wp-content\/uploads\/2017\/02\/galleries-marjo-6.jpg\" alt=\"\" class=\"wp-image-2902\" srcset=\"https:\/\/staging.villadianthe.com\/wp-content\/uploads\/2017\/02\/galleries-marjo-6.jpg 479w, https:\/\/staging.villadianthe.com\/wp-content\/uploads\/2017\/02\/galleries-marjo-6.jpg 480w\" sizes=\"(max-width:479px) 479px, 100vw\" \/><span class=\"et_overlay\" data-icon=\"\" data-icon-tablet=\"\" data-icon-phone=\"\"><\/span><\/a><\/div><\/div><div class=\"et_pb_gallery_item et_pb_grid_item et_pb_gallery_item_0_3\"><div class=\"et_pb_gallery_image landscape\" data-per_page=\"3\"><a href=\"https:\/\/staging.villadianthe.com\/wp-content\/uploads\/2017\/02\/galleries-marjo-3.jpg\" title=\"galleries-marjo-3\"><img loading=\"lazy\" decoding=\"async\" width=\"1080\" height=\"810\" src=\"https:\/\/staging.villadianthe.com\/wp-content\/uploads\/2017\/02\/galleries-marjo-3.jpg\" alt=\"\" class=\"wp-image-2890\" srcset=\"https:\/\/staging.villadianthe.com\/wp-content\/uploads\/2017\/02\/galleries-marjo-3.jpg 479w, https:\/\/staging.villadianthe.com\/wp-content\/uploads\/2017\/02\/galleries-marjo-3.jpg 480w\" sizes=\"(max-width:479px) 479px, 100vw\" \/><span class=\"et_overlay\" data-icon=\"\" data-icon-tablet=\"\" data-icon-phone=\"\"><\/span><\/a><\/div><\/div><div class=\"et_pb_gallery_item et_pb_grid_item et_pb_gallery_item_0_4\"><div class=\"et_pb_gallery_image landscape\" data-per_page=\"3\"><a href=\"https:\/\/staging.villadianthe.com\/wp-content\/uploads\/2017\/02\/beachcafe04.jpg\" title=\"beachcafe04\"><img loading=\"lazy\" decoding=\"async\" width=\"1020\" height=\"765\" src=\"https:\/\/staging.villadianthe.com\/wp-content\/uploads\/2017\/02\/beachcafe04.jpg\" alt=\"\" class=\"wp-image-2882\" srcset=\"https:\/\/staging.villadianthe.com\/wp-content\/uploads\/2017\/02\/beachcafe04.jpg 479w, https:\/\/staging.villadianthe.com\/wp-content\/uploads\/2017\/02\/beachcafe04.jpg 480w\" sizes=\"(max-width:479px) 479px, 100vw\" \/><span class=\"et_overlay\" data-icon=\"\" data-icon-tablet=\"\" data-icon-phone=\"\"><\/span><\/a><\/div><\/div><div class=\"et_pb_gallery_item et_pb_grid_item et_pb_gallery_item_0_5\"><div class=\"et_pb_gallery_image landscape\" data-per_page=\"3\"><a href=\"https:\/\/staging.villadianthe.com\/wp-content\/uploads\/2017\/02\/to-petrino-007.jpg\" title=\"to-petrino-007\"><img loading=\"lazy\" decoding=\"async\" width=\"1200\" height=\"900\" src=\"https:\/\/staging.villadianthe.com\/wp-content\/uploads\/2017\/02\/to-petrino-007.jpg\" alt=\"\" class=\"wp-image-2930\" srcset=\"https:\/\/staging.villadianthe.com\/wp-content\/uploads\/2017\/02\/to-petrino-007.jpg 479w, https:\/\/staging.villadianthe.com\/wp-content\/uploads\/2017\/02\/to-petrino-007.jpg 480w\" sizes=\"(max-width:479px) 479px, 100vw\" \/><span class=\"et_overlay\" data-icon=\"\" data-icon-tablet=\"\" data-icon-phone=\"\"><\/span><\/a><\/div><\/div><div class=\"et_pb_gallery_item et_pb_grid_item et_pb_gallery_item_0_6\"><div class=\"et_pb_gallery_image landscape\" data-per_page=\"3\"><a href=\"https:\/\/staging.villadianthe.com\/wp-content\/uploads\/2017\/02\/galleries-marjo-4.jpg\" title=\"galleries-marjo-4\"><img loading=\"lazy\" decoding=\"async\" width=\"1080\" height=\"810\" src=\"https:\/\/staging.villadianthe.com\/wp-content\/uploads\/2017\/02\/galleries-marjo-4.jpg\" alt=\"\" class=\"wp-image-2894\" srcset=\"https:\/\/staging.villadianthe.com\/wp-content\/uploads\/2017\/02\/galleries-marjo-4.jpg 479w, https:\/\/staging.villadianthe.com\/wp-content\/uploads\/2017\/02\/galleries-marjo-4.jpg 480w\" sizes=\"(max-width:479px) 479px, 100vw\" \/><span class=\"et_overlay\" data-icon=\"\" data-icon-tablet=\"\" data-icon-phone=\"\"><\/span><\/a><\/div><\/div><div class=\"et_pb_gallery_item et_pb_grid_item et_pb_gallery_item_0_7\"><div class=\"et_pb_gallery_image landscape\" data-per_page=\"3\"><a href=\"https:\/\/staging.villadianthe.com\/wp-content\/uploads\/2017\/02\/galleries-marjo-5.jpg\" title=\"galleries-marjo-5\"><img loading=\"lazy\" decoding=\"async\" width=\"1200\" height=\"900\" src=\"https:\/\/staging.villadianthe.com\/wp-content\/uploads\/2017\/02\/galleries-marjo-5.jpg\" alt=\"\" class=\"wp-image-2898\" srcset=\"https:\/\/staging.villadianthe.com\/wp-content\/uploads\/2017\/02\/galleries-marjo-5.jpg 479w, https:\/\/staging.villadianthe.com\/wp-content\/uploads\/2017\/02\/galleries-marjo-5.jpg 480w\" sizes=\"(max-width:479px) 479px, 100vw\" \/><span class=\"et_overlay\" data-icon=\"\" data-icon-tablet=\"\" data-icon-phone=\"\"><\/span><\/a><\/div><\/div><div class=\"et_pb_gallery_item et_pb_grid_item et_pb_gallery_item_0_8\"><div class=\"et_pb_gallery_image landscape\" data-per_page=\"3\"><a href=\"https:\/\/staging.villadianthe.com\/wp-content\/uploads\/2017\/02\/galleries-marjo-10.jpg\" title=\"galleries-marjo-10\"><img loading=\"lazy\" decoding=\"async\" width=\"1080\" height=\"810\" src=\"https:\/\/staging.villadianthe.com\/wp-content\/uploads\/2017\/02\/galleries-marjo-10.jpg\" alt=\"\" class=\"wp-image-2910\" srcset=\"https:\/\/staging.villadianthe.com\/wp-content\/uploads\/2017\/02\/galleries-marjo-10.jpg 479w, https:\/\/staging.villadianthe.com\/wp-content\/uploads\/2017\/02\/galleries-marjo-10.jpg 480w\" sizes=\"(max-width:479px) 479px, 100vw\" \/><span class=\"et_overlay\" data-icon=\"\" data-icon-tablet=\"\" data-icon-phone=\"\"><\/span><\/a><\/div><\/div><div class=\"et_pb_gallery_item et_pb_grid_item et_pb_gallery_item_0_9\"><div class=\"et_pb_gallery_image landscape\" data-per_page=\"3\"><a href=\"https:\/\/staging.villadianthe.com\/wp-content\/uploads\/2017\/02\/beachcafe03.jpg\" title=\"beachcafe03\"><img loading=\"lazy\" decoding=\"async\" width=\"1020\" height=\"765\" src=\"https:\/\/staging.villadianthe.com\/wp-content\/uploads\/2017\/02\/beachcafe03.jpg\" alt=\"\" class=\"wp-image-2878\" srcset=\"https:\/\/staging.villadianthe.com\/wp-content\/uploads\/2017\/02\/beachcafe03.jpg 479w, https:\/\/staging.villadianthe.com\/wp-content\/uploads\/2017\/02\/beachcafe03.jpg 480w\" sizes=\"(max-width:479px) 479px, 100vw\" \/><span class=\"et_overlay\" data-icon=\"\" data-icon-tablet=\"\" data-icon-phone=\"\"><\/span><\/a><\/div><\/div><div class=\"et_pb_gallery_item et_pb_grid_item et_pb_gallery_item_0_10\"><div class=\"et_pb_gallery_image landscape\" data-per_page=\"3\"><a href=\"https:\/\/staging.villadianthe.com\/wp-content\/uploads\/2017\/02\/galleries-marjo-2.jpg\" title=\"galleries-marjo-2\"><img loading=\"lazy\" decoding=\"async\" width=\"1080\" height=\"810\" src=\"https:\/\/staging.villadianthe.com\/wp-content\/uploads\/2017\/02\/galleries-marjo-2.jpg\" alt=\"\" class=\"wp-image-2886\" srcset=\"https:\/\/staging.villadianthe.com\/wp-content\/uploads\/2017\/02\/galleries-marjo-2.jpg 479w, https:\/\/staging.villadianthe.com\/wp-content\/uploads\/2017\/02\/galleries-marjo-2.jpg 480w\" sizes=\"(max-width:479px) 479px, 100vw\" \/><span class=\"et_overlay\" data-icon=\"\" data-icon-tablet=\"\" data-icon-phone=\"\"><\/span><\/a><\/div><\/div><div class=\"et_pb_gallery_item et_pb_grid_item et_pb_gallery_item_0_11\"><div class=\"et_pb_gallery_image landscape\" data-per_page=\"3\"><a href=\"https:\/\/staging.villadianthe.com\/wp-content\/uploads\/2017\/02\/galleries-marjo-12.jpg\" title=\"galleries-marjo-12\"><img loading=\"lazy\" decoding=\"async\" width=\"700\" height=\"933\" src=\"https:\/\/staging.villadianthe.com\/wp-content\/uploads\/2017\/02\/galleries-marjo-12.jpg\" alt=\"\" class=\"wp-image-2914\" srcset=\"https:\/\/staging.villadianthe.com\/wp-content\/uploads\/2017\/02\/galleries-marjo-12.jpg 479w, https:\/\/staging.villadianthe.com\/wp-content\/uploads\/2017\/02\/galleries-marjo-12.jpg 480w\" sizes=\"(max-width:479px) 479px, 100vw\" \/><span class=\"et_overlay\" data-icon=\"\" data-icon-tablet=\"\" data-icon-phone=\"\"><\/span><\/a><\/div><\/div><div class=\"et_pb_gallery_item et_pb_grid_item et_pb_gallery_item_0_12\"><div class=\"et_pb_gallery_image landscape\" data-per_page=\"3\"><a href=\"https:\/\/staging.villadianthe.com\/wp-content\/uploads\/2017\/02\/hermione01.jpg\" title=\"hermione01\"><img loading=\"lazy\" decoding=\"async\" width=\"1020\" height=\"765\" src=\"https:\/\/staging.villadianthe.com\/wp-content\/uploads\/2017\/02\/hermione01.jpg\" alt=\"\" class=\"wp-image-2918\" srcset=\"https:\/\/staging.villadianthe.com\/wp-content\/uploads\/2017\/02\/hermione01.jpg 479w, https:\/\/staging.villadianthe.com\/wp-content\/uploads\/2017\/02\/hermione01.jpg 480w\" sizes=\"(max-width:479px) 479px, 100vw\" \/><span class=\"et_overlay\" data-icon=\"\" data-icon-tablet=\"\" data-icon-phone=\"\"><\/span><\/a><\/div><\/div><div class=\"et_pb_gallery_item et_pb_grid_item et_pb_gallery_item_0_13\"><div class=\"et_pb_gallery_image landscape\" data-per_page=\"3\"><a href=\"https:\/\/staging.villadianthe.com\/wp-content\/uploads\/2017\/02\/mirtos01.jpg\" title=\"mirtos01\"><img loading=\"lazy\" decoding=\"async\" width=\"1020\" height=\"675\" src=\"https:\/\/staging.villadianthe.com\/wp-content\/uploads\/2017\/02\/mirtos01.jpg\" alt=\"\" class=\"wp-image-2922\" srcset=\"https:\/\/staging.villadianthe.com\/wp-content\/uploads\/2017\/02\/mirtos01.jpg 479w, https:\/\/staging.villadianthe.com\/wp-content\/uploads\/2017\/02\/mirtos01.jpg 480w\" sizes=\"(max-width:479px) 479px, 100vw\" \/><span class=\"et_overlay\" data-icon=\"\" data-icon-tablet=\"\" data-icon-phone=\"\"><\/span><\/a><\/div><\/div><div class=\"et_pb_gallery_item et_pb_grid_item et_pb_gallery_item_0_14\"><div class=\"et_pb_gallery_image landscape\" data-per_page=\"3\"><a href=\"https:\/\/staging.villadianthe.com\/wp-content\/uploads\/2017\/02\/to-petrino-001.jpg\" title=\"to-petrino-001\"><img loading=\"lazy\" decoding=\"async\" width=\"1200\" height=\"900\" src=\"https:\/\/staging.villadianthe.com\/wp-content\/uploads\/2017\/02\/to-petrino-001.jpg\" alt=\"\" class=\"wp-image-2926\" srcset=\"https:\/\/staging.villadianthe.com\/wp-content\/uploads\/2017\/02\/to-petrino-001.jpg 479w, https:\/\/staging.villadianthe.com\/wp-content\/uploads\/2017\/02\/to-petrino-001.jpg 480w\" sizes=\"(max-width:479px) 479px, 100vw\" \/><span class=\"et_overlay\" data-icon=\"\" data-icon-tablet=\"\" data-icon-phone=\"\"><\/span><\/a><\/div><\/div><div class=\"et_pb_gallery_item et_pb_grid_item et_pb_gallery_item_0_15\"><div class=\"et_pb_gallery_image landscape\" data-per_page=\"3\"><a href=\"https:\/\/staging.villadianthe.com\/wp-content\/uploads\/2017\/02\/to-petrino-011.jpg\" title=\"to-petrino-011\"><img loading=\"lazy\" decoding=\"async\" width=\"1200\" height=\"900\" src=\"https:\/\/staging.villadianthe.com\/wp-content\/uploads\/2017\/02\/to-petrino-011.jpg\" alt=\"\" class=\"wp-image-2934\" srcset=\"https:\/\/staging.villadianthe.com\/wp-content\/uploads\/2017\/02\/to-petrino-011.jpg 479w, https:\/\/staging.villadianthe.com\/wp-content\/uploads\/2017\/02\/to-petrino-011.jpg 480w\" sizes=\"(max-width:479px) 479px, 100vw\" \/><span class=\"et_overlay\" data-icon=\"\" data-icon-tablet=\"\" data-icon-phone=\"\"><\/span><\/a><\/div><\/div><\/div><div class=\"et_pb_gallery_pagination\"><\/div><\/div>\n<\/div>\n<\/div>\n\n<div class=\"et_pb_row_3 et_pb_row et_block_row\">\n<div class=\"et_pb_column_4 et_pb_column et_pb_column_4_4 et-last-child et_block_column et_pb_css_mix_blend_mode_passthrough\">\n<div class=\"et_pb_text_2 et_pb_text et_pb_bg_layout_light et_pb_module et_block_module\"><div class=\"et_pb_text_inner\"><p><iframe src=\"https:\/\/www.google.com\/maps\/embed?pb=!1m18!1m12!1m3!1d863012.0837318264!2d24.360456950041904!3d35.25387765796858!2m3!1f0!2f0!3f0!3m2!1i1024!2i768!4f13.1!3m3!1m2!1s0x149a831aeda9a4a7%3A0x500bd2ce2baf9d0!2sMyrtos%20720%2056!5e1!3m2!1sen!2sgr!4v1759768547390!5m2!1sen!2sgr\" width=\"1080\" height=\"500\" style=\"border:0;\" allowfullscreen=\"\" loading=\"lazy\" referrerpolicy=\"no-referrer-when-downgrade\"><\/iframe><\/p>\n<\/div><\/div>\n<\/div>\n<\/div>\n<\/div>","protected":false},"excerpt":{"rendered":"","protected":false},"author":6,"featured_media":0,"parent":0,"menu_order":0,"comment_status":"closed","ping_status":"closed","template":"","meta":{"footnotes":""},"class_list":["post-1650","page","type-page","status-publish","hentry"],"_links":{"self":[{"href":"https:\/\/staging.villadianthe.com\/fr\/wp-json\/wp\/v2\/pages\/1650","targetHints":{"allow":["GET"]}}],"collection":[{"href":"https:\/\/staging.villadianthe.com\/fr\/wp-json\/wp\/v2\/pages"}],"about":[{"href":"https:\/\/staging.villadianthe.com\/fr\/wp-json\/wp\/v2\/types\/page"}],"author":[{"embeddable":true,"href":"https:\/\/staging.villadianthe.com\/fr\/wp-json\/wp\/v2\/users\/6"}],"replies":[{"embeddable":true,"href":"https:\/\/staging.villadianthe.com\/fr\/wp-json\/wp\/v2\/comments?post=1650"}],"version-history":[{"count":0,"href":"https:\/\/staging.villadianthe.com\/fr\/wp-json\/wp\/v2\/pages\/1650\/revisions"}],"wp:attachment":[{"href":"https:\/\/staging.villadianthe.com\/fr\/wp-json\/wp\/v2\/media?parent=1650"}],"curies":[{"name":"wp","href":"https:\/\/api.w.org\/{rel}","templated":true}]}}