{"id":1643,"date":"2017-02-17T20:14:55","date_gmt":"2017-02-17T20:14:55","guid":{"rendered":"https:\/\/villadianthe.com\/tout-a-propos-de-crete\/"},"modified":"2026-04-19T16:11:50","modified_gmt":"2026-04-19T13:11:50","slug":"au-sujet-de-la-crete","status":"publish","type":"page","link":"https:\/\/staging.villadianthe.com\/fr\/au-sujet-de-la-crete\/","title":{"rendered":"Au sujet de la Cr\u00e8te"},"content":{"rendered":"<div class=\"et_pb_section_0 et_pb_section et_section_regular et_block_section\">\n<div class=\"et_pb_row_0 et_pb_row et_flex_row\">\n<div class=\"et_pb_column_0 et_pb_column et-last-child et_flex_column et_pb_css_mix_blend_mode_passthrough et_flex_column_24_24 et_flex_column_24_24_tablet et_flex_column_24_24_phone\">\n<div class=\"et_pb_post_title_0 et_pb_post_title et_pb_bg_layout_light et_pb_module et_flex_module preset--group--divi-post-title--divi-font--hm5q2bb--default preset--group--divi-post-title--divi-font--h3vve90--default\"><div class=\"et_pb_title_container\"><h1 class=\"entry-title\">Au sujet de la Cr\u00e8te<\/h1><\/div><\/div>\n<\/div>\n<\/div>\n\n<div class=\"et_pb_row_1 et_pb_row et_block_row\">\n<div class=\"et_pb_column_1 et_pb_column et_pb_column_4_4 et-last-child et_block_column et_pb_css_mix_blend_mode_passthrough\">\n<div class=\"et_pb_text_0 et_pb_text et_pb_bg_layout_light et_pb_module et_block_module\"><div class=\"et_pb_text_inner\"><p><span style=\"font-size: 14pt;\">La plus grande des \u00eeles Grecques, situ\u00e9e le plus au sud de l\u2019Europe<br \/>\n<\/span><\/p>\n<\/div><\/div>\n\n<div class=\"et_pb_image_0 et_pb_image et_animated et_pb_module et_block_module\"><span class=\"et_pb_image_wrap\"><img loading=\"lazy\" decoding=\"async\" src=\"https:\/\/staging.villadianthe.com\/wp-content\/uploads\/2017\/02\/villa-dianthe-cretepage-top-1080.jpg\" width=\"1080\" height=\"224\" srcset=\"https:\/\/staging.villadianthe.com\/wp-content\/uploads\/2017\/02\/villa-dianthe-cretepage-top-1080.jpg 1080w, https:\/\/staging.villadianthe.com\/wp-content\/uploads\/2017\/02\/villa-dianthe-cretepage-top-1080-300x62.jpg 300w, https:\/\/staging.villadianthe.com\/wp-content\/uploads\/2017\/02\/villa-dianthe-cretepage-top-1080-768x159.jpg 768w, https:\/\/staging.villadianthe.com\/wp-content\/uploads\/2017\/02\/villa-dianthe-cretepage-top-1080-1024x212.jpg 1024w\" sizes=\"(max-width: 1080px) 100vw, 1080px\" class=\"wp-image-1828\" \/><\/span><\/div>\n<\/div>\n<\/div>\n\n<div class=\"et_pb_row_2 et_pb_row et_pb_row_3-4_1-4 et_pb_equal_columns et_pb_gutters1 et_block_row et_block_row_3-4_1-4\">\n<div class=\"et_pb_column_2 et_pb_column et_pb_column_3_4 et_block_column et_pb_css_mix_blend_mode_passthrough boxsetshad\">\n<div class=\"et_pb_text_1 et_pb_text et_pb_bg_layout_light et_pb_module et_block_module preset--group--divi-text--divi-font-header--h1y3ko5--bfxtf3vf2b\"><div class=\"et_pb_text_inner\"><h2>\u00c0 la d\u00e9couverte de la Cr\u00e8te<\/h2>\n<p>S\u2019\u00e9tendant sur 260 km de long, la Cr\u00e8te est la plus grande des \u00eeles grecques. Sa position m\u00e9ridionale lui offre un climat privil\u00e9gi\u00e9, accueillant en toute saison. V\u00e9ritable mosa\u00efque de paysages, l'\u00eele alterne montagnes sauvages et gorges spectaculaires. Au-del\u00e0 de sa beaut\u00e9 naturelle, la Cr\u00e8te se d\u00e9voile \u00e0 travers ses hameaux paisibles, ses ports de p\u00eache authentiques, ses monast\u00e8res s\u00e9culaires et ses forteresses historiques.<\/p>\n<p>Ici, on est Cr\u00e9tois avant tout \u2013 un peuple fier de ses racines et de ses traditions. Vous serez surtout marqu\u00e9 par leur hospitalit\u00e9 l\u00e9gendaire, pilier de la vie locale. Si le nord de l\u2019\u00eele a parfois c\u00e9d\u00e9 au tourisme de masse, le village de <b>Mirtos<\/b> propose une exp\u00e9rience radicalement diff\u00e9rente : un espace pr\u00e9serv\u00e9 o\u00f9 r\u00e8gne un silence apaisant.<\/p>\n<h4>Le microclimat de Mirtos<\/h4>\n<p>Abrit\u00e9 par les montagnes de Dikti, le sud de la Cr\u00e8te b\u00e9n\u00e9ficie d'un climat encore plus doux que le nord. \u00c0 <strong>Mirtos<\/strong>, les hivers sont printaniers et les \u00e9t\u00e9s g\u00e9n\u00e9reux, tout en restant agr\u00e9ables gr\u00e2ce \u00e0 une brise marine rafra\u00eechissante.<\/p>\n<h4>Explorer la r\u00e9gion<\/h4>\n<p>Mirtos est le point de d\u00e9part id\u00e9al pour vos escapades :<\/p>\n<ul>\n<li><b>Villages de montagne :<\/b> D\u00e9couvrez des lieux o\u00f9 le temps semble s'\u00eatre arr\u00eat\u00e9 et o\u00f9 l'accueil est toujours sinc\u00e8re.<\/li>\n<li><b>Histoire antique :<\/b> Explorez les vestiges d'un \u00e9tablissement minoen local ou visitez Cnossos, le c\u0153ur mondial de la civilisation minoenne.<\/li>\n<li><b>Merveilles naturelles :<\/b> Parcourez les gorges de Sarakina, montez sur le plateau de Lassithi ou \u00e9vadez-vous vers les eaux turquoise de l'\u00eele de Chrissi.<\/li>\n<\/ul>\n<\/div><\/div>\n<\/div>\n\n<div class=\"et_pb_column_3 et_pb_column et_pb_column_1_4 et-last-child et_block_column et_pb_css_mix_blend_mode_passthrough\">\n<div class=\"et_pb_gallery_0 et_pb_gallery et_pb_bg_layout_light et_pb_gallery_grid et_pb_module preset--group--divi-gallery--divi-font--hm5q2bb--default preset--group--divi-gallery--divi-font--h2ea9xh--default preset--group--divi-gallery--divi-font--hazxa49--default\" data-auto-rotate=\"off\" data-auto-rotate-speed=\"\"><div class=\"et_pb_gallery_items et_post_gallery clearfix et_grid_module\" data-per_page=\"3\"><div class=\"et_pb_gallery_item et_pb_grid_item et_pb_gallery_item_0_0\"><div class=\"et_pb_gallery_image landscape\" data-per_page=\"3\"><a href=\"https:\/\/staging.villadianthe.com\/wp-content\/uploads\/2017\/02\/lassithi-marjo-9-1.jpg\" title=\"lassithi-marjo-9-1\"><img loading=\"lazy\" decoding=\"async\" width=\"1200\" height=\"900\" src=\"https:\/\/staging.villadianthe.com\/wp-content\/uploads\/2017\/02\/lassithi-marjo-9-1.jpg\" alt=\"\" class=\"wp-image-1856\" srcset=\"https:\/\/staging.villadianthe.com\/wp-content\/uploads\/2017\/02\/lassithi-marjo-9-1.jpg 479w, https:\/\/staging.villadianthe.com\/wp-content\/uploads\/2017\/02\/lassithi-marjo-9-1.jpg 480w\" sizes=\"(max-width:479px) 479px, 100vw\" \/><span class=\"et_overlay\" data-icon=\"\" data-icon-tablet=\"\" data-icon-phone=\"\"><\/span><\/a><\/div><\/div><div class=\"et_pb_gallery_item et_pb_grid_item et_pb_gallery_item_0_1\"><div class=\"et_pb_gallery_image landscape\" data-per_page=\"3\"><a href=\"https:\/\/staging.villadianthe.com\/wp-content\/uploads\/2017\/02\/chrissi-jakovos-10.jpg\" title=\"chrissi-jakovos-10\"><img loading=\"lazy\" decoding=\"async\" width=\"1080\" height=\"810\" src=\"https:\/\/staging.villadianthe.com\/wp-content\/uploads\/2017\/02\/chrissi-jakovos-10.jpg\" alt=\"\" class=\"wp-image-1840\" srcset=\"https:\/\/staging.villadianthe.com\/wp-content\/uploads\/2017\/02\/chrissi-jakovos-10.jpg 479w, https:\/\/staging.villadianthe.com\/wp-content\/uploads\/2017\/02\/chrissi-jakovos-10.jpg 480w\" sizes=\"(max-width:479px) 479px, 100vw\" \/><span class=\"et_overlay\" data-icon=\"\" data-icon-tablet=\"\" data-icon-phone=\"\"><\/span><\/a><\/div><\/div><div class=\"et_pb_gallery_item et_pb_grid_item et_pb_gallery_item_0_2\"><div class=\"et_pb_gallery_image landscape\" data-per_page=\"3\"><a href=\"https:\/\/staging.villadianthe.com\/wp-content\/uploads\/2017\/02\/lassithi-jakovos-3.jpg\" title=\"lassithi-jakovos-3\"><img loading=\"lazy\" decoding=\"async\" width=\"1080\" height=\"810\" src=\"https:\/\/staging.villadianthe.com\/wp-content\/uploads\/2017\/02\/lassithi-jakovos-3.jpg\" alt=\"\" class=\"wp-image-1848\" srcset=\"https:\/\/staging.villadianthe.com\/wp-content\/uploads\/2017\/02\/lassithi-jakovos-3.jpg 479w, https:\/\/staging.villadianthe.com\/wp-content\/uploads\/2017\/02\/lassithi-jakovos-3.jpg 480w\" sizes=\"(max-width:479px) 479px, 100vw\" \/><span class=\"et_overlay\" data-icon=\"\" data-icon-tablet=\"\" data-icon-phone=\"\"><\/span><\/a><\/div><\/div><div class=\"et_pb_gallery_item et_pb_grid_item et_pb_gallery_item_0_3\"><div class=\"et_pb_gallery_image landscape\" data-per_page=\"3\"><a href=\"https:\/\/staging.villadianthe.com\/wp-content\/uploads\/2017\/02\/mithi-jos-4.jpg\" title=\"mithi-jos-4\"><img loading=\"lazy\" decoding=\"async\" width=\"1200\" height=\"380\" src=\"https:\/\/staging.villadianthe.com\/wp-content\/uploads\/2017\/02\/mithi-jos-4.jpg\" alt=\"\" class=\"wp-image-1868\" srcset=\"https:\/\/staging.villadianthe.com\/wp-content\/uploads\/2017\/02\/mithi-jos-4.jpg 479w, https:\/\/staging.villadianthe.com\/wp-content\/uploads\/2017\/02\/mithi-jos-4.jpg 480w\" sizes=\"(max-width:479px) 479px, 100vw\" \/><span class=\"et_overlay\" data-icon=\"\" data-icon-tablet=\"\" data-icon-phone=\"\"><\/span><\/a><\/div><\/div><div class=\"et_pb_gallery_item et_pb_grid_item et_pb_gallery_item_0_4\"><div class=\"et_pb_gallery_image landscape\" data-per_page=\"3\"><a href=\"https:\/\/staging.villadianthe.com\/wp-content\/uploads\/2017\/02\/zakros-5.jpg\" title=\"zakros-5\"><img loading=\"lazy\" decoding=\"async\" width=\"1080\" height=\"810\" src=\"https:\/\/staging.villadianthe.com\/wp-content\/uploads\/2017\/02\/zakros-5.jpg\" alt=\"\" class=\"wp-image-1876\" srcset=\"https:\/\/staging.villadianthe.com\/wp-content\/uploads\/2017\/02\/zakros-5.jpg 479w, https:\/\/staging.villadianthe.com\/wp-content\/uploads\/2017\/02\/zakros-5.jpg 480w\" sizes=\"(max-width:479px) 479px, 100vw\" \/><span class=\"et_overlay\" data-icon=\"\" data-icon-tablet=\"\" data-icon-phone=\"\"><\/span><\/a><\/div><\/div><div class=\"et_pb_gallery_item et_pb_grid_item et_pb_gallery_item_0_5\"><div class=\"et_pb_gallery_image landscape\" data-per_page=\"3\"><a href=\"https:\/\/staging.villadianthe.com\/wp-content\/uploads\/2017\/02\/makri-gialos-marjo-4.jpg\" title=\"makri-gialos-marjo-4\"><img loading=\"lazy\" decoding=\"async\" width=\"1200\" height=\"900\" src=\"https:\/\/staging.villadianthe.com\/wp-content\/uploads\/2017\/02\/makri-gialos-marjo-4.jpg\" alt=\"\" class=\"wp-image-1860\" srcset=\"https:\/\/staging.villadianthe.com\/wp-content\/uploads\/2017\/02\/makri-gialos-marjo-4.jpg 479w, https:\/\/staging.villadianthe.com\/wp-content\/uploads\/2017\/02\/makri-gialos-marjo-4.jpg 480w\" sizes=\"(max-width:479px) 479px, 100vw\" \/><span class=\"et_overlay\" data-icon=\"\" data-icon-tablet=\"\" data-icon-phone=\"\"><\/span><\/a><\/div><\/div><div class=\"et_pb_gallery_item et_pb_grid_item et_pb_gallery_item_0_6\"><div class=\"et_pb_gallery_image landscape\" data-per_page=\"3\"><a href=\"https:\/\/staging.villadianthe.com\/wp-content\/uploads\/2017\/02\/mithi-jos-1.jpg\" title=\"mithi-jos-1\"><img loading=\"lazy\" decoding=\"async\" width=\"1080\" height=\"608\" src=\"https:\/\/staging.villadianthe.com\/wp-content\/uploads\/2017\/02\/mithi-jos-1.jpg\" alt=\"\" class=\"wp-image-1864\" srcset=\"https:\/\/staging.villadianthe.com\/wp-content\/uploads\/2017\/02\/mithi-jos-1.jpg 479w, https:\/\/staging.villadianthe.com\/wp-content\/uploads\/2017\/02\/mithi-jos-1.jpg 480w\" sizes=\"(max-width:479px) 479px, 100vw\" \/><span class=\"et_overlay\" data-icon=\"\" data-icon-tablet=\"\" data-icon-phone=\"\"><\/span><\/a><\/div><\/div><div class=\"et_pb_gallery_item et_pb_grid_item et_pb_gallery_item_0_7\"><div class=\"et_pb_gallery_image landscape\" data-per_page=\"3\"><a href=\"https:\/\/staging.villadianthe.com\/wp-content\/uploads\/2017\/02\/chrissi-3.jpg\" title=\"chrissi-3\"><img loading=\"lazy\" decoding=\"async\" width=\"1080\" height=\"810\" src=\"https:\/\/staging.villadianthe.com\/wp-content\/uploads\/2017\/02\/chrissi-3.jpg\" alt=\"\" class=\"wp-image-1836\" srcset=\"https:\/\/staging.villadianthe.com\/wp-content\/uploads\/2017\/02\/chrissi-3.jpg 479w, https:\/\/staging.villadianthe.com\/wp-content\/uploads\/2017\/02\/chrissi-3.jpg 480w\" sizes=\"(max-width:479px) 479px, 100vw\" \/><span class=\"et_overlay\" data-icon=\"\" data-icon-tablet=\"\" data-icon-phone=\"\"><\/span><\/a><\/div><\/div><div class=\"et_pb_gallery_item et_pb_grid_item et_pb_gallery_item_0_8\"><div class=\"et_pb_gallery_image landscape\" data-per_page=\"3\"><a href=\"https:\/\/staging.villadianthe.com\/wp-content\/uploads\/2017\/02\/lassithi-brigitta.jpg\" title=\"lassithi-brigitta\"><img loading=\"lazy\" decoding=\"async\" width=\"1024\" height=\"768\" src=\"https:\/\/staging.villadianthe.com\/wp-content\/uploads\/2017\/02\/lassithi-brigitta.jpg\" alt=\"\" class=\"wp-image-1844\" srcset=\"https:\/\/staging.villadianthe.com\/wp-content\/uploads\/2017\/02\/lassithi-brigitta.jpg 479w, https:\/\/staging.villadianthe.com\/wp-content\/uploads\/2017\/02\/lassithi-brigitta.jpg 480w\" sizes=\"(max-width:479px) 479px, 100vw\" \/><span class=\"et_overlay\" data-icon=\"\" data-icon-tablet=\"\" data-icon-phone=\"\"><\/span><\/a><\/div><\/div><div class=\"et_pb_gallery_item et_pb_grid_item et_pb_gallery_item_0_9\"><div class=\"et_pb_gallery_image landscape\" data-per_page=\"3\"><a href=\"https:\/\/staging.villadianthe.com\/wp-content\/uploads\/2017\/02\/zakros-sir-henry-4.jpg\" title=\"zakros-sir-henry-4\"><img loading=\"lazy\" decoding=\"async\" width=\"1080\" height=\"723\" src=\"https:\/\/staging.villadianthe.com\/wp-content\/uploads\/2017\/02\/zakros-sir-henry-4.jpg\" alt=\"\" class=\"wp-image-1880\" srcset=\"https:\/\/staging.villadianthe.com\/wp-content\/uploads\/2017\/02\/zakros-sir-henry-4.jpg 479w, https:\/\/staging.villadianthe.com\/wp-content\/uploads\/2017\/02\/zakros-sir-henry-4.jpg 480w\" sizes=\"(max-width:479px) 479px, 100vw\" \/><span class=\"et_overlay\" data-icon=\"\" data-icon-tablet=\"\" data-icon-phone=\"\"><\/span><\/a><\/div><\/div><div class=\"et_pb_gallery_item et_pb_grid_item et_pb_gallery_item_0_10\"><div class=\"et_pb_gallery_image landscape\" data-per_page=\"3\"><a href=\"https:\/\/staging.villadianthe.com\/wp-content\/uploads\/2017\/02\/lassithi-marjo-8.jpg\" title=\"lassithi-marjo-8\"><img loading=\"lazy\" decoding=\"async\" width=\"1200\" height=\"900\" src=\"https:\/\/staging.villadianthe.com\/wp-content\/uploads\/2017\/02\/lassithi-marjo-8.jpg\" alt=\"\" class=\"wp-image-1852\" srcset=\"https:\/\/staging.villadianthe.com\/wp-content\/uploads\/2017\/02\/lassithi-marjo-8.jpg 479w, https:\/\/staging.villadianthe.com\/wp-content\/uploads\/2017\/02\/lassithi-marjo-8.jpg 480w\" sizes=\"(max-width:479px) 479px, 100vw\" \/><span class=\"et_overlay\" data-icon=\"\" data-icon-tablet=\"\" data-icon-phone=\"\"><\/span><\/a><\/div><\/div><div class=\"et_pb_gallery_item et_pb_grid_item et_pb_gallery_item_0_11\"><div class=\"et_pb_gallery_image landscape\" data-per_page=\"3\"><a href=\"https:\/\/staging.villadianthe.com\/wp-content\/uploads\/2017\/02\/tertsa-giannis-3.jpg\" title=\"tertsa-giannis-3\"><img loading=\"lazy\" decoding=\"async\" width=\"1080\" height=\"810\" src=\"https:\/\/staging.villadianthe.com\/wp-content\/uploads\/2017\/02\/tertsa-giannis-3.jpg\" alt=\"\" class=\"wp-image-1872\" srcset=\"https:\/\/staging.villadianthe.com\/wp-content\/uploads\/2017\/02\/tertsa-giannis-3.jpg 479w, https:\/\/staging.villadianthe.com\/wp-content\/uploads\/2017\/02\/tertsa-giannis-3.jpg 480w\" sizes=\"(max-width:479px) 479px, 100vw\" \/><span class=\"et_overlay\" data-icon=\"\" data-icon-tablet=\"\" data-icon-phone=\"\"><\/span><\/a><\/div><\/div><\/div><div class=\"et_pb_gallery_pagination\"><\/div><\/div>\n<\/div>\n<\/div>\n\n<div class=\"et_pb_row_3 et_pb_row et_block_row\">\n<div class=\"et_pb_column_4 et_pb_column et_pb_column_4_4 et-last-child et_block_column et_pb_css_mix_blend_mode_passthrough\">\n<div class=\"et_pb_text_2 et_pb_text et_pb_bg_layout_light et_pb_module et_block_module\"><div class=\"et_pb_text_inner\"><p><iframe src=\"https:\/\/www.google.com\/maps\/embed?pb=!1m18!1m12!1m3!1d5796972.502216761!2d21.490457278839738!3d35.3745785134691!2m3!1f0!2f0!3f0!3m2!1i1024!2i768!4f13.1!3m3!1m2!1s0x149afe2f827d98a1%3A0x100bd2ce2b9c630!2sCrete!5e1!3m2!1sen!2sgr!4v1759769173270!5m2!1sen!2sgr\" width=\"1080\" height=\"500\" style=\"border:0;\" allowfullscreen=\"\" loading=\"lazy\" referrerpolicy=\"no-referrer-when-downgrade\"><\/iframe><\/p>\n<\/div><\/div>\n<\/div>\n<\/div>\n\n<div class=\"et_pb_row_4 et_pb_row et_pb_gutters1 et_block_row et_pb_row_fullwidth\">\n<div class=\"et_pb_column_5 et_pb_column et_pb_column_4_4 et-last-child et_block_column et_pb_css_mix_blend_mode_passthrough\">\n<div class=\"et_pb_toggle_0 et_pb_toggle et_pb_toggle_item et_pb_toggle_close et_pb_module et_block_module preset--group--divi-toggle--divi-font--hm5q2bb--default preset--group--divi-toggle--divi-font--h1q6g4r--default preset--group--divi-toggle--divi-font--h1rap4w--default preset--group--divi-toggle--divi-font--hp5h6dj--default preset--group--divi-toggle--divi-font--h10j4yd--default\"><div class=\"et_pb_toggle_content clearfix\"><p style=\"text-align: right;\"><span style=\"font-size: 10pt;\">Construit et entretenu <a href=\"https:\/\/www.cybershrimp.com\/heartbeat-website-monitor\/\"><img loading=\"lazy\" decoding=\"async\" class=\"jurlogo pulse\" title=\"Heartbeat Control\" src=\"https:\/\/villadianthe.staticdata.nl\/carbon\/2017\/02\/cybershrimpmini.png\" alt=\"cybershrimpmini\" width=\"16\" height=\"16\" \/><\/a><a title=\"\u03b9\u03c3\u03c4\u03bf\u03c3\u03b5\u03bb\u03af\u03b4\u03b5\u03c2 \u03b3\u03b9\u03b1 \u03c4\u03bf\u03c5\u03c2 \u03b1\u03bd\u03b8\u03c1\u03ce\u03c0\u03bf\u03c5\u03c2\" href=\"https:\/\/www.cybershrimp.fr\/\"> Cyber Shrimp<\/a>\u00a0\u00a9 Droits d'auteur 2017 <img loading=\"lazy\" decoding=\"async\" class=\"jurlogo alignnone wp-image-2240 size-full\" src=\"https:\/\/villadianthe.staticdata.nl\/carbon\/2017\/02\/villa-dianthe-mirtos-logo-footer-mini.png\" width=\"19\" height=\"19\" \/> <span style=\"font-family: chopin; color: #a32e24; font-size: 14pt;\"><a style=\"color: #a32e24;\" href=\"https:\/\/staging.villadianthe.com\">Villa Dianthe<\/a><\/span><\/span><\/p>\n<\/div><\/div>\n<\/div>\n<\/div>\n<\/div>","protected":false},"excerpt":{"rendered":"","protected":false},"author":6,"featured_media":0,"parent":0,"menu_order":0,"comment_status":"closed","ping_status":"closed","template":"","meta":{"footnotes":""},"class_list":["post-1643","page","type-page","status-publish","hentry"],"_links":{"self":[{"href":"https:\/\/staging.villadianthe.com\/fr\/wp-json\/wp\/v2\/pages\/1643","targetHints":{"allow":["GET"]}}],"collection":[{"href":"https:\/\/staging.villadianthe.com\/fr\/wp-json\/wp\/v2\/pages"}],"about":[{"href":"https:\/\/staging.villadianthe.com\/fr\/wp-json\/wp\/v2\/types\/page"}],"author":[{"embeddable":true,"href":"https:\/\/staging.villadianthe.com\/fr\/wp-json\/wp\/v2\/users\/6"}],"replies":[{"embeddable":true,"href":"https:\/\/staging.villadianthe.com\/fr\/wp-json\/wp\/v2\/comments?post=1643"}],"version-history":[{"count":0,"href":"https:\/\/staging.villadianthe.com\/fr\/wp-json\/wp\/v2\/pages\/1643\/revisions"}],"wp:attachment":[{"href":"https:\/\/staging.villadianthe.com\/fr\/wp-json\/wp\/v2\/media?parent=1643"}],"curies":[{"name":"wp","href":"https:\/\/api.w.org\/{rel}","templated":true}]}}