{"id":1576,"date":"2017-02-17T10:59:02","date_gmt":"2017-02-17T10:59:02","guid":{"rendered":"https:\/\/villadianthe.com\/bienvenue-a-villa-dianthe\/"},"modified":"2026-04-18T21:48:34","modified_gmt":"2026-04-18T18:48:34","slug":"bienvenue-a-villa-dianthe","status":"publish","type":"page","link":"https:\/\/staging.villadianthe.com\/fr\/","title":{"rendered":"Bienvenue \u00e0 Villa Dianthe"},"content":{"rendered":"<div class=\"et_pb_section_0 et_pb_section et_section_regular et_block_section\">\n<div class=\"et_pb_row_0 et_pb_row et_pb_gutters1 et_block_row\">\n<div class=\"et_pb_column_0 et_pb_column et_pb_column_4_4 et-last-child et_block_column et_pb_css_mix_blend_mode_passthrough\">\n<div class=\"et_pb_post_title_0 et_pb_post_title et_pb_bg_layout_light et_pb_module et_flex_module preset--group--divi-post-title--divi-font--hm5q2bb--default preset--group--divi-post-title--divi-font--h3vve90--default\"><div class=\"et_pb_title_container\"><h1 class=\"entry-title\">Bienvenue \u00e0 Villa Dianthe<\/h1><\/div><\/div>\n<\/div>\n<\/div>\n\n<div class=\"et_pb_row_1 et_pb_row et_pb_gutters1 et_block_row\">\n<div class=\"et_pb_column_1 et_pb_column et_pb_column_4_4 et-last-child et_block_column et_pb_css_mix_blend_mode_passthrough\">\n<div class=\"et_pb_text_0 et_pb_text et_pb_bg_layout_light et_pb_module et_block_module\"><div class=\"et_pb_text_inner\"><p><span style=\"font-size: large;\">Situ\u00e9s \u00e0 Mirtos, nos luxueux appartements d\u2019une excellente qualit\u00e9 sont ouverts toute l\u2019ann\u00e9e.<\/span><\/p>\n<p><span style=\"font-size: large;\"><\/span><\/p>\n<\/div><\/div>\n\n<div class=\"et_pb_video_0 et_pb_video et_pb_module et_flex_module\"><div class=\"et_pb_video_box\"><iframe loading=\"lazy\" title=\"Bienvenue \u00e0 Villa Dianthe\" src=\"https:\/\/player.vimeo.com\/video\/510312411?dnt=1&amp;app_id=122963\" width=\"1080\" height=\"608\" frameborder=\"0\" allow=\"autoplay; fullscreen; picture-in-picture; clipboard-write; encrypted-media; web-share\" referrerpolicy=\"strict-origin-when-cross-origin\"><\/iframe><\/div><\/div>\n<\/div>\n<\/div>\n\n<div class=\"et_pb_row_2 et_pb_row et_pb_row_3-4_1-4 et_pb_equal_columns et_pb_gutters1 et_block_row et_block_row_3-4_1-4\">\n<div class=\"et_pb_column_2 et_pb_column et_pb_column_3_4 et_block_column et_pb_css_mix_blend_mode_passthrough boxsetshad\">\n<div class=\"et_pb_text_1 et_pb_text et_pb_bg_layout_light et_pb_module et_block_module preset--group--divi-text--divi-font-header--h1y3ko5--bfxtf3vf2b\"><div class=\"et_pb_text_inner\"><h2>Appartements<\/h2>\n<p class=\"\">Villa Dianthe a \u00e9t\u00e9 construite en 2009 \u00e0 un superbe endroit \u00e0 la lisi\u00e8re du village pittoresque et tranquille de Mirtos au sud est de la Cr\u00e8te. Elle vous offre cinq appartements confortables tr\u00e8s spacieux, quatre appartements de trois pi\u00e8ces et un appartement de quatre pi\u00e8ces. De chaque appartement vous pourrez appr\u00e9cier la vue magnifique sur la nature environnante, la mer et le village. Ces appartements ont chacun leur propre entr\u00e9e et sont dot\u00e9s de tout le confort.<\/p>\n<h2>Luxe<\/h2>\n<p>Chaque appartement a une grande salle de s\u00e9jour, deux chambres (appartement de trois pi\u00e8ces) ou 3 chambres (appartements de quatre pi\u00e8ces), un large balcon face \u00e0 la mer et une salle de bain avec douche, toilettes et lavabo. L\u2019appartement de quatre pi\u00e8ces offre, outre une chambre suppl\u00e9mentaire, une deuxi\u00e8me salle de bain. Toutes les chambres et salle de s\u00e9jour ont l\u2019air conditionn\u00e9. Vous pouvez utiliser \u00e9galement internet et un coffre-fort. L\u2019appartement de trois pi\u00e8ces a une chambre avec un lit de deux personnes et une chambre avec deux lits d\u2019une personne. L\u2019appartement de quatre pi\u00e8ces a une chambre suppl\u00e9mentaire avec deux lits d\u2019une personne. Les lits ont des matelas confortables. La grande salle de s\u00e9jour dispose d\u2019un canap\u00e9 convertible, table pour les repas, t\u00e9l\u00e9vision satellite et une cuisine spacieuse parfaitement \u00e9quip\u00e9e avec entre autre plaques vitroc\u00e9ramiques, four micro-ondes combin\u00e9, lave-vaisselle, hotte aspirante et tout le mat\u00e9riel n\u00e9cessaire pour cuisiner. Une bouilloire et une cafeti\u00e8re \u00e9lectriques, accompagn\u00e9es d\u2019un appareil Senseo ou d\u2019une machine Nespresso, compl\u00e8tent l\u2019ensemble.<\/p>\n<div class=\"jurblokje\">Pour \u00e9viter l'utilisation de bouteilles d'eau en plastique, nous avons install\u00e9 un syst\u00e8me de filtration d'eau. Ainsi, vous pouvez puiser de l'eau potable gratuitement.<\/div>\n<h2>Qualit\u00e9 exceptionnelle<\/h2>\n<p>Les appartements de trois pi\u00e8ces sont con\u00e7us pour recevoir 5 \u00e0 6 personnes au maximum, les appartements de quatre pi\u00e8ces peuvent accueillir de 7 \u00e0 8 personnes. Tous les appartements sont d\u2019une qualit\u00e9 exceptionnelle. Villa Dianthe est situ\u00e9e \u00e0 environ 450 m\u00e8tres des magasins, tavernes, le boulevard et la plage, facilement accessibles \u00e0 pied pour tous car il n\u2019y a presque pas de d\u00e9nivellation.<\/p>\n<h2>Hiver \u00e0 Mirtos<\/h2>\n<p>Les appartements sont ouverts toute l\u2019ann\u00e9e. Le doux climat du sud-est de la Cr\u00e8te, la superficie et le confort des appartements rendent en effet un s\u00e9jour parfaitement adapt\u00e9 en hiver. Durant cette p\u00e9riode la population locale est toujours pr\u00e9sente dans le village de Mirtos. Le boulanger, le boucher, chaque sup\u00e9rette et quelques restaurants restent ouverts. Nous avons mentionn\u00e9 les <a href=\"https:\/\/staging.villadianthe.com\/fr\/tarifs\/\">tarifs mensuels<\/a> pour les personnes d\u00e9sirant s\u00e9journer en hiver, pour une p\u00e9riode plus longue : prix sur demande.<br \/>\nPendant un s\u00e9jour en hiver, un tarif mensuel sp\u00e9cial ou un prix sp\u00e9cifiquement convenu s'applique. Des conditions diff\u00e9rentes s'appliquent \u00e9galement. Veuillez vous r\u00e9f\u00e9rer aux <a href=\"https:\/\/documents.staticdata.nl\/conditions-de-reservation-villa-dianthe-07-03-2024.pdf\" target=\"_blank\" rel=\"noopener\">conditions de r\u00e9servation<\/a> sous \"S\u00e9jour d'hiver\" pour plus d'informations.<\/p>\n<\/div><\/div>\n\n<div class=\"et_pb_divider_0 et_pb_divider_hidden et_pb_space et_pb_divider_position_top et_pb_module\"><div class=\"et_pb_divider_internal\"><\/div><\/div>\n<\/div>\n\n<div class=\"et_pb_column_3 et_pb_column et_pb_column_1_4 et-last-child et_block_column et_pb_css_mix_blend_mode_passthrough boxsetshad\" id=\"stickscroll\">\n<div class=\"et_pb_gallery_0 et_pb_gallery et_pb_bg_layout_light et_pb_gallery_grid et_pb_module preset--group--divi-gallery--divi-font--hm5q2bb--default preset--group--divi-gallery--divi-font--h2ea9xh--default preset--group--divi-gallery--divi-font--hazxa49--default\" data-auto-rotate=\"off\" data-auto-rotate-speed=\"\"><div class=\"et_pb_gallery_items et_post_gallery clearfix et_grid_module\" data-per_page=\"4\"><div class=\"et_pb_gallery_item et_pb_grid_item et_pb_gallery_item_0_0\"><div class=\"et_pb_gallery_image landscape\" data-per_page=\"4\"><a href=\"https:\/\/staging.villadianthe.com\/wp-content\/uploads\/2024\/04\/villa-dianthe-front-20.webp\" title=\"villa-dianthe-front-20\"><img loading=\"lazy\" decoding=\"async\" width=\"1200\" height=\"900\" src=\"https:\/\/staging.villadianthe.com\/wp-content\/uploads\/2024\/04\/villa-dianthe-front-20.webp\" alt=\"\" class=\"wp-image-219084\" srcset=\"https:\/\/staging.villadianthe.com\/wp-content\/uploads\/2024\/04\/villa-dianthe-front-20.webp 479w, https:\/\/staging.villadianthe.com\/wp-content\/uploads\/2024\/04\/villa-dianthe-front-20.webp 480w\" sizes=\"(max-width:479px) 479px, 100vw\" \/><span class=\"et_overlay\" data-icon=\"\" data-icon-tablet=\"\" data-icon-phone=\"\"><\/span><\/a><\/div><\/div><div class=\"et_pb_gallery_item et_pb_grid_item et_pb_gallery_item_0_1\"><div class=\"et_pb_gallery_image landscape\" data-per_page=\"4\"><a href=\"https:\/\/staging.villadianthe.com\/wp-content\/uploads\/2024\/04\/villa-dianthe-front-29.webp\" title=\"villa-dianthe-front-29\"><img loading=\"lazy\" decoding=\"async\" width=\"1280\" height=\"1280\" src=\"https:\/\/staging.villadianthe.com\/wp-content\/uploads\/2024\/04\/villa-dianthe-front-29.webp\" alt=\"\" class=\"wp-image-219088\" srcset=\"https:\/\/staging.villadianthe.com\/wp-content\/uploads\/2024\/04\/villa-dianthe-front-29.webp 479w, https:\/\/staging.villadianthe.com\/wp-content\/uploads\/2024\/04\/villa-dianthe-front-29.webp 480w\" sizes=\"(max-width:479px) 479px, 100vw\" \/><span class=\"et_overlay\" data-icon=\"\" data-icon-tablet=\"\" data-icon-phone=\"\"><\/span><\/a><\/div><\/div><div class=\"et_pb_gallery_item et_pb_grid_item et_pb_gallery_item_0_2\"><div class=\"et_pb_gallery_image landscape\" data-per_page=\"4\"><a href=\"https:\/\/staging.villadianthe.com\/wp-content\/uploads\/2024\/04\/villa-dianthe-apartment-01-09.webp\" title=\"villa-dianthe-apartment-01-09\"><img loading=\"lazy\" decoding=\"async\" width=\"1200\" height=\"900\" src=\"https:\/\/staging.villadianthe.com\/wp-content\/uploads\/2024\/04\/villa-dianthe-apartment-01-09.webp\" alt=\"\" class=\"wp-image-219076\" srcset=\"https:\/\/staging.villadianthe.com\/wp-content\/uploads\/2024\/04\/villa-dianthe-apartment-01-09.webp 479w, https:\/\/staging.villadianthe.com\/wp-content\/uploads\/2024\/04\/villa-dianthe-apartment-01-09.webp 480w\" sizes=\"(max-width:479px) 479px, 100vw\" \/><span class=\"et_overlay\" data-icon=\"\" data-icon-tablet=\"\" data-icon-phone=\"\"><\/span><\/a><\/div><\/div><div class=\"et_pb_gallery_item et_pb_grid_item et_pb_gallery_item_0_3\"><div class=\"et_pb_gallery_image landscape\" data-per_page=\"4\"><a href=\"https:\/\/staging.villadianthe.com\/wp-content\/uploads\/2024\/04\/bicycles-villa-dianthe.webp\" title=\"bicycles-villa-dianthe\"><img loading=\"lazy\" decoding=\"async\" width=\"925\" height=\"800\" src=\"https:\/\/staging.villadianthe.com\/wp-content\/uploads\/2024\/04\/bicycles-villa-dianthe.webp\" alt=\"\" class=\"wp-image-219060\" srcset=\"https:\/\/staging.villadianthe.com\/wp-content\/uploads\/2024\/04\/bicycles-villa-dianthe.webp 479w, https:\/\/staging.villadianthe.com\/wp-content\/uploads\/2024\/04\/bicycles-villa-dianthe.webp 480w\" sizes=\"(max-width:479px) 479px, 100vw\" \/><span class=\"et_overlay\" data-icon=\"\" data-icon-tablet=\"\" data-icon-phone=\"\"><\/span><\/a><\/div><\/div><div class=\"et_pb_gallery_item et_pb_grid_item et_pb_gallery_item_0_4\"><div class=\"et_pb_gallery_image landscape\" data-per_page=\"4\"><a href=\"https:\/\/staging.villadianthe.com\/wp-content\/uploads\/2024\/04\/villa-dianthe-inside-28.webp\" title=\"villa-dianthe-inside-28\"><img loading=\"lazy\" decoding=\"async\" width=\"1200\" height=\"900\" src=\"https:\/\/staging.villadianthe.com\/wp-content\/uploads\/2024\/04\/villa-dianthe-inside-28.webp\" alt=\"\" class=\"wp-image-219108\" srcset=\"https:\/\/staging.villadianthe.com\/wp-content\/uploads\/2024\/04\/villa-dianthe-inside-28.webp 479w, https:\/\/staging.villadianthe.com\/wp-content\/uploads\/2024\/04\/villa-dianthe-inside-28.webp 480w\" sizes=\"(max-width:479px) 479px, 100vw\" \/><span class=\"et_overlay\" data-icon=\"\" data-icon-tablet=\"\" data-icon-phone=\"\"><\/span><\/a><\/div><\/div><div class=\"et_pb_gallery_item et_pb_grid_item et_pb_gallery_item_0_5\"><div class=\"et_pb_gallery_image landscape\" data-per_page=\"4\"><a href=\"https:\/\/staging.villadianthe.com\/wp-content\/uploads\/2024\/04\/boldercar.webp\" title=\"boldercar\"><img loading=\"lazy\" decoding=\"async\" width=\"482\" height=\"691\" src=\"https:\/\/staging.villadianthe.com\/wp-content\/uploads\/2024\/04\/boldercar.webp\" alt=\"\" class=\"wp-image-219064\" srcset=\"https:\/\/staging.villadianthe.com\/wp-content\/uploads\/2024\/04\/boldercar.webp 479w, https:\/\/staging.villadianthe.com\/wp-content\/uploads\/2024\/04\/boldercar.webp 480w\" sizes=\"(max-width:479px) 479px, 100vw\" \/><span class=\"et_overlay\" data-icon=\"\" data-icon-tablet=\"\" data-icon-phone=\"\"><\/span><\/a><\/div><\/div><div class=\"et_pb_gallery_item et_pb_grid_item et_pb_gallery_item_0_6\"><div class=\"et_pb_gallery_image landscape\" data-per_page=\"4\"><a href=\"https:\/\/staging.villadianthe.com\/wp-content\/uploads\/2024\/04\/villadianthe.com-apartment-4-03.webp\" title=\"villadianthe.com-apartment-4-03\"><img loading=\"lazy\" decoding=\"async\" width=\"1200\" height=\"800\" src=\"https:\/\/staging.villadianthe.com\/wp-content\/uploads\/2024\/04\/villadianthe.com-apartment-4-03.webp\" alt=\"\" class=\"wp-image-219072\" srcset=\"https:\/\/staging.villadianthe.com\/wp-content\/uploads\/2024\/04\/villadianthe.com-apartment-4-03.webp 479w, https:\/\/staging.villadianthe.com\/wp-content\/uploads\/2024\/04\/villadianthe.com-apartment-4-03.webp 480w\" sizes=\"(max-width:479px) 479px, 100vw\" \/><span class=\"et_overlay\" data-icon=\"\" data-icon-tablet=\"\" data-icon-phone=\"\"><\/span><\/a><\/div><\/div><div class=\"et_pb_gallery_item et_pb_grid_item et_pb_gallery_item_0_7\"><div class=\"et_pb_gallery_image landscape\" data-per_page=\"4\"><a href=\"https:\/\/staging.villadianthe.com\/wp-content\/uploads\/2024\/04\/villa-dianthe-inside-25.webp\" title=\"villa-dianthe-inside-25\"><img loading=\"lazy\" decoding=\"async\" width=\"1200\" height=\"900\" src=\"https:\/\/staging.villadianthe.com\/wp-content\/uploads\/2024\/04\/villa-dianthe-inside-25.webp\" alt=\"\" class=\"wp-image-219096\" srcset=\"https:\/\/staging.villadianthe.com\/wp-content\/uploads\/2024\/04\/villa-dianthe-inside-25.webp 479w, https:\/\/staging.villadianthe.com\/wp-content\/uploads\/2024\/04\/villa-dianthe-inside-25.webp 480w\" sizes=\"(max-width:479px) 479px, 100vw\" \/><span class=\"et_overlay\" data-icon=\"\" data-icon-tablet=\"\" data-icon-phone=\"\"><\/span><\/a><\/div><\/div><div class=\"et_pb_gallery_item et_pb_grid_item et_pb_gallery_item_0_8\"><div class=\"et_pb_gallery_image landscape\" data-per_page=\"4\"><a href=\"https:\/\/staging.villadianthe.com\/wp-content\/uploads\/2024\/04\/villa-dianthe-inside-26.webp\" title=\"villa-dianthe-inside-26\"><img loading=\"lazy\" decoding=\"async\" width=\"1200\" height=\"900\" src=\"https:\/\/staging.villadianthe.com\/wp-content\/uploads\/2024\/04\/villa-dianthe-inside-26.webp\" alt=\"\" class=\"wp-image-219100\" srcset=\"https:\/\/staging.villadianthe.com\/wp-content\/uploads\/2024\/04\/villa-dianthe-inside-26.webp 479w, https:\/\/staging.villadianthe.com\/wp-content\/uploads\/2024\/04\/villa-dianthe-inside-26.webp 480w\" sizes=\"(max-width:479px) 479px, 100vw\" \/><span class=\"et_overlay\" data-icon=\"\" data-icon-tablet=\"\" data-icon-phone=\"\"><\/span><\/a><\/div><\/div><div class=\"et_pb_gallery_item et_pb_grid_item et_pb_gallery_item_0_9\"><div class=\"et_pb_gallery_image landscape\" data-per_page=\"4\"><a href=\"https:\/\/staging.villadianthe.com\/wp-content\/uploads\/2024\/04\/villa-dianthe-bathroom.webp\" title=\"villa-dianthe-bathroom\"><img loading=\"lazy\" decoding=\"async\" width=\"900\" height=\"1350\" src=\"https:\/\/staging.villadianthe.com\/wp-content\/uploads\/2024\/04\/villa-dianthe-bathroom.webp\" alt=\"\" class=\"wp-image-219080\" srcset=\"https:\/\/staging.villadianthe.com\/wp-content\/uploads\/2024\/04\/villa-dianthe-bathroom.webp 479w, https:\/\/staging.villadianthe.com\/wp-content\/uploads\/2024\/04\/villa-dianthe-bathroom.webp 480w\" sizes=\"(max-width:479px) 479px, 100vw\" \/><span class=\"et_overlay\" data-icon=\"\" data-icon-tablet=\"\" data-icon-phone=\"\"><\/span><\/a><\/div><\/div><div class=\"et_pb_gallery_item et_pb_grid_item et_pb_gallery_item_0_10\"><div class=\"et_pb_gallery_image landscape\" data-per_page=\"4\"><a href=\"https:\/\/staging.villadianthe.com\/wp-content\/uploads\/2024\/04\/villa-dianthe-inside-27.webp\" title=\"villa-dianthe-inside-27\"><img loading=\"lazy\" decoding=\"async\" width=\"1200\" height=\"900\" src=\"https:\/\/staging.villadianthe.com\/wp-content\/uploads\/2024\/04\/villa-dianthe-inside-27.webp\" alt=\"\" class=\"wp-image-219104\" srcset=\"https:\/\/staging.villadianthe.com\/wp-content\/uploads\/2024\/04\/villa-dianthe-inside-27.webp 479w, https:\/\/staging.villadianthe.com\/wp-content\/uploads\/2024\/04\/villa-dianthe-inside-27.webp 480w\" sizes=\"(max-width:479px) 479px, 100vw\" \/><span class=\"et_overlay\" data-icon=\"\" data-icon-tablet=\"\" data-icon-phone=\"\"><\/span><\/a><\/div><\/div><div class=\"et_pb_gallery_item et_pb_grid_item et_pb_gallery_item_0_11\"><div class=\"et_pb_gallery_image landscape\" data-per_page=\"4\"><a href=\"https:\/\/staging.villadianthe.com\/wp-content\/uploads\/2024\/04\/villa-dianthe-inside-29.webp\" title=\"villa-dianthe-inside-29\"><img loading=\"lazy\" decoding=\"async\" width=\"1200\" height=\"900\" src=\"https:\/\/staging.villadianthe.com\/wp-content\/uploads\/2024\/04\/villa-dianthe-inside-29.webp\" alt=\"\" class=\"wp-image-219112\" srcset=\"https:\/\/staging.villadianthe.com\/wp-content\/uploads\/2024\/04\/villa-dianthe-inside-29.webp 479w, https:\/\/staging.villadianthe.com\/wp-content\/uploads\/2024\/04\/villa-dianthe-inside-29.webp 480w\" sizes=\"(max-width:479px) 479px, 100vw\" \/><span class=\"et_overlay\" data-icon=\"\" data-icon-tablet=\"\" data-icon-phone=\"\"><\/span><\/a><\/div><\/div><div class=\"et_pb_gallery_item et_pb_grid_item et_pb_gallery_item_0_12\"><div class=\"et_pb_gallery_image landscape\" data-per_page=\"4\"><a href=\"https:\/\/staging.villadianthe.com\/wp-content\/uploads\/2024\/04\/villa-dianthe-inside-30.webp\" title=\"villa-dianthe-inside-30\"><img loading=\"lazy\" decoding=\"async\" width=\"1200\" height=\"900\" src=\"https:\/\/staging.villadianthe.com\/wp-content\/uploads\/2024\/04\/villa-dianthe-inside-30.webp\" alt=\"\" class=\"wp-image-219116\" srcset=\"https:\/\/staging.villadianthe.com\/wp-content\/uploads\/2024\/04\/villa-dianthe-inside-30.webp 479w, https:\/\/staging.villadianthe.com\/wp-content\/uploads\/2024\/04\/villa-dianthe-inside-30.webp 480w\" sizes=\"(max-width:479px) 479px, 100vw\" \/><span class=\"et_overlay\" data-icon=\"\" data-icon-tablet=\"\" data-icon-phone=\"\"><\/span><\/a><\/div><\/div><div class=\"et_pb_gallery_item et_pb_grid_item et_pb_gallery_item_0_13\"><div class=\"et_pb_gallery_image landscape\" data-per_page=\"4\"><a href=\"https:\/\/staging.villadianthe.com\/wp-content\/uploads\/2024\/04\/villa-dianthe-inside-20.webp\" title=\"villa-dianthe-inside-20\"><img loading=\"lazy\" decoding=\"async\" width=\"1200\" height=\"900\" src=\"https:\/\/staging.villadianthe.com\/wp-content\/uploads\/2024\/04\/villa-dianthe-inside-20.webp\" alt=\"\" class=\"wp-image-219092\" srcset=\"https:\/\/staging.villadianthe.com\/wp-content\/uploads\/2024\/04\/villa-dianthe-inside-20.webp 479w, https:\/\/staging.villadianthe.com\/wp-content\/uploads\/2024\/04\/villa-dianthe-inside-20.webp 480w\" sizes=\"(max-width:479px) 479px, 100vw\" \/><span class=\"et_overlay\" data-icon=\"\" data-icon-tablet=\"\" data-icon-phone=\"\"><\/span><\/a><\/div><\/div><div class=\"et_pb_gallery_item et_pb_grid_item et_pb_gallery_item_0_14\"><div class=\"et_pb_gallery_image landscape\" data-per_page=\"4\"><a href=\"https:\/\/staging.villadianthe.com\/wp-content\/uploads\/2024\/04\/vila-dianthe-com-apartment-03-3.webp\" title=\"vila-dianthe-com-apartment-03-3\"><img loading=\"lazy\" decoding=\"async\" width=\"1200\" height=\"800\" src=\"https:\/\/staging.villadianthe.com\/wp-content\/uploads\/2024\/04\/vila-dianthe-com-apartment-03-3.webp\" alt=\"\" class=\"wp-image-219068\" srcset=\"https:\/\/staging.villadianthe.com\/wp-content\/uploads\/2024\/04\/vila-dianthe-com-apartment-03-3.webp 479w, https:\/\/staging.villadianthe.com\/wp-content\/uploads\/2024\/04\/vila-dianthe-com-apartment-03-3.webp 480w\" sizes=\"(max-width:479px) 479px, 100vw\" \/><span class=\"et_overlay\" data-icon=\"\" data-icon-tablet=\"\" data-icon-phone=\"\"><\/span><\/a><\/div><\/div><\/div><div class=\"et_pb_gallery_pagination\"><\/div><\/div>\n<\/div>\n<\/div>\n\n<div class=\"et_pb_row_3 et_pb_row et_pb_gutters1 et_block_row\">\n<div class=\"et_pb_column_4 et_pb_column et_pb_column_4_4 et-last-child et_block_column et_pb_css_mix_blend_mode_passthrough\">\n<div class=\"et_pb_text_2 et_pb_text et_pb_bg_layout_light et_pb_module et_block_module\"><div class=\"et_pb_text_inner\"><h3>Plans<\/h3>\n<\/div><\/div>\n<\/div>\n<\/div>\n\n<div class=\"et_pb_row_4 et_pb_row et_pb_equal_columns et_pb_gutters1 et_block_row\">\n<div class=\"et_pb_column_5 et_pb_column et_pb_column_1_3 et_block_column et_pb_css_mix_blend_mode_passthrough\">\n<div class=\"et_pb_image_0 et_pb_image et_pb_has_overlay et_pb_module et_block_module\"><a href=\"https:\/\/staging.villadianthe.com\/wp-content\/uploads\/2024\/04\/villadianthe.com-apartment-1-floor-plan.jpg\" class=\"et_pb_lightbox_image\" alt=\"Floor plan of apt 1\"><span class=\"et_pb_image_wrap\"><img loading=\"lazy\" decoding=\"async\" src=\"https:\/\/staging.villadianthe.com\/wp-content\/uploads\/2024\/04\/villadianthe.com-apartment-1-floor-plan.jpg\" width=\"556\" height=\"465\" srcset=\"https:\/\/staging.villadianthe.com\/wp-content\/uploads\/2024\/04\/villadianthe.com-apartment-1-floor-plan.jpg 556w, https:\/\/staging.villadianthe.com\/wp-content\/uploads\/2024\/04\/villadianthe.com-apartment-1-floor-plan-480x401.jpg 480w\" sizes=\"(min-width: 0px) and (max-width: 480px) 480px, (min-width: 481px) 556px, 100vw\" class=\"wp-image-219126\" title=\"villadianthe.com-apartment-1-floor-plan\" alt=\"Floor plan of apt 1\" \/><span class=\"et_overlay et_pb_inline_icon\" data-icon=\"1\"><\/span><\/span><\/a><\/div>\n<\/div>\n\n<div class=\"et_pb_column_6 et_pb_column et_pb_column_1_3 et_block_column et_pb_css_mix_blend_mode_passthrough\">\n<div class=\"et_pb_image_1 et_pb_image et_pb_has_overlay et_pb_module et_block_module\"><a href=\"https:\/\/staging.villadianthe.com\/wp-content\/uploads\/2024\/04\/villadianthe.com-apartment-2-floor-plan.jpg\" class=\"et_pb_lightbox_image\" alt=\"Floor plan of apt 2 and 4\"><span class=\"et_pb_image_wrap\"><img loading=\"lazy\" decoding=\"async\" src=\"https:\/\/staging.villadianthe.com\/wp-content\/uploads\/2024\/04\/villadianthe.com-apartment-2-floor-plan.jpg\" width=\"556\" height=\"465\" srcset=\"https:\/\/staging.villadianthe.com\/wp-content\/uploads\/2024\/04\/villadianthe.com-apartment-2-floor-plan.jpg 556w, https:\/\/staging.villadianthe.com\/wp-content\/uploads\/2024\/04\/villadianthe.com-apartment-2-floor-plan-480x401.jpg 480w\" sizes=\"(min-width: 0px) and (max-width: 480px) 480px, (min-width: 481px) 556px, 100vw\" class=\"wp-image-219130\" title=\"villadianthe.com-apartment-2-floor-plan\" alt=\"Floor plan of apt 2 and 4\" \/><span class=\"et_overlay et_pb_inline_icon\" data-icon=\"1\"><\/span><\/span><\/a><\/div>\n<\/div>\n\n<div class=\"et_pb_column_7 et_pb_column et_pb_column_1_3 et-last-child et_block_column et_pb_css_mix_blend_mode_passthrough\">\n<div class=\"et_pb_image_2 et_pb_image et_pb_has_overlay et_pb_module et_block_module\"><a href=\"https:\/\/staging.villadianthe.com\/wp-content\/uploads\/2024\/04\/villadianthe.com-apartment-3-floor-plan.jpg\" class=\"et_pb_lightbox_image\" alt=\"Floor plan of apt 3 and 5\"><span class=\"et_pb_image_wrap\"><img loading=\"lazy\" decoding=\"async\" src=\"https:\/\/staging.villadianthe.com\/wp-content\/uploads\/2024\/04\/villadianthe.com-apartment-3-floor-plan.jpg\" width=\"556\" height=\"465\" srcset=\"https:\/\/staging.villadianthe.com\/wp-content\/uploads\/2024\/04\/villadianthe.com-apartment-3-floor-plan.jpg 556w, https:\/\/staging.villadianthe.com\/wp-content\/uploads\/2024\/04\/villadianthe.com-apartment-3-floor-plan-480x401.jpg 480w\" sizes=\"(min-width: 0px) and (max-width: 480px) 480px, (min-width: 481px) 556px, 100vw\" class=\"wp-image-219134\" title=\"villadianthe.com-apartment-3-floor-plan\" alt=\"Floor plan of apt 3 and 5\" \/><span class=\"et_overlay et_pb_inline_icon\" data-icon=\"1\"><\/span><\/span><\/a><\/div>\n<\/div>\n<\/div>\n\n<div class=\"et_pb_row_5 et_pb_row et_block_row popuprowpromo\">\n<div class=\"et_pb_column_8 et_pb_column et_pb_column_2_3 et_block_column et_pb_css_mix_blend_mode_passthrough\">\n<div class=\"et_pb_code_0 et_pb_code et_pb_module\"><div class=\"et_pb_code_inner\"><style>\n.poppie.et_pb_toggle_close .et_pb_toggle_title:before, .poppie.et_pb_toggle_close {\ndisplay: none;\n}\n<\/style><\/div><\/div>\n\n<div class=\"et_pb_toggle_0 et_pb_toggle et_pb_toggle_item et_pb_toggle_open et_animated et_pb_module et_block_module poppie preset--group--divi-toggle--divi-font--hm5q2bb--default preset--group--divi-toggle--divi-font--h1q6g4r--default preset--group--divi-toggle--divi-font--h1rap4w--default preset--group--divi-toggle--divi-font--hp5h6dj--default preset--group--divi-toggle--divi-font--h10j4yd--default\"><h5 class=\"et_pb_toggle_title\">Derni\u00e8re minute<\/h5><div class=\"et_pb_toggle_content clearfix\"><p>\n<table id=\"tablepress-1\" class=\"tablepress tablepress-id-1\">\n<tbody class=\"row-striping row-hover\">\n<tr class=\"row-1\">\n\t<td class=\"column-1\">27\/04<\/td><td class=\"column-2\">-<\/td><td class=\"column-3\">04\/05<\/td>\n<\/tr>\n<tr class=\"row-2\">\n\t<td class=\"column-1\">30\/04<\/td><td class=\"column-2\">-<\/td><td class=\"column-3\">10\/05<\/td>\n<\/tr>\n<tr class=\"row-3\">\n\t<td class=\"column-1\">04\/05<\/td><td class=\"column-2\">-<\/td><td class=\"column-3\">07\/05<\/td>\n<\/tr>\n<tr class=\"row-4\">\n\t<td class=\"column-1\">13\/05<\/td><td class=\"column-2\">-<\/td><td class=\"column-3\">17\/05<\/td>\n<\/tr>\n<tr class=\"row-5\">\n\t<td class=\"column-1\">27\/05<\/td><td class=\"column-2\">-<\/td><td class=\"column-3\">03\/06<\/td>\n<\/tr>\n<\/tbody>\n<\/table>\n<!-- #tablepress-1 from cache --><a href=\"tel:00306945897986\">Appelez-nous maintenant&nbsp;!<\/a><\/p>\n<\/div><\/div>\n<\/div>\n\n<div class=\"et_pb_column_9 et_pb_column et_pb_column_1_3 et-last-child et_block_column et_pb_column_empty et_pb_css_mix_blend_mode_passthrough\"><\/div>\n<\/div>\n<\/div>","protected":false},"excerpt":{"rendered":"<p>Appartements luxueux de qualit\u00e9 exceptionnelle \u00e0 Mirtos, au sud de Cr\u00e8te, qui sont ouverts toute l\u2019ann\u00e9e. Parfaitement adapt\u00e9 en hiver !<\/p>\n","protected":false},"author":6,"featured_media":0,"parent":0,"menu_order":0,"comment_status":"closed","ping_status":"closed","template":"","meta":{"footnotes":""},"class_list":["post-1576","page","type-page","status-publish","hentry"],"_links":{"self":[{"href":"https:\/\/staging.villadianthe.com\/fr\/wp-json\/wp\/v2\/pages\/1576","targetHints":{"allow":["GET"]}}],"collection":[{"href":"https:\/\/staging.villadianthe.com\/fr\/wp-json\/wp\/v2\/pages"}],"about":[{"href":"https:\/\/staging.villadianthe.com\/fr\/wp-json\/wp\/v2\/types\/page"}],"author":[{"embeddable":true,"href":"https:\/\/staging.villadianthe.com\/fr\/wp-json\/wp\/v2\/users\/6"}],"replies":[{"embeddable":true,"href":"https:\/\/staging.villadianthe.com\/fr\/wp-json\/wp\/v2\/comments?post=1576"}],"version-history":[{"count":0,"href":"https:\/\/staging.villadianthe.com\/fr\/wp-json\/wp\/v2\/pages\/1576\/revisions"}],"wp:attachment":[{"href":"https:\/\/staging.villadianthe.com\/fr\/wp-json\/wp\/v2\/media?parent=1576"}],"curies":[{"name":"wp","href":"https:\/\/api.w.org\/{rel}","templated":true}]}}