{"id":1640,"date":"2017-02-12T00:39:29","date_gmt":"2017-02-12T00:39:29","guid":{"rendered":"https:\/\/villadianthe.com\/alles-uber-kreta\/"},"modified":"2026-04-19T16:11:03","modified_gmt":"2026-04-19T13:11:03","slug":"alles-ueber-kreta","status":"publish","type":"page","link":"https:\/\/staging.villadianthe.com\/de\/alles-ueber-kreta\/","title":{"rendered":"Alles \u00fcber Kreta"},"content":{"rendered":"<div class=\"et_pb_section_0 et_pb_section et_section_regular et_block_section\">\n<div class=\"et_pb_row_0 et_pb_row et_flex_row\">\n<div class=\"et_pb_column_0 et_pb_column et-last-child et_flex_column et_pb_css_mix_blend_mode_passthrough et_flex_column_24_24 et_flex_column_24_24_tablet et_flex_column_24_24_phone\">\n<div class=\"et_pb_post_title_0 et_pb_post_title et_pb_bg_layout_light et_pb_module et_flex_module preset--group--divi-post-title--divi-font--hm5q2bb--default preset--group--divi-post-title--divi-font--h3vve90--default\"><div class=\"et_pb_title_container\"><h1 class=\"entry-title\">Alles \u00fcber Kreta<\/h1><\/div><\/div>\n<\/div>\n<\/div>\n\n<div class=\"et_pb_row_1 et_pb_row et_block_row\">\n<div class=\"et_pb_column_1 et_pb_column et_pb_column_4_4 et-last-child et_block_column et_pb_css_mix_blend_mode_passthrough\">\n<div class=\"et_pb_text_0 et_pb_text et_pb_bg_layout_light et_pb_module et_block_module\"><div class=\"et_pb_text_inner\"><p><span style=\"font-size: 14pt;\">Die gr\u00f6sste griechische Insel, und der s\u00fcdlichste Teil Europas<\/span><\/p>\n<\/div><\/div>\n\n<div class=\"et_pb_image_0 et_pb_image et_animated et_pb_module et_block_module\"><span class=\"et_pb_image_wrap\"><img loading=\"lazy\" decoding=\"async\" src=\"https:\/\/staging.villadianthe.com\/wp-content\/uploads\/2017\/02\/villa-dianthe-cretepage-top-1080.jpg\" width=\"1080\" height=\"224\" srcset=\"https:\/\/staging.villadianthe.com\/wp-content\/uploads\/2017\/02\/villa-dianthe-cretepage-top-1080.jpg 1080w, https:\/\/staging.villadianthe.com\/wp-content\/uploads\/2017\/02\/villa-dianthe-cretepage-top-1080-300x62.jpg 300w, https:\/\/staging.villadianthe.com\/wp-content\/uploads\/2017\/02\/villa-dianthe-cretepage-top-1080-768x159.jpg 768w, https:\/\/staging.villadianthe.com\/wp-content\/uploads\/2017\/02\/villa-dianthe-cretepage-top-1080-1024x212.jpg 1024w\" sizes=\"(max-width: 1080px) 100vw, 1080px\" class=\"wp-image-1828\" \/><\/span><\/div>\n<\/div>\n<\/div>\n\n<div class=\"et_pb_row_2 et_pb_row et_pb_row_3-4_1-4 et_pb_equal_columns et_pb_gutters1 et_block_row et_block_row_3-4_1-4\">\n<div class=\"et_pb_column_2 et_pb_column et_pb_column_3_4 et_block_column et_pb_css_mix_blend_mode_passthrough boxsetshad\">\n<div class=\"et_pb_text_1 et_pb_text et_pb_bg_layout_light et_pb_module et_block_module preset--group--divi-text--divi-font-header--h1y3ko5--bfxtf3vf2b\"><div class=\"et_pb_text_inner\"><h2>Kreta entdecken<\/h2>\n<p>Mit einer L\u00e4nge von 260 Kilometern und einer Breite zwischen 16 und 60 Kilometern ist Kreta die gr\u00f6\u00dfte der griechischen Inseln. Dank ihrer s\u00fcdlichen Lage genie\u00dft die Insel ein beneidenswertes Klima, das das ganze Jahr \u00fcber zum Verweilen einl\u00e4dt. Die Landschaft ist beeindruckend vielf\u00e4ltig: ein zerkl\u00fcfteter, gr\u00fcner Teppich aus majest\u00e4tischen Bergen und tiefen Schluchten. Abseits der Natur bietet Kreta verschlafene D\u00f6rfer im Hinterland, rustikale Fischerorte, antike Kl\u00f6ster und historische Burgen.<\/p>\n<p>Die Einheimischen sind in erster Linie Kreter \u2013 stolz auf ihre Insel und ihre einzigartigen Traditionen. Vor allem ihre legend\u00e4re Gastfreundschaft wird Sie ber\u00fchren. W\u00e4hrend Orte wie Chersonissos oder Malia Zentren des Massentourismus sind, bietet das Dorf <b>Mirtos<\/b> eine v\u00f6llig andere Welt. Hier genie\u00dfen Sie weite R\u00e4ume und das seltene Gef\u00fchl \u201eh\u00f6rbarer Stille\u201c.<\/p>\n<h4>Das Mikroklima von Mirtos<\/h4>\n<p>Gesch\u00fctzt durch das Dikti-Gebirge genie\u00dft der S\u00fcden Kretas ein Klima, das noch mediterraner ist als der Norden. In <strong>Mirtos<\/strong> sind die Winter milder und die Sommer w\u00e4rmer, wobei eine erfrischende Meeresbrise daf\u00fcr sorgt, dass die Hitze stets angenehm bleibt.<\/p>\n<h4>Die Region erkunden<\/h4>\n<p>Mirtos ist der ideale Ausgangspunkt f\u00fcr Entdeckungen:<\/p>\n<ul>\n<li><b>Bergd\u00f6rfer:<\/b> Besuchen Sie die nahen traditionellen D\u00f6rfer, in denen das Leben noch urspr\u00fcnglich ist.<\/li>\n<li><b>Antike Geschichte:<\/b> Erkunden Sie die \u00dcberreste einer minoischen Siedlung vor Ort oder fahren Sie nach Knossos, dem weltber\u00fchmten Zentrum der minoischen Zivilisation.<\/li>\n<li><b>Naturwunder:<\/b> Wandern Sie durch die Sarakina-Schlucht, besuchen Sie die Lassithi-Hochebene oder nehmen Sie das Boot zu den t\u00fcrkisfarbenen Gew\u00e4ssern der Insel Chrissi.<\/li>\n<\/ul>\n<\/div><\/div>\n<\/div>\n\n<div class=\"et_pb_column_3 et_pb_column et_pb_column_1_4 et-last-child et_block_column et_pb_css_mix_blend_mode_passthrough\">\n<div class=\"et_pb_gallery_0 et_pb_gallery et_pb_bg_layout_light et_pb_gallery_grid et_pb_module preset--group--divi-gallery--divi-font--hm5q2bb--default preset--group--divi-gallery--divi-font--h2ea9xh--default preset--group--divi-gallery--divi-font--hazxa49--default\" data-auto-rotate=\"off\" data-auto-rotate-speed=\"\"><div class=\"et_pb_gallery_items et_post_gallery clearfix et_grid_module\" data-per_page=\"3\"><div class=\"et_pb_gallery_item et_pb_grid_item et_pb_gallery_item_0_0\"><div class=\"et_pb_gallery_image landscape\" data-per_page=\"3\"><a href=\"https:\/\/staging.villadianthe.com\/wp-content\/uploads\/2017\/02\/chrissi-jakovos-10.jpg\" title=\"chrissi-jakovos-10\"><img loading=\"lazy\" decoding=\"async\" width=\"1080\" height=\"810\" src=\"https:\/\/staging.villadianthe.com\/wp-content\/uploads\/2017\/02\/chrissi-jakovos-10.jpg\" alt=\"\" class=\"wp-image-1841\" srcset=\"https:\/\/staging.villadianthe.com\/wp-content\/uploads\/2017\/02\/chrissi-jakovos-10.jpg 479w, https:\/\/staging.villadianthe.com\/wp-content\/uploads\/2017\/02\/chrissi-jakovos-10.jpg 480w\" sizes=\"(max-width:479px) 479px, 100vw\" \/><span class=\"et_overlay\" data-icon=\"\" data-icon-tablet=\"\" data-icon-phone=\"\"><\/span><\/a><\/div><\/div><div class=\"et_pb_gallery_item et_pb_grid_item et_pb_gallery_item_0_1\"><div class=\"et_pb_gallery_image landscape\" data-per_page=\"3\"><a href=\"https:\/\/staging.villadianthe.com\/wp-content\/uploads\/2017\/02\/lassithi-jakovos-3.jpg\" title=\"lassithi-jakovos-3\"><img loading=\"lazy\" decoding=\"async\" width=\"1080\" height=\"810\" src=\"https:\/\/staging.villadianthe.com\/wp-content\/uploads\/2017\/02\/lassithi-jakovos-3.jpg\" alt=\"\" class=\"wp-image-1849\" srcset=\"https:\/\/staging.villadianthe.com\/wp-content\/uploads\/2017\/02\/lassithi-jakovos-3.jpg 479w, https:\/\/staging.villadianthe.com\/wp-content\/uploads\/2017\/02\/lassithi-jakovos-3.jpg 480w\" sizes=\"(max-width:479px) 479px, 100vw\" \/><span class=\"et_overlay\" data-icon=\"\" data-icon-tablet=\"\" data-icon-phone=\"\"><\/span><\/a><\/div><\/div><div class=\"et_pb_gallery_item et_pb_grid_item et_pb_gallery_item_0_2\"><div class=\"et_pb_gallery_image landscape\" data-per_page=\"3\"><a href=\"https:\/\/staging.villadianthe.com\/wp-content\/uploads\/2017\/02\/zakros-sir-henry-4.jpg\" title=\"zakros-sir-henry-4\"><img loading=\"lazy\" decoding=\"async\" width=\"1080\" height=\"723\" src=\"https:\/\/staging.villadianthe.com\/wp-content\/uploads\/2017\/02\/zakros-sir-henry-4.jpg\" alt=\"\" class=\"wp-image-1881\" srcset=\"https:\/\/staging.villadianthe.com\/wp-content\/uploads\/2017\/02\/zakros-sir-henry-4.jpg 479w, https:\/\/staging.villadianthe.com\/wp-content\/uploads\/2017\/02\/zakros-sir-henry-4.jpg 480w\" sizes=\"(max-width:479px) 479px, 100vw\" \/><span class=\"et_overlay\" data-icon=\"\" data-icon-tablet=\"\" data-icon-phone=\"\"><\/span><\/a><\/div><\/div><div class=\"et_pb_gallery_item et_pb_grid_item et_pb_gallery_item_0_3\"><div class=\"et_pb_gallery_image landscape\" data-per_page=\"3\"><a href=\"https:\/\/staging.villadianthe.com\/wp-content\/uploads\/2017\/02\/chrissi-3.jpg\" title=\"chrissi-3\"><img loading=\"lazy\" decoding=\"async\" width=\"1080\" height=\"810\" src=\"https:\/\/staging.villadianthe.com\/wp-content\/uploads\/2017\/02\/chrissi-3.jpg\" alt=\"\" class=\"wp-image-1837\" srcset=\"https:\/\/staging.villadianthe.com\/wp-content\/uploads\/2017\/02\/chrissi-3.jpg 479w, https:\/\/staging.villadianthe.com\/wp-content\/uploads\/2017\/02\/chrissi-3.jpg 480w\" sizes=\"(max-width:479px) 479px, 100vw\" \/><span class=\"et_overlay\" data-icon=\"\" data-icon-tablet=\"\" data-icon-phone=\"\"><\/span><\/a><\/div><\/div><div class=\"et_pb_gallery_item et_pb_grid_item et_pb_gallery_item_0_4\"><div class=\"et_pb_gallery_image landscape\" data-per_page=\"3\"><a href=\"https:\/\/staging.villadianthe.com\/wp-content\/uploads\/2017\/02\/zakros-5.jpg\" title=\"zakros-5\"><img loading=\"lazy\" decoding=\"async\" width=\"1080\" height=\"810\" src=\"https:\/\/staging.villadianthe.com\/wp-content\/uploads\/2017\/02\/zakros-5.jpg\" alt=\"\" class=\"wp-image-1877\" srcset=\"https:\/\/staging.villadianthe.com\/wp-content\/uploads\/2017\/02\/zakros-5.jpg 479w, https:\/\/staging.villadianthe.com\/wp-content\/uploads\/2017\/02\/zakros-5.jpg 480w\" sizes=\"(max-width:479px) 479px, 100vw\" \/><span class=\"et_overlay\" data-icon=\"\" data-icon-tablet=\"\" data-icon-phone=\"\"><\/span><\/a><\/div><\/div><div class=\"et_pb_gallery_item et_pb_grid_item et_pb_gallery_item_0_5\"><div class=\"et_pb_gallery_image landscape\" data-per_page=\"3\"><a href=\"https:\/\/staging.villadianthe.com\/wp-content\/uploads\/2017\/02\/mithi-jos-1.jpg\" title=\"mithi-jos-1\"><img loading=\"lazy\" decoding=\"async\" width=\"1080\" height=\"608\" src=\"https:\/\/staging.villadianthe.com\/wp-content\/uploads\/2017\/02\/mithi-jos-1.jpg\" alt=\"\" class=\"wp-image-1865\" srcset=\"https:\/\/staging.villadianthe.com\/wp-content\/uploads\/2017\/02\/mithi-jos-1.jpg 479w, https:\/\/staging.villadianthe.com\/wp-content\/uploads\/2017\/02\/mithi-jos-1.jpg 480w\" sizes=\"(max-width:479px) 479px, 100vw\" \/><span class=\"et_overlay\" data-icon=\"\" data-icon-tablet=\"\" data-icon-phone=\"\"><\/span><\/a><\/div><\/div><div class=\"et_pb_gallery_item et_pb_grid_item et_pb_gallery_item_0_6\"><div class=\"et_pb_gallery_image landscape\" data-per_page=\"3\"><a href=\"https:\/\/staging.villadianthe.com\/wp-content\/uploads\/2017\/02\/lassithi-marjo-8.jpg\" title=\"lassithi-marjo-8\"><img loading=\"lazy\" decoding=\"async\" width=\"1200\" height=\"900\" src=\"https:\/\/staging.villadianthe.com\/wp-content\/uploads\/2017\/02\/lassithi-marjo-8.jpg\" alt=\"\" class=\"wp-image-1853\" srcset=\"https:\/\/staging.villadianthe.com\/wp-content\/uploads\/2017\/02\/lassithi-marjo-8.jpg 479w, https:\/\/staging.villadianthe.com\/wp-content\/uploads\/2017\/02\/lassithi-marjo-8.jpg 480w\" sizes=\"(max-width:479px) 479px, 100vw\" \/><span class=\"et_overlay\" data-icon=\"\" data-icon-tablet=\"\" data-icon-phone=\"\"><\/span><\/a><\/div><\/div><div class=\"et_pb_gallery_item et_pb_grid_item et_pb_gallery_item_0_7\"><div class=\"et_pb_gallery_image landscape\" data-per_page=\"3\"><a href=\"https:\/\/staging.villadianthe.com\/wp-content\/uploads\/2017\/02\/lassithi-brigitta.jpg\" title=\"lassithi-brigitta\"><img loading=\"lazy\" decoding=\"async\" width=\"1024\" height=\"768\" src=\"https:\/\/staging.villadianthe.com\/wp-content\/uploads\/2017\/02\/lassithi-brigitta.jpg\" alt=\"\" class=\"wp-image-1845\" srcset=\"https:\/\/staging.villadianthe.com\/wp-content\/uploads\/2017\/02\/lassithi-brigitta.jpg 479w, https:\/\/staging.villadianthe.com\/wp-content\/uploads\/2017\/02\/lassithi-brigitta.jpg 480w\" sizes=\"(max-width:479px) 479px, 100vw\" \/><span class=\"et_overlay\" data-icon=\"\" data-icon-tablet=\"\" data-icon-phone=\"\"><\/span><\/a><\/div><\/div><div class=\"et_pb_gallery_item et_pb_grid_item et_pb_gallery_item_0_8\"><div class=\"et_pb_gallery_image landscape\" data-per_page=\"3\"><a href=\"https:\/\/staging.villadianthe.com\/wp-content\/uploads\/2017\/02\/lassithi-marjo-9-1.jpg\" title=\"lassithi-marjo-9-1\"><img loading=\"lazy\" decoding=\"async\" width=\"1200\" height=\"900\" src=\"https:\/\/staging.villadianthe.com\/wp-content\/uploads\/2017\/02\/lassithi-marjo-9-1.jpg\" alt=\"\" class=\"wp-image-1857\" srcset=\"https:\/\/staging.villadianthe.com\/wp-content\/uploads\/2017\/02\/lassithi-marjo-9-1.jpg 479w, https:\/\/staging.villadianthe.com\/wp-content\/uploads\/2017\/02\/lassithi-marjo-9-1.jpg 480w\" sizes=\"(max-width:479px) 479px, 100vw\" \/><span class=\"et_overlay\" data-icon=\"\" data-icon-tablet=\"\" data-icon-phone=\"\"><\/span><\/a><\/div><\/div><div class=\"et_pb_gallery_item et_pb_grid_item et_pb_gallery_item_0_9\"><div class=\"et_pb_gallery_image landscape\" data-per_page=\"3\"><a href=\"https:\/\/staging.villadianthe.com\/wp-content\/uploads\/2017\/02\/tertsa-giannis-3.jpg\" title=\"tertsa-giannis-3\"><img loading=\"lazy\" decoding=\"async\" width=\"1080\" height=\"810\" src=\"https:\/\/staging.villadianthe.com\/wp-content\/uploads\/2017\/02\/tertsa-giannis-3.jpg\" alt=\"\" class=\"wp-image-1873\" srcset=\"https:\/\/staging.villadianthe.com\/wp-content\/uploads\/2017\/02\/tertsa-giannis-3.jpg 479w, https:\/\/staging.villadianthe.com\/wp-content\/uploads\/2017\/02\/tertsa-giannis-3.jpg 480w\" sizes=\"(max-width:479px) 479px, 100vw\" \/><span class=\"et_overlay\" data-icon=\"\" data-icon-tablet=\"\" data-icon-phone=\"\"><\/span><\/a><\/div><\/div><div class=\"et_pb_gallery_item et_pb_grid_item et_pb_gallery_item_0_10\"><div class=\"et_pb_gallery_image landscape\" data-per_page=\"3\"><a href=\"https:\/\/staging.villadianthe.com\/wp-content\/uploads\/2017\/02\/makri-gialos-marjo-4.jpg\" title=\"makri-gialos-marjo-4\"><img loading=\"lazy\" decoding=\"async\" width=\"1200\" height=\"900\" src=\"https:\/\/staging.villadianthe.com\/wp-content\/uploads\/2017\/02\/makri-gialos-marjo-4.jpg\" alt=\"\" class=\"wp-image-1861\" srcset=\"https:\/\/staging.villadianthe.com\/wp-content\/uploads\/2017\/02\/makri-gialos-marjo-4.jpg 479w, https:\/\/staging.villadianthe.com\/wp-content\/uploads\/2017\/02\/makri-gialos-marjo-4.jpg 480w\" sizes=\"(max-width:479px) 479px, 100vw\" \/><span class=\"et_overlay\" data-icon=\"\" data-icon-tablet=\"\" data-icon-phone=\"\"><\/span><\/a><\/div><\/div><div class=\"et_pb_gallery_item et_pb_grid_item et_pb_gallery_item_0_11\"><div class=\"et_pb_gallery_image landscape\" data-per_page=\"3\"><a href=\"https:\/\/staging.villadianthe.com\/wp-content\/uploads\/2017\/02\/mithi-jos-4.jpg\" title=\"mithi-jos-4\"><img loading=\"lazy\" decoding=\"async\" width=\"1200\" height=\"380\" src=\"https:\/\/staging.villadianthe.com\/wp-content\/uploads\/2017\/02\/mithi-jos-4.jpg\" alt=\"\" class=\"wp-image-1869\" srcset=\"https:\/\/staging.villadianthe.com\/wp-content\/uploads\/2017\/02\/mithi-jos-4.jpg 479w, https:\/\/staging.villadianthe.com\/wp-content\/uploads\/2017\/02\/mithi-jos-4.jpg 480w\" sizes=\"(max-width:479px) 479px, 100vw\" \/><span class=\"et_overlay\" data-icon=\"\" data-icon-tablet=\"\" data-icon-phone=\"\"><\/span><\/a><\/div><\/div><\/div><div class=\"et_pb_gallery_pagination\"><\/div><\/div>\n<\/div>\n<\/div>\n\n<div class=\"et_pb_row_3 et_pb_row et_block_row\">\n<div class=\"et_pb_column_4 et_pb_column et_pb_column_4_4 et-last-child et_block_column et_pb_css_mix_blend_mode_passthrough\">\n<div class=\"et_pb_text_2 et_pb_text et_pb_bg_layout_light et_pb_module et_block_module\"><div class=\"et_pb_text_inner\"><p><iframe src=\"https:\/\/www.google.com\/maps\/embed?pb=!1m18!1m12!1m3!1d5796972.502216761!2d21.490457278839738!3d35.3745785134691!2m3!1f0!2f0!3f0!3m2!1i1024!2i768!4f13.1!3m3!1m2!1s0x149afe2f827d98a1%3A0x100bd2ce2b9c630!2sCrete!5e1!3m2!1sen!2sgr!4v1759769173270!5m2!1sen!2sgr\" width=\"1080\" height=\"500\" style=\"border:0;\" allowfullscreen=\"\" loading=\"lazy\" referrerpolicy=\"no-referrer-when-downgrade\"><\/iframe><\/p>\n<\/div><\/div>\n<\/div>\n<\/div>\n\n<div class=\"et_pb_row_4 et_pb_row et_pb_gutters1 et_block_row et_pb_row_fullwidth\">\n<div class=\"et_pb_column_5 et_pb_column et_pb_column_4_4 et-last-child et_block_column et_pb_css_mix_blend_mode_passthrough\">\n<div class=\"et_pb_toggle_0 et_pb_toggle et_pb_toggle_item et_pb_toggle_close et_pb_module et_block_module preset--group--divi-toggle--divi-font--hm5q2bb--default preset--group--divi-toggle--divi-font--h1q6g4r--default preset--group--divi-toggle--divi-font--h1rap4w--default preset--group--divi-toggle--divi-font--hp5h6dj--default preset--group--divi-toggle--divi-font--h10j4yd--default\"><div class=\"et_pb_toggle_content clearfix\"><p style=\"text-align: right;\"><span style=\"font-size: 10pt;\">Built and maintained\u00a0\u00a0<a href=\"https:\/\/www.cybershrimp.com\/heartbeat-website-monitor\/\"><img loading=\"lazy\" decoding=\"async\" class=\"jurlogo pulse\" title=\"Heartbeat Control\" src=\"https:\/\/villadianthe.staticdata.nl\/carbon\/2017\/02\/cybershrimpmini.png\" alt=\"cybershrimpmini\" width=\"16\" height=\"16\" \/><\/a><a title=\"\u03b9\u03c3\u03c4\u03bf\u03c3\u03b5\u03bb\u03af\u03b4\u03b5\u03c2 \u03b3\u03b9\u03b1 \u03c4\u03bf\u03c5\u03c2 \u03b1\u03bd\u03b8\u03c1\u03ce\u03c0\u03bf\u03c5\u03c2\" href=\"https:\/\/www.cybershrimp.nl\/\"> Cyber Shrimp<\/a>\u00a0\u00a9 Copyright\u00a02017 <img loading=\"lazy\" decoding=\"async\" class=\"alignnone wp-image-2240 size-full\" src=\"https:\/\/villadianthe.staticdata.nl\/carbon\/2017\/02\/villa-dianthe-mirtos-logo-footer-mini.png\" width=\"19\" height=\"19\" \/> <span style=\"font-family: chopin; color: #a32e24; font-size: 14pt;\"><a style=\"color: #a32e24;\" href=\"https:\/\/staging.villadianthe.com\">Villa Dianthe<\/a><\/span><\/span><\/p>\n<\/div><\/div>\n<\/div>\n<\/div>\n<\/div>","protected":false},"excerpt":{"rendered":"","protected":false},"author":6,"featured_media":0,"parent":0,"menu_order":0,"comment_status":"closed","ping_status":"closed","template":"","meta":{"footnotes":""},"class_list":["post-1640","page","type-page","status-publish","hentry"],"_links":{"self":[{"href":"https:\/\/staging.villadianthe.com\/de\/wp-json\/wp\/v2\/pages\/1640","targetHints":{"allow":["GET"]}}],"collection":[{"href":"https:\/\/staging.villadianthe.com\/de\/wp-json\/wp\/v2\/pages"}],"about":[{"href":"https:\/\/staging.villadianthe.com\/de\/wp-json\/wp\/v2\/types\/page"}],"author":[{"embeddable":true,"href":"https:\/\/staging.villadianthe.com\/de\/wp-json\/wp\/v2\/users\/6"}],"replies":[{"embeddable":true,"href":"https:\/\/staging.villadianthe.com\/de\/wp-json\/wp\/v2\/comments?post=1640"}],"version-history":[{"count":0,"href":"https:\/\/staging.villadianthe.com\/de\/wp-json\/wp\/v2\/pages\/1640\/revisions"}],"wp:attachment":[{"href":"https:\/\/staging.villadianthe.com\/de\/wp-json\/wp\/v2\/media?parent=1640"}],"curies":[{"name":"wp","href":"https:\/\/api.w.org\/{rel}","templated":true}]}}