{"id":1609,"date":"2017-02-17T13:18:17","date_gmt":"2017-02-17T13:18:17","guid":{"rendered":"https:\/\/villadianthe.com\/alles-uber-mirtos\/"},"modified":"2026-04-19T14:24:15","modified_gmt":"2026-04-19T11:24:15","slug":"alles-uber-mirtos","status":"publish","type":"page","link":"https:\/\/staging.villadianthe.com\/de\/alles-uber-mirtos\/","title":{"rendered":"Alles \u00fcber Mirtos"},"content":{"rendered":"<div class=\"et_pb_section_0 et_pb_section et_section_regular et_block_section\">\n<div class=\"et_pb_row_0 et_pb_row et_flex_row\">\n<div class=\"et_pb_column_0 et_pb_column et-last-child et_flex_column et_pb_css_mix_blend_mode_passthrough et_flex_column_24_24 et_flex_column_24_24_tablet et_flex_column_24_24_phone\">\n<div class=\"et_pb_post_title_0 et_pb_post_title et_pb_bg_layout_light et_pb_module et_flex_module preset--group--divi-post-title--divi-font--hm5q2bb--default preset--group--divi-post-title--divi-font--h3vve90--default\"><div class=\"et_pb_title_container\"><h1 class=\"entry-title\">Alles \u00fcber Mirtos<\/h1><\/div><\/div>\n<\/div>\n<\/div>\n\n<div class=\"et_pb_row_1 et_pb_row et_block_row\">\n<div class=\"et_pb_column_1 et_pb_column et_pb_column_4_4 et-last-child et_block_column et_pb_css_mix_blend_mode_passthrough\">\n<div class=\"et_pb_text_0 et_pb_text et_pb_bg_layout_light et_pb_module et_block_module\"><div class=\"et_pb_text_inner\"><p><span style=\"font-size: 14pt;\">Ein gem\u00fctliches Dorf am Libyschen Meer, wo man die Seele baumeln lassen kann...<\/span><\/p>\n<\/div><\/div>\n\n<div class=\"et_pb_image_0 et_pb_image et_pb_module et_block_module\"><span class=\"et_pb_image_wrap\"><img loading=\"lazy\" decoding=\"async\" src=\"https:\/\/staging.villadianthe.com\/wp-content\/uploads\/2017\/02\/villa-dianthe-mirtospage-top-seaview.jpg\" width=\"1080\" height=\"224\" srcset=\"https:\/\/staging.villadianthe.com\/wp-content\/uploads\/2017\/02\/villa-dianthe-mirtospage-top-seaview.jpg 1080w, https:\/\/staging.villadianthe.com\/wp-content\/uploads\/2017\/02\/villa-dianthe-mirtospage-top-seaview-300x62.jpg 300w, https:\/\/staging.villadianthe.com\/wp-content\/uploads\/2017\/02\/villa-dianthe-mirtospage-top-seaview-768x159.jpg 768w, https:\/\/staging.villadianthe.com\/wp-content\/uploads\/2017\/02\/villa-dianthe-mirtospage-top-seaview-1024x212.jpg 1024w\" sizes=\"(max-width: 1080px) 100vw, 1080px\" class=\"wp-image-2225\" title=\"villa-dianthe-mirtospage-top-seaview\" \/><\/span><\/div>\n<\/div>\n<\/div>\n\n<div class=\"et_pb_row_2 et_pb_row et_pb_row_3-4_1-4 et_pb_equal_columns et_pb_gutters1 et_block_row et_block_row_3-4_1-4\">\n<div class=\"et_pb_column_2 et_pb_column et_pb_column_3_4 et_block_column et_pb_css_mix_blend_mode_passthrough boxsetshad\">\n<div class=\"et_pb_text_1 et_pb_text et_pb_bg_layout_light et_pb_module et_block_module preset--group--divi-text--divi-font-header--h1y3ko5--bfxtf3vf2b\"><div class=\"et_pb_text_inner\"><h2>Mirtos: Echte kretische Lebensart erleben<\/h2>\n<p><b>Abseits des Massentourismus:<\/b> Wer die Bettenburgen und das laute Nachtleben des Nordens hinter sich lassen m\u00f6chte, findet im S\u00fcden der Insel ein wahres Juwel: <b>Mirtos<\/b>. Mit weniger als 500 Einwohnern bewahrt sich dieses Dorf eine Ruhe und Authentizit\u00e4t, die man heute nur noch selten findet. Hier ticken die Uhren noch im Einklang mit dem Meer.<\/p>\n<p><b>Qualit\u00e4t direkt vom Erzeuger:<\/b> Was in Mirtos auf den Tisch kommt, verdient das Pr\u00e4dikat \u201ehausgemacht\u201c. Die Gastronomie ist gepr\u00e4gt von echter Tradition:<\/p>\n<ul>\n<li><b>Hofeigene Produkte:<\/b> Das Oliven\u00f6l stammt oft aus dem Hain des Wirtes, der Honig von den eigenen Bienen und der Orangensaft direkt von den B\u00e4umen der Umgebung.<\/li>\n<li><b>Lokale Versorgung:<\/b> Im Dorf finden Sie alles f\u00fcr den t\u00e4glichen Bedarf \u2013 von der traditionellen B\u00e4ckerei und dem Dorfmetzger bis hin zur Apotheke. Alles ist fu\u00dfl\u00e4ufig erreichbar.<\/li>\n<\/ul>\n<p><b>Gastfreundschaft und Gemeinschaft:<\/b> Die Bewohner von Mirtos leben hier das ganze Jahr \u00fcber. Besonders in den Abendstunden sp\u00fcrt man die warme, einladende Atmosph\u00e4re, wenn sich das Dorfleben in den schmalen Gassen und an der Strandpromenade abspielt. Es ist der ideale Ort f\u00fcr Wanderer, Ruhesuchende und Naturliebhaber.<\/p>\n<blockquote title=\"Kreta in seiner urspr\u00fcnglichsten Form.\">\n<p><b>Kreta in seiner urspr\u00fcnglichsten Form.<\/b> Entdecken Sie mehr unter: <a href=\"http:\/\/www.mirtoscrete.gr\" target=\"_blank\" rel=\"noopener\">www.mirtoscrete.gr<\/a><\/p>\n<\/blockquote>\n<\/div><\/div>\n\n<div class=\"et_pb_image_1 et_pb_image et_pb_module et_flex_module\"><a href=\"https:\/\/www.mirtoscrete.gr\/de\/\" target=\"_blank\"><span class=\"et_pb_image_wrap\"><img decoding=\"async\" src=\"https:\/\/www.staticdata.nl\/svg\/logo-mirtos-crete-dot.svg\" \/><\/span><\/a><\/div>\n<\/div>\n\n<div class=\"et_pb_column_3 et_pb_column et_pb_column_1_4 et-last-child et_block_column et_pb_css_mix_blend_mode_passthrough\">\n<div class=\"et_pb_gallery_0 et_pb_gallery et_pb_bg_layout_light et_pb_gallery_grid et_pb_module preset--group--divi-gallery--divi-font--hm5q2bb--default preset--group--divi-gallery--divi-font--h2ea9xh--default preset--group--divi-gallery--divi-font--hazxa49--default\" data-auto-rotate=\"off\" data-auto-rotate-speed=\"\"><div class=\"et_pb_gallery_items et_post_gallery clearfix et_grid_module\" data-per_page=\"3\"><div class=\"et_pb_gallery_item et_pb_grid_item et_pb_gallery_item_0_0\"><div class=\"et_pb_gallery_image landscape\" data-per_page=\"3\"><a href=\"https:\/\/staging.villadianthe.com\/wp-content\/uploads\/2017\/02\/galleries-marjo-9.jpg\" title=\"galleries-marjo-9\"><img loading=\"lazy\" decoding=\"async\" width=\"1080\" height=\"810\" src=\"https:\/\/staging.villadianthe.com\/wp-content\/uploads\/2017\/02\/galleries-marjo-9.jpg\" alt=\"\" class=\"wp-image-2907\" srcset=\"https:\/\/staging.villadianthe.com\/wp-content\/uploads\/2017\/02\/galleries-marjo-9.jpg 479w, https:\/\/staging.villadianthe.com\/wp-content\/uploads\/2017\/02\/galleries-marjo-9.jpg 480w\" sizes=\"(max-width:479px) 479px, 100vw\" \/><span class=\"et_overlay\" data-icon=\"\" data-icon-tablet=\"\" data-icon-phone=\"\"><\/span><\/a><\/div><\/div><div class=\"et_pb_gallery_item et_pb_grid_item et_pb_gallery_item_0_1\"><div class=\"et_pb_gallery_image landscape\" data-per_page=\"3\"><a href=\"https:\/\/staging.villadianthe.com\/wp-content\/uploads\/2017\/02\/beachcafe01.jpg\" title=\"beachcafe01\"><img loading=\"lazy\" decoding=\"async\" width=\"1020\" height=\"765\" src=\"https:\/\/staging.villadianthe.com\/wp-content\/uploads\/2017\/02\/beachcafe01.jpg\" alt=\"\" class=\"wp-image-2875\" srcset=\"https:\/\/staging.villadianthe.com\/wp-content\/uploads\/2017\/02\/beachcafe01.jpg 479w, https:\/\/staging.villadianthe.com\/wp-content\/uploads\/2017\/02\/beachcafe01.jpg 480w\" sizes=\"(max-width:479px) 479px, 100vw\" \/><span class=\"et_overlay\" data-icon=\"\" data-icon-tablet=\"\" data-icon-phone=\"\"><\/span><\/a><\/div><\/div><div class=\"et_pb_gallery_item et_pb_grid_item et_pb_gallery_item_0_2\"><div class=\"et_pb_gallery_image landscape\" data-per_page=\"3\"><a href=\"https:\/\/staging.villadianthe.com\/wp-content\/uploads\/2017\/02\/galleries-marjo-6.jpg\" title=\"galleries-marjo-6\"><img loading=\"lazy\" decoding=\"async\" width=\"1200\" height=\"900\" src=\"https:\/\/staging.villadianthe.com\/wp-content\/uploads\/2017\/02\/galleries-marjo-6.jpg\" alt=\"\" class=\"wp-image-2903\" srcset=\"https:\/\/staging.villadianthe.com\/wp-content\/uploads\/2017\/02\/galleries-marjo-6.jpg 479w, https:\/\/staging.villadianthe.com\/wp-content\/uploads\/2017\/02\/galleries-marjo-6.jpg 480w\" sizes=\"(max-width:479px) 479px, 100vw\" \/><span class=\"et_overlay\" data-icon=\"\" data-icon-tablet=\"\" data-icon-phone=\"\"><\/span><\/a><\/div><\/div><div class=\"et_pb_gallery_item et_pb_grid_item et_pb_gallery_item_0_3\"><div class=\"et_pb_gallery_image landscape\" data-per_page=\"3\"><a href=\"https:\/\/staging.villadianthe.com\/wp-content\/uploads\/2017\/02\/galleries-marjo-3.jpg\" title=\"galleries-marjo-3\"><img loading=\"lazy\" decoding=\"async\" width=\"1080\" height=\"810\" src=\"https:\/\/staging.villadianthe.com\/wp-content\/uploads\/2017\/02\/galleries-marjo-3.jpg\" alt=\"\" class=\"wp-image-2891\" srcset=\"https:\/\/staging.villadianthe.com\/wp-content\/uploads\/2017\/02\/galleries-marjo-3.jpg 479w, https:\/\/staging.villadianthe.com\/wp-content\/uploads\/2017\/02\/galleries-marjo-3.jpg 480w\" sizes=\"(max-width:479px) 479px, 100vw\" \/><span class=\"et_overlay\" data-icon=\"\" data-icon-tablet=\"\" data-icon-phone=\"\"><\/span><\/a><\/div><\/div><div class=\"et_pb_gallery_item et_pb_grid_item et_pb_gallery_item_0_4\"><div class=\"et_pb_gallery_image landscape\" data-per_page=\"3\"><a href=\"https:\/\/staging.villadianthe.com\/wp-content\/uploads\/2017\/02\/beachcafe04.jpg\" title=\"beachcafe04\"><img loading=\"lazy\" decoding=\"async\" width=\"1020\" height=\"765\" src=\"https:\/\/staging.villadianthe.com\/wp-content\/uploads\/2017\/02\/beachcafe04.jpg\" alt=\"\" class=\"wp-image-2883\" srcset=\"https:\/\/staging.villadianthe.com\/wp-content\/uploads\/2017\/02\/beachcafe04.jpg 479w, https:\/\/staging.villadianthe.com\/wp-content\/uploads\/2017\/02\/beachcafe04.jpg 480w\" sizes=\"(max-width:479px) 479px, 100vw\" \/><span class=\"et_overlay\" data-icon=\"\" data-icon-tablet=\"\" data-icon-phone=\"\"><\/span><\/a><\/div><\/div><div class=\"et_pb_gallery_item et_pb_grid_item et_pb_gallery_item_0_5\"><div class=\"et_pb_gallery_image landscape\" data-per_page=\"3\"><a href=\"https:\/\/staging.villadianthe.com\/wp-content\/uploads\/2017\/02\/to-petrino-007.jpg\" title=\"to-petrino-007\"><img loading=\"lazy\" decoding=\"async\" width=\"1200\" height=\"900\" src=\"https:\/\/staging.villadianthe.com\/wp-content\/uploads\/2017\/02\/to-petrino-007.jpg\" alt=\"\" class=\"wp-image-2931\" srcset=\"https:\/\/staging.villadianthe.com\/wp-content\/uploads\/2017\/02\/to-petrino-007.jpg 479w, https:\/\/staging.villadianthe.com\/wp-content\/uploads\/2017\/02\/to-petrino-007.jpg 480w\" sizes=\"(max-width:479px) 479px, 100vw\" \/><span class=\"et_overlay\" data-icon=\"\" data-icon-tablet=\"\" data-icon-phone=\"\"><\/span><\/a><\/div><\/div><div class=\"et_pb_gallery_item et_pb_grid_item et_pb_gallery_item_0_6\"><div class=\"et_pb_gallery_image landscape\" data-per_page=\"3\"><a href=\"https:\/\/staging.villadianthe.com\/wp-content\/uploads\/2017\/02\/galleries-marjo-4.jpg\" title=\"galleries-marjo-4\"><img loading=\"lazy\" decoding=\"async\" width=\"1080\" height=\"810\" src=\"https:\/\/staging.villadianthe.com\/wp-content\/uploads\/2017\/02\/galleries-marjo-4.jpg\" alt=\"\" class=\"wp-image-2895\" srcset=\"https:\/\/staging.villadianthe.com\/wp-content\/uploads\/2017\/02\/galleries-marjo-4.jpg 479w, https:\/\/staging.villadianthe.com\/wp-content\/uploads\/2017\/02\/galleries-marjo-4.jpg 480w\" sizes=\"(max-width:479px) 479px, 100vw\" \/><span class=\"et_overlay\" data-icon=\"\" data-icon-tablet=\"\" data-icon-phone=\"\"><\/span><\/a><\/div><\/div><div class=\"et_pb_gallery_item et_pb_grid_item et_pb_gallery_item_0_7\"><div class=\"et_pb_gallery_image landscape\" data-per_page=\"3\"><a href=\"https:\/\/staging.villadianthe.com\/wp-content\/uploads\/2017\/02\/galleries-marjo-5.jpg\" title=\"galleries-marjo-5\"><img loading=\"lazy\" decoding=\"async\" width=\"1200\" height=\"900\" src=\"https:\/\/staging.villadianthe.com\/wp-content\/uploads\/2017\/02\/galleries-marjo-5.jpg\" alt=\"\" class=\"wp-image-2899\" srcset=\"https:\/\/staging.villadianthe.com\/wp-content\/uploads\/2017\/02\/galleries-marjo-5.jpg 479w, https:\/\/staging.villadianthe.com\/wp-content\/uploads\/2017\/02\/galleries-marjo-5.jpg 480w\" sizes=\"(max-width:479px) 479px, 100vw\" \/><span class=\"et_overlay\" data-icon=\"\" data-icon-tablet=\"\" data-icon-phone=\"\"><\/span><\/a><\/div><\/div><div class=\"et_pb_gallery_item et_pb_grid_item et_pb_gallery_item_0_8\"><div class=\"et_pb_gallery_image landscape\" data-per_page=\"3\"><a href=\"https:\/\/staging.villadianthe.com\/wp-content\/uploads\/2017\/02\/galleries-marjo-10.jpg\" title=\"galleries-marjo-10\"><img loading=\"lazy\" decoding=\"async\" width=\"1080\" height=\"810\" src=\"https:\/\/staging.villadianthe.com\/wp-content\/uploads\/2017\/02\/galleries-marjo-10.jpg\" alt=\"\" class=\"wp-image-2911\" srcset=\"https:\/\/staging.villadianthe.com\/wp-content\/uploads\/2017\/02\/galleries-marjo-10.jpg 479w, https:\/\/staging.villadianthe.com\/wp-content\/uploads\/2017\/02\/galleries-marjo-10.jpg 480w\" sizes=\"(max-width:479px) 479px, 100vw\" \/><span class=\"et_overlay\" data-icon=\"\" data-icon-tablet=\"\" data-icon-phone=\"\"><\/span><\/a><\/div><\/div><div class=\"et_pb_gallery_item et_pb_grid_item et_pb_gallery_item_0_9\"><div class=\"et_pb_gallery_image landscape\" data-per_page=\"3\"><a href=\"https:\/\/staging.villadianthe.com\/wp-content\/uploads\/2017\/02\/beachcafe03.jpg\" title=\"beachcafe03\"><img loading=\"lazy\" decoding=\"async\" width=\"1020\" height=\"765\" src=\"https:\/\/staging.villadianthe.com\/wp-content\/uploads\/2017\/02\/beachcafe03.jpg\" alt=\"\" class=\"wp-image-2879\" srcset=\"https:\/\/staging.villadianthe.com\/wp-content\/uploads\/2017\/02\/beachcafe03.jpg 479w, https:\/\/staging.villadianthe.com\/wp-content\/uploads\/2017\/02\/beachcafe03.jpg 480w\" sizes=\"(max-width:479px) 479px, 100vw\" \/><span class=\"et_overlay\" data-icon=\"\" data-icon-tablet=\"\" data-icon-phone=\"\"><\/span><\/a><\/div><\/div><div class=\"et_pb_gallery_item et_pb_grid_item et_pb_gallery_item_0_10\"><div class=\"et_pb_gallery_image landscape\" data-per_page=\"3\"><a href=\"https:\/\/staging.villadianthe.com\/wp-content\/uploads\/2017\/02\/galleries-marjo-2.jpg\" title=\"galleries-marjo-2\"><img loading=\"lazy\" decoding=\"async\" width=\"1080\" height=\"810\" src=\"https:\/\/staging.villadianthe.com\/wp-content\/uploads\/2017\/02\/galleries-marjo-2.jpg\" alt=\"\" class=\"wp-image-2887\" srcset=\"https:\/\/staging.villadianthe.com\/wp-content\/uploads\/2017\/02\/galleries-marjo-2.jpg 479w, https:\/\/staging.villadianthe.com\/wp-content\/uploads\/2017\/02\/galleries-marjo-2.jpg 480w\" sizes=\"(max-width:479px) 479px, 100vw\" \/><span class=\"et_overlay\" data-icon=\"\" data-icon-tablet=\"\" data-icon-phone=\"\"><\/span><\/a><\/div><\/div><div class=\"et_pb_gallery_item et_pb_grid_item et_pb_gallery_item_0_11\"><div class=\"et_pb_gallery_image landscape\" data-per_page=\"3\"><a href=\"https:\/\/staging.villadianthe.com\/wp-content\/uploads\/2017\/02\/galleries-marjo-12.jpg\" title=\"galleries-marjo-12\"><img loading=\"lazy\" decoding=\"async\" width=\"700\" height=\"933\" src=\"https:\/\/staging.villadianthe.com\/wp-content\/uploads\/2017\/02\/galleries-marjo-12.jpg\" alt=\"\" class=\"wp-image-2915\" srcset=\"https:\/\/staging.villadianthe.com\/wp-content\/uploads\/2017\/02\/galleries-marjo-12.jpg 479w, https:\/\/staging.villadianthe.com\/wp-content\/uploads\/2017\/02\/galleries-marjo-12.jpg 480w\" sizes=\"(max-width:479px) 479px, 100vw\" \/><span class=\"et_overlay\" data-icon=\"\" data-icon-tablet=\"\" data-icon-phone=\"\"><\/span><\/a><\/div><\/div><div class=\"et_pb_gallery_item et_pb_grid_item et_pb_gallery_item_0_12\"><div class=\"et_pb_gallery_image landscape\" data-per_page=\"3\"><a href=\"https:\/\/staging.villadianthe.com\/wp-content\/uploads\/2017\/02\/hermione01.jpg\" title=\"hermione01\"><img loading=\"lazy\" decoding=\"async\" width=\"1020\" height=\"765\" src=\"https:\/\/staging.villadianthe.com\/wp-content\/uploads\/2017\/02\/hermione01.jpg\" alt=\"\" class=\"wp-image-2919\" srcset=\"https:\/\/staging.villadianthe.com\/wp-content\/uploads\/2017\/02\/hermione01.jpg 479w, https:\/\/staging.villadianthe.com\/wp-content\/uploads\/2017\/02\/hermione01.jpg 480w\" sizes=\"(max-width:479px) 479px, 100vw\" \/><span class=\"et_overlay\" data-icon=\"\" data-icon-tablet=\"\" data-icon-phone=\"\"><\/span><\/a><\/div><\/div><div class=\"et_pb_gallery_item et_pb_grid_item et_pb_gallery_item_0_13\"><div class=\"et_pb_gallery_image landscape\" data-per_page=\"3\"><a href=\"https:\/\/staging.villadianthe.com\/wp-content\/uploads\/2017\/02\/mirtos01.jpg\" title=\"mirtos01\"><img loading=\"lazy\" decoding=\"async\" width=\"1020\" height=\"675\" src=\"https:\/\/staging.villadianthe.com\/wp-content\/uploads\/2017\/02\/mirtos01.jpg\" alt=\"\" class=\"wp-image-2923\" srcset=\"https:\/\/staging.villadianthe.com\/wp-content\/uploads\/2017\/02\/mirtos01.jpg 479w, https:\/\/staging.villadianthe.com\/wp-content\/uploads\/2017\/02\/mirtos01.jpg 480w\" sizes=\"(max-width:479px) 479px, 100vw\" \/><span class=\"et_overlay\" data-icon=\"\" data-icon-tablet=\"\" data-icon-phone=\"\"><\/span><\/a><\/div><\/div><div class=\"et_pb_gallery_item et_pb_grid_item et_pb_gallery_item_0_14\"><div class=\"et_pb_gallery_image landscape\" data-per_page=\"3\"><a href=\"https:\/\/staging.villadianthe.com\/wp-content\/uploads\/2017\/02\/to-petrino-001.jpg\" title=\"to-petrino-001\"><img loading=\"lazy\" decoding=\"async\" width=\"1200\" height=\"900\" src=\"https:\/\/staging.villadianthe.com\/wp-content\/uploads\/2017\/02\/to-petrino-001.jpg\" alt=\"\" class=\"wp-image-2927\" srcset=\"https:\/\/staging.villadianthe.com\/wp-content\/uploads\/2017\/02\/to-petrino-001.jpg 479w, https:\/\/staging.villadianthe.com\/wp-content\/uploads\/2017\/02\/to-petrino-001.jpg 480w\" sizes=\"(max-width:479px) 479px, 100vw\" \/><span class=\"et_overlay\" data-icon=\"\" data-icon-tablet=\"\" data-icon-phone=\"\"><\/span><\/a><\/div><\/div><div class=\"et_pb_gallery_item et_pb_grid_item et_pb_gallery_item_0_15\"><div class=\"et_pb_gallery_image landscape\" data-per_page=\"3\"><a href=\"https:\/\/staging.villadianthe.com\/wp-content\/uploads\/2017\/02\/to-petrino-011.jpg\" title=\"to-petrino-011\"><img loading=\"lazy\" decoding=\"async\" width=\"1200\" height=\"900\" src=\"https:\/\/staging.villadianthe.com\/wp-content\/uploads\/2017\/02\/to-petrino-011.jpg\" alt=\"\" class=\"wp-image-2935\" srcset=\"https:\/\/staging.villadianthe.com\/wp-content\/uploads\/2017\/02\/to-petrino-011.jpg 479w, https:\/\/staging.villadianthe.com\/wp-content\/uploads\/2017\/02\/to-petrino-011.jpg 480w\" sizes=\"(max-width:479px) 479px, 100vw\" \/><span class=\"et_overlay\" data-icon=\"\" data-icon-tablet=\"\" data-icon-phone=\"\"><\/span><\/a><\/div><\/div><\/div><div class=\"et_pb_gallery_pagination\"><\/div><\/div>\n<\/div>\n<\/div>\n\n<div class=\"et_pb_row_3 et_pb_row et_block_row\">\n<div class=\"et_pb_column_4 et_pb_column et_pb_column_4_4 et-last-child et_block_column et_pb_css_mix_blend_mode_passthrough\">\n<div class=\"et_pb_text_2 et_pb_text et_pb_bg_layout_light et_pb_module et_block_module\"><div class=\"et_pb_text_inner\"><p><iframe src=\"https:\/\/www.google.com\/maps\/embed?pb=!1m18!1m12!1m3!1d863012.0837318264!2d24.360456950041904!3d35.25387765796858!2m3!1f0!2f0!3f0!3m2!1i1024!2i768!4f13.1!3m3!1m2!1s0x149a831aeda9a4a7%3A0x500bd2ce2baf9d0!2sMyrtos%20720%2056!5e1!3m2!1sen!2sgr!4v1759768547390!5m2!1sen!2sgr\" width=\"1080\" height=\"500\" style=\"border:0;\" allowfullscreen=\"\" loading=\"lazy\" referrerpolicy=\"no-referrer-when-downgrade\"><\/iframe><\/p>\n<\/div><\/div>\n<\/div>\n<\/div>\n\n<div class=\"et_pb_row_4 et_pb_row et_pb_gutters1 et_block_row et_pb_row_fullwidth\">\n<div class=\"et_pb_column_5 et_pb_column et_pb_column_4_4 et-last-child et_block_column et_pb_css_mix_blend_mode_passthrough\">\n<div class=\"et_pb_toggle_0 et_pb_toggle et_pb_toggle_item et_pb_toggle_close et_pb_module et_block_module preset--group--divi-toggle--divi-font--hm5q2bb--default preset--group--divi-toggle--divi-font--h1q6g4r--default preset--group--divi-toggle--divi-font--h1rap4w--default preset--group--divi-toggle--divi-font--hp5h6dj--default preset--group--divi-toggle--divi-font--h10j4yd--default\"><div class=\"et_pb_toggle_content clearfix\"><p style=\"text-align: right;\"><span style=\"font-size: 10pt;\">Built and maintained\u00a0\u00a0<a href=\"https:\/\/www.cybershrimp.com\/heartbeat-website-monitor\/\"><img loading=\"lazy\" decoding=\"async\" class=\"jurlogo pulse\" title=\"Heartbeat Control\" src=\"https:\/\/villadianthe.staticdata.nl\/carbon\/2017\/02\/cybershrimpmini.png\" alt=\"cybershrimpmini\" width=\"16\" height=\"16\" \/><\/a><a title=\"\u03b9\u03c3\u03c4\u03bf\u03c3\u03b5\u03bb\u03af\u03b4\u03b5\u03c2 \u03b3\u03b9\u03b1 \u03c4\u03bf\u03c5\u03c2 \u03b1\u03bd\u03b8\u03c1\u03ce\u03c0\u03bf\u03c5\u03c2\" href=\"https:\/\/www.cybershrimp.nl\/\"> Cyber Shrimp<\/a>\u00a0\u00a9 Copyright\u00a02017 <img loading=\"lazy\" decoding=\"async\" class=\"alignnone wp-image-2240 size-full\" src=\"https:\/\/villadianthe.staticdata.nl\/carbon\/2017\/02\/villa-dianthe-mirtos-logo-footer-mini.png\" width=\"19\" height=\"19\" \/> <span style=\"font-family: chopin; color: #a32e24; font-size: 14pt;\"><a style=\"color: #a32e24;\" href=\"https:\/\/staging.villadianthe.com\">Villa Dianthe<\/a><\/span><\/span><\/p>\n<\/div><\/div>\n<\/div>\n<\/div>\n<\/div>","protected":false},"excerpt":{"rendered":"","protected":false},"author":6,"featured_media":0,"parent":0,"menu_order":0,"comment_status":"closed","ping_status":"closed","template":"","meta":{"footnotes":""},"class_list":["post-1609","page","type-page","status-publish","hentry"],"_links":{"self":[{"href":"https:\/\/staging.villadianthe.com\/de\/wp-json\/wp\/v2\/pages\/1609","targetHints":{"allow":["GET"]}}],"collection":[{"href":"https:\/\/staging.villadianthe.com\/de\/wp-json\/wp\/v2\/pages"}],"about":[{"href":"https:\/\/staging.villadianthe.com\/de\/wp-json\/wp\/v2\/types\/page"}],"author":[{"embeddable":true,"href":"https:\/\/staging.villadianthe.com\/de\/wp-json\/wp\/v2\/users\/6"}],"replies":[{"embeddable":true,"href":"https:\/\/staging.villadianthe.com\/de\/wp-json\/wp\/v2\/comments?post=1609"}],"version-history":[{"count":0,"href":"https:\/\/staging.villadianthe.com\/de\/wp-json\/wp\/v2\/pages\/1609\/revisions"}],"wp:attachment":[{"href":"https:\/\/staging.villadianthe.com\/de\/wp-json\/wp\/v2\/media?parent=1609"}],"curies":[{"name":"wp","href":"https:\/\/api.w.org\/{rel}","templated":true}]}}