{"id":1563,"date":"2017-02-16T12:25:03","date_gmt":"2017-02-16T12:25:03","guid":{"rendered":"https:\/\/villadianthe.com\/willkommmen-in-villa-dianthe\/"},"modified":"2026-04-18T21:47:43","modified_gmt":"2026-04-18T18:47:43","slug":"willkommmen-in-villa-dianthe","status":"publish","type":"page","link":"https:\/\/staging.villadianthe.com\/de\/","title":{"rendered":"Willkommen in Villa Dianthe"},"content":{"rendered":"<div class=\"et_pb_section_0 et_pb_section et_section_regular et_block_section\">\n<div class=\"et_pb_row_0 et_pb_row et_flex_row\">\n<div class=\"et_pb_column_0 et_pb_column et-last-child et_flex_column et_pb_css_mix_blend_mode_passthrough et_flex_column_24_24 et_flex_column_24_24_tablet et_flex_column_24_24_phone\">\n<div class=\"et_pb_post_title_0 et_pb_post_title et_pb_bg_layout_light et_pb_module et_flex_module preset--group--divi-post-title--divi-font--hm5q2bb--default preset--group--divi-post-title--divi-font--h3vve90--default\"><div class=\"et_pb_title_container\"><h1 class=\"entry-title\">Willkommen in Villa Dianthe<\/h1><\/div><\/div>\n<\/div>\n<\/div>\n\n<div class=\"et_pb_row_1 et_pb_row et_pb_gutters1 et_block_row\">\n<div class=\"et_pb_column_1 et_pb_column et_pb_column_4_4 et-last-child et_block_column et_pb_css_mix_blend_mode_passthrough\">\n<div class=\"et_pb_text_0 et_pb_text et_pb_bg_layout_light et_pb_module et_block_module\"><div class=\"et_pb_text_inner\"><p><span style=\"font-size: 14pt;\">Luxuswohnungen von au\u00dfergew\u00f6hnlicher Qualit\u00e4t in Mirtos, die das ganze Jahr \u00fcber ge\u00f6ffnet sind<\/span><\/p>\n<p><span style=\"font-size: 14pt;\"><\/span><\/p>\n<\/div><\/div>\n\n<div class=\"et_pb_video_0 et_pb_video et_pb_module et_flex_module\"><div class=\"et_pb_video_box\"><iframe loading=\"lazy\" title=\"Willkommen in Villa Dianthe\" src=\"https:\/\/player.vimeo.com\/video\/505203867?dnt=1&amp;app_id=122963\" width=\"1080\" height=\"608\" frameborder=\"0\" allow=\"autoplay; fullscreen; picture-in-picture; clipboard-write; encrypted-media; web-share\" referrerpolicy=\"strict-origin-when-cross-origin\"><\/iframe><\/div><\/div>\n<\/div>\n<\/div>\n\n<div class=\"et_pb_row_2 et_pb_row et_pb_row_3-4_1-4 et_pb_equal_columns et_pb_gutters1 et_block_row et_block_row_3-4_1-4\">\n<div class=\"et_pb_column_2 et_pb_column et_pb_column_3_4 et_block_column et_pb_css_mix_blend_mode_passthrough boxsetshad\">\n<div class=\"et_pb_text_1 et_pb_text et_pb_bg_layout_light et_pb_module et_block_module preset--group--divi-text--divi-font-header--h1y3ko5--bfxtf3vf2b\"><div class=\"et_pb_text_inner\"><h2>Appartements<\/h2>\n<p>An einem idyllischen Platz am Rande des netten und ruhigen Dorfes Mirtos im S\u00fcdosten Kretas finden Sie die Villa Dianthe, bestehend aus f\u00fcnf sehr sch\u00f6nen und ger\u00e4umigen Appartements von <strong>hervorragender Qualit\u00e4t<\/strong>. Vier davon haben 3 Zimmer, das f\u00fcnfte ist mit 4 Zimmern ausgestattet. Von allen Appartements haben Sie einen wunderbaren Weitblick \u00fcber die im Winter und Fr\u00fchjahr gr\u00fcne Umgebung, sowie das Meer und das Dorf. Villa Dianthe ist ungef\u00e4hr 450 m vom Dorfzentrum mit seinen L\u00e4den und Tavernen entfernt, zur Promenade und zum Strand sind es dann nur noch 50 m. Der Weg zum Zentrum ist gut zu Fu\u00df zu erreichen, mit kaum H\u00f6henunterschied.<\/p>\n<h2>Luxus<\/h2>\n<p>Jedes Appartement ist \u00fcber eine seperaten Treppe zu erreichen und hat eine komfortable Ausstattung. Im 3-Zimmer Appartement befindet sich je ein grosser Wohn\/K\u00fcchenbereich, zwei Schlafzimmer, ein sch\u00f6nes Bad mit Dusche, WC und Waschbecken und ein <strong>gro\u00dfer Balkon mit Meerblick<\/strong>. Das 4-Zimmer Appartement besitzt ein Schlafzimmer und ein Bad extra, alle Zimmer sind mit einer Klimaanlage ausgestattet. Im Wohnzimmer ist eine Schlafcouch und eine Essecke, Satelliten-TV und Internetanschluss sind vorhanden.<\/p>\n<div class=\"jurblokje\">Um den Einsatz von Plastikwasserflaschen zu vermeiden, haben wir eine Wasserfilteranlage installiert. So k\u00f6nnen Sie kostenlos Trinkwasser zapfen.<\/div>\n<h2>Au\u00dfergew\u00f6hnliche Qualit\u00e4t<\/h2>\n<p>In der <strong>ger\u00e4umigen K\u00fcche<\/strong> befinden sich eine Kochplatte mit Ceranfeld und Dunstabzughaube, eine Kombi-Mikrowelle, ein Geschirrsp\u00fcler und s\u00e4mtliches K\u00fcchenzubeh\u00f6r, dazu eine Kaffeemaschine (Filter, Nespresso oder Senseo) und ein Wasserkocher. Die 3-Zimmer-Appartements sind f\u00fcr 5 bis 6 Personen geeignet, das 4 Zimmer- Appartement f\u00fcr 7 bis 8 Personen.<\/p>\n<h2>\u00dcberwinterung in Mirtos<\/h2>\n<p>Das angenehme, milde Klima im Winter und die vollst\u00e4ndige Ausstattung der Appartments bieten sich f\u00fcr ein \u00dcberwintern in S\u00fcdostkreta an. <strong>Villa Dianthe ist das ganze Jahr \u00fcber ge\u00f6ffnet<\/strong>. Mirtos lebt auch im Winter, die wichtigsten Gesch\u00e4fte wie der B\u00e4cker, der Metzger, die zwei kleinen Superm\u00e4rkte und eine Taverne sind auch im Winter in Betrieb. G\u00e4ste die den Winter erleben wollen k\u00f6nnen den Preis pro Monat auf der <a href=\"https:\/\/staging.villadianthe.com\/de\/preise\/\">Preisliste<\/a> einsehen. F\u00fcr einen noch l\u00e4ngeren Aufenthalt gibt es Angebote auf Anfrage.<br \/>\nW\u00e4hrend eines Winteraufenthalts gilt ein spezieller Monatstarif oder ein speziell vereinbarter Preis. Es gelten auch unterschiedliche Gesch\u00e4ftsbedingungen. Bitte beachten Sie die <a href=\"https:\/\/documents.staticdata.nl\/buchungsbedingungen-villa-dianthe-05-03-2024.pdf\" target=\"_blank\" rel=\"noopener\" title=\"PDF, \u00f6ffnet sich in neuem Tab\">Buchungsbedingungen<\/a> unter \"\u00dcberwintern\" f\u00fcr weitere Informationen.<\/p>\n<\/div><\/div>\n\n<div class=\"et_pb_divider_0 et_pb_divider_hidden et_pb_space et_pb_divider_position_top et_pb_module\"><div class=\"et_pb_divider_internal\"><\/div><\/div>\n<\/div>\n\n<div class=\"et_pb_column_3 et_pb_column et_pb_column_1_4 et-last-child et_block_column et_pb_css_mix_blend_mode_passthrough boxsetshad\" id=\"stickscroll\">\n<div class=\"et_pb_gallery_0 et_pb_gallery et_pb_bg_layout_light et_pb_gallery_grid et_pb_module preset--group--divi-gallery--divi-font--hm5q2bb--default preset--group--divi-gallery--divi-font--h2ea9xh--default preset--group--divi-gallery--divi-font--hazxa49--default\" data-auto-rotate=\"off\" data-auto-rotate-speed=\"\"><div class=\"et_pb_gallery_items et_post_gallery clearfix et_grid_module\" data-per_page=\"4\"><div class=\"et_pb_gallery_item et_pb_grid_item et_pb_gallery_item_0_0\"><div class=\"et_pb_gallery_image landscape\" data-per_page=\"4\"><a href=\"https:\/\/staging.villadianthe.com\/wp-content\/uploads\/2024\/04\/villa-dianthe-front-20.webp\" title=\"villa-dianthe-front-20\"><img loading=\"lazy\" decoding=\"async\" width=\"1200\" height=\"900\" src=\"https:\/\/staging.villadianthe.com\/wp-content\/uploads\/2024\/04\/villa-dianthe-front-20.webp\" alt=\"\" class=\"wp-image-219085\" srcset=\"https:\/\/staging.villadianthe.com\/wp-content\/uploads\/2024\/04\/villa-dianthe-front-20.webp 479w, https:\/\/staging.villadianthe.com\/wp-content\/uploads\/2024\/04\/villa-dianthe-front-20.webp 480w\" sizes=\"(max-width:479px) 479px, 100vw\" \/><span class=\"et_overlay\" data-icon=\"\" data-icon-tablet=\"\" data-icon-phone=\"\"><\/span><\/a><\/div><\/div><div class=\"et_pb_gallery_item et_pb_grid_item et_pb_gallery_item_0_1\"><div class=\"et_pb_gallery_image landscape\" data-per_page=\"4\"><a href=\"https:\/\/staging.villadianthe.com\/wp-content\/uploads\/2024\/04\/villa-dianthe-front-29.webp\" title=\"villa-dianthe-front-29\"><img loading=\"lazy\" decoding=\"async\" width=\"1280\" height=\"1280\" src=\"https:\/\/staging.villadianthe.com\/wp-content\/uploads\/2024\/04\/villa-dianthe-front-29.webp\" alt=\"\" class=\"wp-image-219089\" srcset=\"https:\/\/staging.villadianthe.com\/wp-content\/uploads\/2024\/04\/villa-dianthe-front-29.webp 479w, https:\/\/staging.villadianthe.com\/wp-content\/uploads\/2024\/04\/villa-dianthe-front-29.webp 480w\" sizes=\"(max-width:479px) 479px, 100vw\" \/><span class=\"et_overlay\" data-icon=\"\" data-icon-tablet=\"\" data-icon-phone=\"\"><\/span><\/a><\/div><\/div><div class=\"et_pb_gallery_item et_pb_grid_item et_pb_gallery_item_0_2\"><div class=\"et_pb_gallery_image landscape\" data-per_page=\"4\"><a href=\"https:\/\/staging.villadianthe.com\/wp-content\/uploads\/2024\/04\/villa-dianthe-apartment-01-09.webp\" title=\"villa-dianthe-apartment-01-09\"><img loading=\"lazy\" decoding=\"async\" width=\"1200\" height=\"900\" src=\"https:\/\/staging.villadianthe.com\/wp-content\/uploads\/2024\/04\/villa-dianthe-apartment-01-09.webp\" alt=\"\" class=\"wp-image-219077\" srcset=\"https:\/\/staging.villadianthe.com\/wp-content\/uploads\/2024\/04\/villa-dianthe-apartment-01-09.webp 479w, https:\/\/staging.villadianthe.com\/wp-content\/uploads\/2024\/04\/villa-dianthe-apartment-01-09.webp 480w\" sizes=\"(max-width:479px) 479px, 100vw\" \/><span class=\"et_overlay\" data-icon=\"\" data-icon-tablet=\"\" data-icon-phone=\"\"><\/span><\/a><\/div><\/div><div class=\"et_pb_gallery_item et_pb_grid_item et_pb_gallery_item_0_3\"><div class=\"et_pb_gallery_image landscape\" data-per_page=\"4\"><a href=\"https:\/\/staging.villadianthe.com\/wp-content\/uploads\/2024\/04\/bicycles-villa-dianthe.webp\" title=\"bicycles-villa-dianthe\"><img loading=\"lazy\" decoding=\"async\" width=\"925\" height=\"800\" src=\"https:\/\/staging.villadianthe.com\/wp-content\/uploads\/2024\/04\/bicycles-villa-dianthe.webp\" alt=\"\" class=\"wp-image-219061\" srcset=\"https:\/\/staging.villadianthe.com\/wp-content\/uploads\/2024\/04\/bicycles-villa-dianthe.webp 479w, https:\/\/staging.villadianthe.com\/wp-content\/uploads\/2024\/04\/bicycles-villa-dianthe.webp 480w\" sizes=\"(max-width:479px) 479px, 100vw\" \/><span class=\"et_overlay\" data-icon=\"\" data-icon-tablet=\"\" data-icon-phone=\"\"><\/span><\/a><\/div><\/div><div class=\"et_pb_gallery_item et_pb_grid_item et_pb_gallery_item_0_4\"><div class=\"et_pb_gallery_image landscape\" data-per_page=\"4\"><a href=\"https:\/\/staging.villadianthe.com\/wp-content\/uploads\/2024\/04\/villa-dianthe-inside-28.webp\" title=\"villa-dianthe-inside-28\"><img loading=\"lazy\" decoding=\"async\" width=\"1200\" height=\"900\" src=\"https:\/\/staging.villadianthe.com\/wp-content\/uploads\/2024\/04\/villa-dianthe-inside-28.webp\" alt=\"\" class=\"wp-image-219109\" srcset=\"https:\/\/staging.villadianthe.com\/wp-content\/uploads\/2024\/04\/villa-dianthe-inside-28.webp 479w, https:\/\/staging.villadianthe.com\/wp-content\/uploads\/2024\/04\/villa-dianthe-inside-28.webp 480w\" sizes=\"(max-width:479px) 479px, 100vw\" \/><span class=\"et_overlay\" data-icon=\"\" data-icon-tablet=\"\" data-icon-phone=\"\"><\/span><\/a><\/div><\/div><div class=\"et_pb_gallery_item et_pb_grid_item et_pb_gallery_item_0_5\"><div class=\"et_pb_gallery_image landscape\" data-per_page=\"4\"><a href=\"https:\/\/staging.villadianthe.com\/wp-content\/uploads\/2024\/04\/boldercar.webp\" title=\"boldercar\"><img loading=\"lazy\" decoding=\"async\" width=\"482\" height=\"691\" src=\"https:\/\/staging.villadianthe.com\/wp-content\/uploads\/2024\/04\/boldercar.webp\" alt=\"\" class=\"wp-image-219065\" srcset=\"https:\/\/staging.villadianthe.com\/wp-content\/uploads\/2024\/04\/boldercar.webp 479w, https:\/\/staging.villadianthe.com\/wp-content\/uploads\/2024\/04\/boldercar.webp 480w\" sizes=\"(max-width:479px) 479px, 100vw\" \/><span class=\"et_overlay\" data-icon=\"\" data-icon-tablet=\"\" data-icon-phone=\"\"><\/span><\/a><\/div><\/div><div class=\"et_pb_gallery_item et_pb_grid_item et_pb_gallery_item_0_6\"><div class=\"et_pb_gallery_image landscape\" data-per_page=\"4\"><a href=\"https:\/\/staging.villadianthe.com\/wp-content\/uploads\/2024\/04\/villadianthe.com-apartment-4-03.webp\" title=\"villadianthe.com-apartment-4-03\"><img loading=\"lazy\" decoding=\"async\" width=\"1200\" height=\"800\" src=\"https:\/\/staging.villadianthe.com\/wp-content\/uploads\/2024\/04\/villadianthe.com-apartment-4-03.webp\" alt=\"\" class=\"wp-image-219073\" srcset=\"https:\/\/staging.villadianthe.com\/wp-content\/uploads\/2024\/04\/villadianthe.com-apartment-4-03.webp 479w, https:\/\/staging.villadianthe.com\/wp-content\/uploads\/2024\/04\/villadianthe.com-apartment-4-03.webp 480w\" sizes=\"(max-width:479px) 479px, 100vw\" \/><span class=\"et_overlay\" data-icon=\"\" data-icon-tablet=\"\" data-icon-phone=\"\"><\/span><\/a><\/div><\/div><div class=\"et_pb_gallery_item et_pb_grid_item et_pb_gallery_item_0_7\"><div class=\"et_pb_gallery_image landscape\" data-per_page=\"4\"><a href=\"https:\/\/staging.villadianthe.com\/wp-content\/uploads\/2024\/04\/villa-dianthe-inside-25.webp\" title=\"villa-dianthe-inside-25\"><img loading=\"lazy\" decoding=\"async\" width=\"1200\" height=\"900\" src=\"https:\/\/staging.villadianthe.com\/wp-content\/uploads\/2024\/04\/villa-dianthe-inside-25.webp\" alt=\"\" class=\"wp-image-219097\" srcset=\"https:\/\/staging.villadianthe.com\/wp-content\/uploads\/2024\/04\/villa-dianthe-inside-25.webp 479w, https:\/\/staging.villadianthe.com\/wp-content\/uploads\/2024\/04\/villa-dianthe-inside-25.webp 480w\" sizes=\"(max-width:479px) 479px, 100vw\" \/><span class=\"et_overlay\" data-icon=\"\" data-icon-tablet=\"\" data-icon-phone=\"\"><\/span><\/a><\/div><\/div><div class=\"et_pb_gallery_item et_pb_grid_item et_pb_gallery_item_0_8\"><div class=\"et_pb_gallery_image landscape\" data-per_page=\"4\"><a href=\"https:\/\/staging.villadianthe.com\/wp-content\/uploads\/2024\/04\/villa-dianthe-inside-26.webp\" title=\"villa-dianthe-inside-26\"><img loading=\"lazy\" decoding=\"async\" width=\"1200\" height=\"900\" src=\"https:\/\/staging.villadianthe.com\/wp-content\/uploads\/2024\/04\/villa-dianthe-inside-26.webp\" alt=\"\" class=\"wp-image-219101\" srcset=\"https:\/\/staging.villadianthe.com\/wp-content\/uploads\/2024\/04\/villa-dianthe-inside-26.webp 479w, https:\/\/staging.villadianthe.com\/wp-content\/uploads\/2024\/04\/villa-dianthe-inside-26.webp 480w\" sizes=\"(max-width:479px) 479px, 100vw\" \/><span class=\"et_overlay\" data-icon=\"\" data-icon-tablet=\"\" data-icon-phone=\"\"><\/span><\/a><\/div><\/div><div class=\"et_pb_gallery_item et_pb_grid_item et_pb_gallery_item_0_9\"><div class=\"et_pb_gallery_image landscape\" data-per_page=\"4\"><a href=\"https:\/\/staging.villadianthe.com\/wp-content\/uploads\/2024\/04\/villa-dianthe-bathroom.webp\" title=\"villa-dianthe-bathroom\"><img loading=\"lazy\" decoding=\"async\" width=\"900\" height=\"1350\" src=\"https:\/\/staging.villadianthe.com\/wp-content\/uploads\/2024\/04\/villa-dianthe-bathroom.webp\" alt=\"\" class=\"wp-image-219081\" srcset=\"https:\/\/staging.villadianthe.com\/wp-content\/uploads\/2024\/04\/villa-dianthe-bathroom.webp 479w, https:\/\/staging.villadianthe.com\/wp-content\/uploads\/2024\/04\/villa-dianthe-bathroom.webp 480w\" sizes=\"(max-width:479px) 479px, 100vw\" \/><span class=\"et_overlay\" data-icon=\"\" data-icon-tablet=\"\" data-icon-phone=\"\"><\/span><\/a><\/div><\/div><div class=\"et_pb_gallery_item et_pb_grid_item et_pb_gallery_item_0_10\"><div class=\"et_pb_gallery_image landscape\" data-per_page=\"4\"><a href=\"https:\/\/staging.villadianthe.com\/wp-content\/uploads\/2024\/04\/villa-dianthe-inside-27.webp\" title=\"villa-dianthe-inside-27\"><img loading=\"lazy\" decoding=\"async\" width=\"1200\" height=\"900\" src=\"https:\/\/staging.villadianthe.com\/wp-content\/uploads\/2024\/04\/villa-dianthe-inside-27.webp\" alt=\"\" class=\"wp-image-219105\" srcset=\"https:\/\/staging.villadianthe.com\/wp-content\/uploads\/2024\/04\/villa-dianthe-inside-27.webp 479w, https:\/\/staging.villadianthe.com\/wp-content\/uploads\/2024\/04\/villa-dianthe-inside-27.webp 480w\" sizes=\"(max-width:479px) 479px, 100vw\" \/><span class=\"et_overlay\" data-icon=\"\" data-icon-tablet=\"\" data-icon-phone=\"\"><\/span><\/a><\/div><\/div><div class=\"et_pb_gallery_item et_pb_grid_item et_pb_gallery_item_0_11\"><div class=\"et_pb_gallery_image landscape\" data-per_page=\"4\"><a href=\"https:\/\/staging.villadianthe.com\/wp-content\/uploads\/2024\/04\/villa-dianthe-inside-29.webp\" title=\"villa-dianthe-inside-29\"><img loading=\"lazy\" decoding=\"async\" width=\"1200\" height=\"900\" src=\"https:\/\/staging.villadianthe.com\/wp-content\/uploads\/2024\/04\/villa-dianthe-inside-29.webp\" alt=\"\" class=\"wp-image-219113\" srcset=\"https:\/\/staging.villadianthe.com\/wp-content\/uploads\/2024\/04\/villa-dianthe-inside-29.webp 479w, https:\/\/staging.villadianthe.com\/wp-content\/uploads\/2024\/04\/villa-dianthe-inside-29.webp 480w\" sizes=\"(max-width:479px) 479px, 100vw\" \/><span class=\"et_overlay\" data-icon=\"\" data-icon-tablet=\"\" data-icon-phone=\"\"><\/span><\/a><\/div><\/div><div class=\"et_pb_gallery_item et_pb_grid_item et_pb_gallery_item_0_12\"><div class=\"et_pb_gallery_image landscape\" data-per_page=\"4\"><a href=\"https:\/\/staging.villadianthe.com\/wp-content\/uploads\/2024\/04\/villa-dianthe-inside-30.webp\" title=\"villa-dianthe-inside-30\"><img loading=\"lazy\" decoding=\"async\" width=\"1200\" height=\"900\" src=\"https:\/\/staging.villadianthe.com\/wp-content\/uploads\/2024\/04\/villa-dianthe-inside-30.webp\" alt=\"\" class=\"wp-image-219117\" srcset=\"https:\/\/staging.villadianthe.com\/wp-content\/uploads\/2024\/04\/villa-dianthe-inside-30.webp 479w, https:\/\/staging.villadianthe.com\/wp-content\/uploads\/2024\/04\/villa-dianthe-inside-30.webp 480w\" sizes=\"(max-width:479px) 479px, 100vw\" \/><span class=\"et_overlay\" data-icon=\"\" data-icon-tablet=\"\" data-icon-phone=\"\"><\/span><\/a><\/div><\/div><div class=\"et_pb_gallery_item et_pb_grid_item et_pb_gallery_item_0_13\"><div class=\"et_pb_gallery_image landscape\" data-per_page=\"4\"><a href=\"https:\/\/staging.villadianthe.com\/wp-content\/uploads\/2024\/04\/villa-dianthe-inside-20.webp\" title=\"villa-dianthe-inside-20\"><img loading=\"lazy\" decoding=\"async\" width=\"1200\" height=\"900\" src=\"https:\/\/staging.villadianthe.com\/wp-content\/uploads\/2024\/04\/villa-dianthe-inside-20.webp\" alt=\"\" class=\"wp-image-219093\" srcset=\"https:\/\/staging.villadianthe.com\/wp-content\/uploads\/2024\/04\/villa-dianthe-inside-20.webp 479w, https:\/\/staging.villadianthe.com\/wp-content\/uploads\/2024\/04\/villa-dianthe-inside-20.webp 480w\" sizes=\"(max-width:479px) 479px, 100vw\" \/><span class=\"et_overlay\" data-icon=\"\" data-icon-tablet=\"\" data-icon-phone=\"\"><\/span><\/a><\/div><\/div><div class=\"et_pb_gallery_item et_pb_grid_item et_pb_gallery_item_0_14\"><div class=\"et_pb_gallery_image landscape\" data-per_page=\"4\"><a href=\"https:\/\/staging.villadianthe.com\/wp-content\/uploads\/2024\/04\/vila-dianthe-com-apartment-03-3.webp\" title=\"vila-dianthe-com-apartment-03-3\"><img loading=\"lazy\" decoding=\"async\" width=\"1200\" height=\"800\" src=\"https:\/\/staging.villadianthe.com\/wp-content\/uploads\/2024\/04\/vila-dianthe-com-apartment-03-3.webp\" alt=\"\" class=\"wp-image-219069\" srcset=\"https:\/\/staging.villadianthe.com\/wp-content\/uploads\/2024\/04\/vila-dianthe-com-apartment-03-3.webp 479w, https:\/\/staging.villadianthe.com\/wp-content\/uploads\/2024\/04\/vila-dianthe-com-apartment-03-3.webp 480w\" sizes=\"(max-width:479px) 479px, 100vw\" \/><span class=\"et_overlay\" data-icon=\"\" data-icon-tablet=\"\" data-icon-phone=\"\"><\/span><\/a><\/div><\/div><\/div><div class=\"et_pb_gallery_pagination\"><\/div><\/div>\n<\/div>\n<\/div>\n\n<div class=\"et_pb_row_3 et_pb_row et_pb_gutters1 et_block_row\">\n<div class=\"et_pb_column_4 et_pb_column et_pb_column_4_4 et-last-child et_block_column et_pb_css_mix_blend_mode_passthrough\">\n<div class=\"et_pb_text_2 et_pb_text et_pb_bg_layout_light et_pb_module et_block_module\"><div class=\"et_pb_text_inner\"><h3>Grundrisse<\/h3>\n<\/div><\/div>\n<\/div>\n<\/div>\n\n<div class=\"et_pb_row_4 et_pb_row et_pb_equal_columns et_pb_gutters1 et_block_row\">\n<div class=\"et_pb_column_5 et_pb_column et_pb_column_1_3 et_block_column et_pb_css_mix_blend_mode_passthrough\">\n<div class=\"et_pb_image_0 et_pb_image et_pb_has_overlay et_pb_module et_block_module\"><a href=\"https:\/\/staging.villadianthe.com\/wp-content\/uploads\/2024\/04\/villadianthe.com-apartment-1-floor-plan.jpg\" class=\"et_pb_lightbox_image\" alt=\"Floor plan of apt 1\"><span class=\"et_pb_image_wrap\"><img loading=\"lazy\" decoding=\"async\" src=\"https:\/\/staging.villadianthe.com\/wp-content\/uploads\/2024\/04\/villadianthe.com-apartment-1-floor-plan.jpg\" width=\"556\" height=\"465\" srcset=\"https:\/\/staging.villadianthe.com\/wp-content\/uploads\/2024\/04\/villadianthe.com-apartment-1-floor-plan.jpg 556w, https:\/\/staging.villadianthe.com\/wp-content\/uploads\/2024\/04\/villadianthe.com-apartment-1-floor-plan-480x401.jpg 480w\" sizes=\"(min-width: 0px) and (max-width: 480px) 480px, (min-width: 481px) 556px, 100vw\" class=\"wp-image-219126\" title=\"villadianthe.com-apartment-1-floor-plan\" alt=\"Floor plan of apt 1\" \/><span class=\"et_overlay et_pb_inline_icon\" data-icon=\"1\"><\/span><\/span><\/a><\/div>\n<\/div>\n\n<div class=\"et_pb_column_6 et_pb_column et_pb_column_1_3 et_block_column et_pb_css_mix_blend_mode_passthrough\">\n<div class=\"et_pb_image_1 et_pb_image et_pb_has_overlay et_pb_module et_block_module\"><a href=\"https:\/\/staging.villadianthe.com\/wp-content\/uploads\/2024\/04\/villadianthe.com-apartment-2-floor-plan.jpg\" class=\"et_pb_lightbox_image\" alt=\"Floor plan of apt 2 and 4\"><span class=\"et_pb_image_wrap\"><img loading=\"lazy\" decoding=\"async\" src=\"https:\/\/staging.villadianthe.com\/wp-content\/uploads\/2024\/04\/villadianthe.com-apartment-2-floor-plan.jpg\" width=\"556\" height=\"465\" srcset=\"https:\/\/staging.villadianthe.com\/wp-content\/uploads\/2024\/04\/villadianthe.com-apartment-2-floor-plan.jpg 556w, https:\/\/staging.villadianthe.com\/wp-content\/uploads\/2024\/04\/villadianthe.com-apartment-2-floor-plan-480x401.jpg 480w\" sizes=\"(min-width: 0px) and (max-width: 480px) 480px, (min-width: 481px) 556px, 100vw\" class=\"wp-image-219130\" title=\"villadianthe.com-apartment-2-floor-plan\" alt=\"Floor plan of apt 2 and 4\" \/><span class=\"et_overlay et_pb_inline_icon\" data-icon=\"1\"><\/span><\/span><\/a><\/div>\n<\/div>\n\n<div class=\"et_pb_column_7 et_pb_column et_pb_column_1_3 et-last-child et_block_column et_pb_css_mix_blend_mode_passthrough\">\n<div class=\"et_pb_image_2 et_pb_image et_pb_has_overlay et_pb_module et_block_module\"><a href=\"https:\/\/staging.villadianthe.com\/wp-content\/uploads\/2024\/04\/villadianthe.com-apartment-3-floor-plan.jpg\" class=\"et_pb_lightbox_image\" alt=\"Floor plan of apt 3 and 5\"><span class=\"et_pb_image_wrap\"><img loading=\"lazy\" decoding=\"async\" src=\"https:\/\/staging.villadianthe.com\/wp-content\/uploads\/2024\/04\/villadianthe.com-apartment-3-floor-plan.jpg\" width=\"556\" height=\"465\" srcset=\"https:\/\/staging.villadianthe.com\/wp-content\/uploads\/2024\/04\/villadianthe.com-apartment-3-floor-plan.jpg 556w, https:\/\/staging.villadianthe.com\/wp-content\/uploads\/2024\/04\/villadianthe.com-apartment-3-floor-plan-480x401.jpg 480w\" sizes=\"(min-width: 0px) and (max-width: 480px) 480px, (min-width: 481px) 556px, 100vw\" class=\"wp-image-219134\" title=\"villadianthe.com-apartment-3-floor-plan\" alt=\"Floor plan of apt 3 and 5\" \/><span class=\"et_overlay et_pb_inline_icon\" data-icon=\"1\"><\/span><\/span><\/a><\/div>\n<\/div>\n<\/div>\n\n<div class=\"et_pb_row_5 et_pb_row et_block_row popuprowpromo\">\n<div class=\"et_pb_column_8 et_pb_column et_pb_column_2_3 et_block_column et_pb_css_mix_blend_mode_passthrough\">\n<div class=\"et_pb_code_0 et_pb_code et_pb_module\"><div class=\"et_pb_code_inner\"><style>\n.poppie.et_pb_toggle_close .et_pb_toggle_title:before, .poppie.et_pb_toggle_close {\ndisplay: none;\n}\n<\/style><\/div><\/div>\n\n<div class=\"et_pb_toggle_0 et_pb_toggle et_pb_toggle_item et_pb_toggle_open et_animated et_pb_module et_block_module poppie preset--group--divi-toggle--divi-font--hm5q2bb--default preset--group--divi-toggle--divi-font--h1q6g4r--default preset--group--divi-toggle--divi-font--h1rap4w--default preset--group--divi-toggle--divi-font--hp5h6dj--default preset--group--divi-toggle--divi-font--h10j4yd--default\"><h5 class=\"et_pb_toggle_title\">Last-Minute<\/h5><div class=\"et_pb_toggle_content clearfix\"><p>\n<table id=\"tablepress-1\" class=\"tablepress tablepress-id-1\">\n<tbody class=\"row-striping row-hover\">\n<tr class=\"row-1\">\n\t<td class=\"column-1\">27\/04<\/td><td class=\"column-2\">-<\/td><td class=\"column-3\">04\/05<\/td>\n<\/tr>\n<tr class=\"row-2\">\n\t<td class=\"column-1\">30\/04<\/td><td class=\"column-2\">-<\/td><td class=\"column-3\">10\/05<\/td>\n<\/tr>\n<tr class=\"row-3\">\n\t<td class=\"column-1\">04\/05<\/td><td class=\"column-2\">-<\/td><td class=\"column-3\">07\/05<\/td>\n<\/tr>\n<tr class=\"row-4\">\n\t<td class=\"column-1\">13\/05<\/td><td class=\"column-2\">-<\/td><td class=\"column-3\">17\/05<\/td>\n<\/tr>\n<tr class=\"row-5\">\n\t<td class=\"column-1\">27\/05<\/td><td class=\"column-2\">-<\/td><td class=\"column-3\">03\/06<\/td>\n<\/tr>\n<\/tbody>\n<\/table>\n<!-- #tablepress-1 from cache --><a href=\"tel:00306945897986\">Rufen Sie uns jetzt an!<\/a><\/p>\n<\/div><\/div>\n<\/div>\n\n<div class=\"et_pb_column_9 et_pb_column et_pb_column_1_3 et-last-child et_block_column et_pb_column_empty et_pb_css_mix_blend_mode_passthrough\"><\/div>\n<\/div>\n<\/div>","protected":false},"excerpt":{"rendered":"<p>Luxuswohnungen von au\u00dfergew\u00f6hnlicher Qualit\u00e4t in Mirtos, im S\u00fcden Kretas, die das ganze Jahr \u00fcber ge\u00f6ffnet sind. Auch f\u00fcr ein \u00dcberwintern!<\/p>\n","protected":false},"author":6,"featured_media":0,"parent":0,"menu_order":0,"comment_status":"closed","ping_status":"closed","template":"","meta":{"footnotes":""},"class_list":["post-1563","page","type-page","status-publish","hentry"],"_links":{"self":[{"href":"https:\/\/staging.villadianthe.com\/de\/wp-json\/wp\/v2\/pages\/1563","targetHints":{"allow":["GET"]}}],"collection":[{"href":"https:\/\/staging.villadianthe.com\/de\/wp-json\/wp\/v2\/pages"}],"about":[{"href":"https:\/\/staging.villadianthe.com\/de\/wp-json\/wp\/v2\/types\/page"}],"author":[{"embeddable":true,"href":"https:\/\/staging.villadianthe.com\/de\/wp-json\/wp\/v2\/users\/6"}],"replies":[{"embeddable":true,"href":"https:\/\/staging.villadianthe.com\/de\/wp-json\/wp\/v2\/comments?post=1563"}],"version-history":[{"count":0,"href":"https:\/\/staging.villadianthe.com\/de\/wp-json\/wp\/v2\/pages\/1563\/revisions"}],"wp:attachment":[{"href":"https:\/\/staging.villadianthe.com\/de\/wp-json\/wp\/v2\/media?parent=1563"}],"curies":[{"name":"wp","href":"https:\/\/api.w.org\/{rel}","templated":true}]}}